{"id":14194,"date":"2025-07-25T15:37:55","date_gmt":"2025-07-25T13:37:55","guid":{"rendered":"https:\/\/www.umanitaria.it\/milano\/?page_id=14194"},"modified":"2026-03-23T12:55:36","modified_gmt":"2026-03-23T11:55:36","slug":"edizione-2024","status":"publish","type":"page","link":"https:\/\/www.umanitaria.it\/milano\/archivio-estate-nei-chiostri\/edizione-2024\/","title":{"rendered":"Edizione 2025"},"content":{"rendered":"\n<div class=\"archivi-edizioni\">\n<p>Dal 12 giugno torna <em>l\u2019Estate nei Chiostri<\/em>, la rassegna estiva della Societ\u00e0 Umanitaria che anima i chiostri rinascimentali della storica istituzione milanese con un ricco programma di incontri, arte, divulgazione scientifica, musica, teatro. La programmazione \u2013 infrasettimanale e a ingresso libero \u2013 si compone di sei cicli tematici, ciascuno dedicato a un ambito specifico, per offrire al pubblico approfondimenti culturali e momenti di intrattenimento.<\/p>\n\n\n\n<p>Per il terzo anno consecutivo, torna \u201c<strong>Tra Mente e Cervello<\/strong>\u201d, il format ideato insieme al neurofisiologo&nbsp;<strong>Flavio Villani<\/strong>, che mette in dialogo luminari delle neuroscienze e protagonisti del pensiero umanistico. Al centro di questa edizione: intelligenza artificiale e identit\u00e0 umana, il legame tra microbiota e salute del cervello, il potere dell\u2019empatia nelle relazioni.<\/p>\n\n\n\n<p>\u201c<strong>Non solo Marco Polo<\/strong>\u201d, ciclo sviluppato con&nbsp;<strong><em>Focus<\/em><\/strong>, conduce il pubblico&nbsp;<em>on the road<\/em>, sulle tracce di grandi viaggiatori della storia e delle loro scoperte: da Erodoto, primo cronista del mondo, alla rivoluzione scientifica di Charles Darwin, fino alla coraggiosa impresa di Nellie Bly, giornalista simbolo dell\u2019emancipazione femminile, che fece il giro del mondo in 72 giorni.<\/p>\n\n\n\n<p>Novit\u00e0 2025 \u00e8 il ciclo \u201c<strong>Immaginare e disegnare a fumetti<\/strong>\u201d<strong>,&nbsp;<\/strong>realizzato con<strong>&nbsp;Sergio Bonelli Editore<\/strong>&nbsp;e curato da&nbsp;<strong>Luca Crovi<\/strong>. Gli incontri sono dedicati ad alcuni personaggi iconici della nona arte \u2013 da&nbsp;<em>Valentina<\/em>&nbsp;a&nbsp;<em>Lupo Alberto<\/em>, da&nbsp;<em>Mister No<\/em>&nbsp;alle graphic novel contemporanee \u2013 attraverso cui si esplorano linguaggi, stili e visioni del fumetto italiano e internazionale. Un mondo di storie raccontate da fumettisti, disegnatori e sceneggiatori, capaci di interpretare la realt\u00e0 con ironia, profondit\u00e0 e immaginazione.<\/p>\n\n\n\n<p>Anche l\u2019arte avr\u00e0 un ruolo centrale, con il ciclo \u201c<strong>Appunti d\u2019arte<\/strong>\u201d, che comprende due mostre realizzate da giovani artisti. Si apre in giugno, con l\u2019esposizione&nbsp;<em>BAUER T.A.Z. \u2013 Zone di Temporanea Attenzione<\/em>, che esplora i confini tra reale e virtuale attraverso una collettiva di progetti visivi, fotografici e filmici sviluppati dagli studenti del C.F.P.&nbsp;<strong>Bauer<\/strong>, invitando il pubblico a riflettere sull\u2019impatto dell\u2019I.A. nel nostro modo di percepire e abitare spazi cognitivi.<\/p>\n\n\n\n<p>A luglio sar\u00e0 inaugurata&nbsp;<em>Cartografia della memoria. Viaggio nell\u2019Archivio della Societ\u00e0 Umanitaria<\/em>, mostra curata dagli studenti di&nbsp;<strong>NABA \u2013 Nuova Accademia di Belle Arti<\/strong>. Il progetto \u00e8 una rilettura artistica dell\u2019<strong>Archivio storico Umanitaria<\/strong>, dove la memoria si fa materia viva, capace di generare nuove visioni. Al centro del lavoro, le esperienze storiche promosse dal nostro Ente per l\u2019emancipazione delle classi lavoratrici: il&nbsp;<strong>Teatro del Popolo<\/strong>, la&nbsp;<strong>Casa degli Emigranti<\/strong>&nbsp;e le&nbsp;<strong>Case dei Bambini<\/strong>&nbsp;secondo il metodo di&nbsp;<strong>Maria<\/strong>&nbsp;<strong>Montessori<\/strong>. Le opere in mostra non si limitano a evocare il passato, ma lo riscrivono, trasformando l\u2019archivio in uno spazio attivo di riflessione, introspezione e consapevolezza.<\/p>\n\n\n\n<p>Le riflessioni sull\u2019arte proseguono, sempre sotto la curatela di&nbsp;<strong>Andrea Tinterri<\/strong>, con una serie di&nbsp;<em>talk<\/em>, che esplorano temi rilevanti e contemporanei nel campo della fotografia, offrendo spunti di riflessione su questo linguaggio artistico.<\/p>\n\n\n\n<p>Come ogni anno, non mancher\u00e0 la&nbsp;<strong>programmazione musicale<\/strong>, che porta nei chiostri dell\u2019Umanitaria tre concerti di jazz, con protagonisti i giovani musicisti del Conservatorio di Musica \u201cGiuseppe Verdi\u201d di Milano.<\/p>\n\n\n\n<p>Infine, il&nbsp;<strong>cartellone teatrale<\/strong>, che propone tre monologhi intensi e contemporanei, capaci di raccontare il presente con sguardo originale e profondo. Tre storie che mettono in scena, con ironia e lucidit\u00e0, il corpo che cambia, il tempo che disorienta, e la condizione umana nella sua vulnerabilit\u00e0. Una donna affronta con leggerezza e coraggio la menopausa e i suoi tab\u00f9; un uomo si mette a nudo in un dialogo sincero e ironico con il pubblico, riflettendo sulla condizione dei \u201cvecchi\u201d giovani di oggi, e infine, una donna stigmatizzata, e invisibile, racconta la propria fame d\u2019amore e di senso, restituendo dignit\u00e0 a un\u2019esistenza segnata da vergogna e giudizio. Tre viaggi intimi e universali, tra disincanto, desiderio e resistenza.<\/p>\n\n\n\n<div class=\"border-top\">\n<p><a href=\"https:\/\/www.umanitaria.it\/milano\/wp-content\/uploads\/sites\/6\/2026\/03\/2025_EstateNeiChiostri_Libretto_web.pdf\" data-type=\"attachment\" data-id=\"14326\" target=\"_blank\" rel=\"noreferrer noopener\">Estate nei Chiostri 2025<\/a><\/p>\n<\/div>\n<\/div>\n\n\n<div class=\"wp-block-image is-style-rounded\">\n<figure class=\"alignright size-full\"><img loading=\"lazy\" decoding=\"async\" width=\"201\" height=\"106\" src=\"https:\/\/www.umanitaria.it\/milano\/wp-content\/uploads\/sites\/6\/2025\/07\/logo_regione_lombardia.jpg\" alt=\"\" class=\"wp-image-14325\" \/><\/figure>\n<\/div>\n\n\n<p><\/p>\n","protected":false},"excerpt":{"rendered":"<p>Dal 12 giugno torna l\u2019Estate nei Chiostri, la rassegna estiva della Societ\u00e0 Umanitaria che anima i chiostri rinascimentali della storica istituzione milanese con un ricco programma di incontri, arte, divulgazione scientifica, musica, teatro. La programmazione \u2013 infrasettimanale e a ingresso libero \u2013 si compone di sei cicli tematici, ciascuno dedicato a un ambito specifico, per &#8230; <a title=\"Edizione 2025\" class=\"read-more\" href=\"https:\/\/www.umanitaria.it\/milano\/archivio-estate-nei-chiostri\/edizione-2024\/\" aria-label=\"Per saperne di pi\u00f9 su Edizione 2025\">Leggi tutto<\/a><\/p>\n","protected":false},"author":1,"featured_media":2054,"parent":14192,"menu_order":2,"comment_status":"closed","ping_status":"closed","template":"","meta":{"_acf_changed":false,"_seopress_robots_primary_cat":"","_seopress_titles_title":"","_seopress_titles_desc":"","_seopress_robots_index":"","inline_featured_image":false,"footnotes":""},"class_list":["post-14194","page","type-page","status-publish","has-post-thumbnail"],"acf":[],"_links":{"self":[{"href":"https:\/\/www.umanitaria.it\/milano\/wp-json\/wp\/v2\/pages\/14194","targetHints":{"allow":["GET"]}}],"collection":[{"href":"https:\/\/www.umanitaria.it\/milano\/wp-json\/wp\/v2\/pages"}],"about":[{"href":"https:\/\/www.umanitaria.it\/milano\/wp-json\/wp\/v2\/types\/page"}],"author":[{"embeddable":true,"href":"https:\/\/www.umanitaria.it\/milano\/wp-json\/wp\/v2\/users\/1"}],"replies":[{"embeddable":true,"href":"https:\/\/www.umanitaria.it\/milano\/wp-json\/wp\/v2\/comments?post=14194"}],"version-history":[{"count":5,"href":"https:\/\/www.umanitaria.it\/milano\/wp-json\/wp\/v2\/pages\/14194\/revisions"}],"predecessor-version":[{"id":17460,"href":"https:\/\/www.umanitaria.it\/milano\/wp-json\/wp\/v2\/pages\/14194\/revisions\/17460"}],"up":[{"embeddable":true,"href":"https:\/\/www.umanitaria.it\/milano\/wp-json\/wp\/v2\/pages\/14192"}],"wp:featuredmedia":[{"embeddable":true,"href":"https:\/\/www.umanitaria.it\/milano\/wp-json\/wp\/v2\/media\/2054"}],"wp:attachment":[{"href":"https:\/\/www.umanitaria.it\/milano\/wp-json\/wp\/v2\/media?parent=14194"}],"curies":[{"name":"wp","href":"https:\/\/api.w.org\/{rel}","templated":true}]}}