{"id":14538,"date":"2025-08-01T16:31:22","date_gmt":"2025-08-01T14:31:22","guid":{"rendered":"https:\/\/www.umanitaria.it\/milano\/?page_id=14538"},"modified":"2026-01-15T12:54:54","modified_gmt":"2026-01-15T11:54:54","slug":"calendario-e-orari","status":"publish","type":"page","link":"https:\/\/www.umanitaria.it\/milano\/liceo-artistico-internazionale\/didattica\/didattica-studenti\/calendario-e-orari\/","title":{"rendered":"Calendario ed Orari"},"content":{"rendered":"\n<div class=\"border-bottom\">\n<h2 class=\"wp-block-heading\"><mark class=\"has-inline-color has-accent-color\">Calendario Scolastico<\/mark><\/h2>\n\n\n\n<p>Il calendario dell\u2019anno scolastico 2025\/2026 \u00e8 in fase di definizione e sar\u00e0 sostituito a breve con la versione ufficiale.<\/p>\n\n\n\n<p><strong>Inizio anno scolastico<\/strong>: luned\u00ec 8 settembre 2025<br><strong>Vacanze di Natale<\/strong>: da luned\u00ec 22 dicembre 2025 a marted\u00ec 6 gennaio 2026<br><strong>Vacanze di Pasqua<\/strong>: da gioved\u00ec 2 aprile 2026 a marted\u00ec 7 aprile 2026<br><strong>Fine anno scolastico<\/strong>: venerd\u00ec 12 giugno 2026<\/p>\n\n\n\n<div class=\"wp-block-file\"><a id=\"wp-block-file--media-f39158b9-f9bf-42be-ad31-5b419fe26dbc\" href=\"https:\/\/www.umanitaria.it\/milano\/wp-content\/uploads\/sites\/6\/2025\/10\/Calendario_Liceo_Umanitaria_202526.pdf\" target=\"_blank\" rel=\"noreferrer noopener\">Calendario scolastico<\/a><\/div>\n<\/div>\n\n\n\n<div>\n<h2 class=\"wp-block-heading\"><mark class=\"has-inline-color has-accent-color\">Orario delle Lezioni<\/mark><\/h2>\n\n\n\n<p>L&#8217;orario delle lezioni per l\u2019anno scolastico 2025\/2026 \u00e8 in fase di definizione.<br><br><strong>Apertura scuola<\/strong>: ore 07:30<br><strong>Inizio lezioni<\/strong>: ore 08:05<br><strong>Primo <\/strong>i<strong>ntervallo<\/strong>: ore 09:55 &#8211; 10:05 <br><strong>Secondo <\/strong>i<strong>ntervallo<\/strong>: ore 11:55 &#8211; 12:05 <br><strong>Fine lezioni<\/strong>: ore 13:55<\/p>\n\n\n\n<div class=\"wp-block-columns is-layout-flex wp-container-core-columns-is-layout-9d6595d7 wp-block-columns-is-layout-flex\">\n<div class=\"wp-block-column is-layout-flow wp-block-column-is-layout-flow\">\n<div class=\"wp-block-file\"><a id=\"wp-block-file--media-adcacf71-fa32-4732-9b48-c9245c325927\" href=\"https:\/\/www.umanitaria.it\/milano\/wp-content\/uploads\/sites\/6\/2026\/01\/ORARIO-DEFINITIVO-1A-AS2526.pdf\" target=\"_blank\" rel=\"noreferrer noopener\">ORARIO DEFINITIVO &#8211; 1A<\/a><\/div>\n<\/div>\n\n\n\n<div class=\"wp-block-column is-layout-flow wp-block-column-is-layout-flow\">\n<div class=\"wp-block-file\"><a id=\"wp-block-file--media-6356ad23-f9df-4640-896d-4dbaaf4fa9f4\" href=\"https:\/\/www.umanitaria.it\/milano\/wp-content\/uploads\/sites\/6\/2026\/01\/ORARIO-DEFINITIVO-1B-AS2526.pdf\" target=\"_blank\" rel=\"noreferrer noopener\">ORARIO DEFINITIVO &#8211; 1B <\/a><\/div>\n<\/div>\n\n\n\n<div class=\"wp-block-column is-layout-flow wp-block-column-is-layout-flow\">\n<div class=\"wp-block-file\"><a id=\"wp-block-file--media-69798225-a5b2-4044-9c69-0c83143fa00c\" href=\"https:\/\/www.umanitaria.it\/milano\/wp-content\/uploads\/sites\/6\/2026\/01\/ORARIO-DEFINITIVO-2A-AS2526.pdf\" target=\"_blank\" rel=\"noreferrer noopener\">ORARIO DEFINITIVO &#8211; 2A <\/a><\/div>\n<\/div>\n\n\n\n<div class=\"wp-block-column is-layout-flow wp-block-column-is-layout-flow\">\n<div class=\"wp-block-file\"><a id=\"wp-block-file--media-e55184cc-13c4-495d-b76f-738da601111b\" href=\"https:\/\/www.umanitaria.it\/milano\/wp-content\/uploads\/sites\/6\/2026\/01\/ORARIO-DEFINITIVO-2B-AS2526.pdf\" target=\"_blank\" rel=\"noreferrer noopener\">ORARIO DEFINITIVO &#8211; 2B<\/a><\/div>\n<\/div>\n<\/div>\n<\/div>\n\n\n\n<p><\/p>\n","protected":false},"excerpt":{"rendered":"<p>Calendario Scolastico Il calendario dell\u2019anno scolastico 2025\/2026 \u00e8 in fase di definizione e sar\u00e0 sostituito a breve con la versione ufficiale. Inizio anno scolastico: luned\u00ec 8 settembre 2025Vacanze di Natale: da luned\u00ec 22 dicembre 2025 a marted\u00ec 6 gennaio 2026Vacanze di Pasqua: da gioved\u00ec 2 aprile 2026 a marted\u00ec 7 aprile 2026Fine anno scolastico: venerd\u00ec &#8230; <a title=\"Calendario ed Orari\" class=\"read-more\" href=\"https:\/\/www.umanitaria.it\/milano\/liceo-artistico-internazionale\/didattica\/didattica-studenti\/calendario-e-orari\/\" aria-label=\"Per saperne di pi\u00f9 su Calendario ed Orari\">Leggi tutto<\/a><\/p>\n","protected":false},"author":1,"featured_media":15289,"parent":2210,"menu_order":10,"comment_status":"closed","ping_status":"closed","template":"","meta":{"_acf_changed":false,"_seopress_robots_primary_cat":"","_seopress_titles_title":"","_seopress_titles_desc":"","_seopress_robots_index":"","inline_featured_image":false,"footnotes":""},"class_list":["post-14538","page","type-page","status-publish","has-post-thumbnail"],"acf":[],"_links":{"self":[{"href":"https:\/\/www.umanitaria.it\/milano\/wp-json\/wp\/v2\/pages\/14538","targetHints":{"allow":["GET"]}}],"collection":[{"href":"https:\/\/www.umanitaria.it\/milano\/wp-json\/wp\/v2\/pages"}],"about":[{"href":"https:\/\/www.umanitaria.it\/milano\/wp-json\/wp\/v2\/types\/page"}],"author":[{"embeddable":true,"href":"https:\/\/www.umanitaria.it\/milano\/wp-json\/wp\/v2\/users\/1"}],"replies":[{"embeddable":true,"href":"https:\/\/www.umanitaria.it\/milano\/wp-json\/wp\/v2\/comments?post=14538"}],"version-history":[{"count":19,"href":"https:\/\/www.umanitaria.it\/milano\/wp-json\/wp\/v2\/pages\/14538\/revisions"}],"predecessor-version":[{"id":17138,"href":"https:\/\/www.umanitaria.it\/milano\/wp-json\/wp\/v2\/pages\/14538\/revisions\/17138"}],"up":[{"embeddable":true,"href":"https:\/\/www.umanitaria.it\/milano\/wp-json\/wp\/v2\/pages\/2210"}],"wp:featuredmedia":[{"embeddable":true,"href":"https:\/\/www.umanitaria.it\/milano\/wp-json\/wp\/v2\/media\/15289"}],"wp:attachment":[{"href":"https:\/\/www.umanitaria.it\/milano\/wp-json\/wp\/v2\/media?parent=14538"}],"curies":[{"name":"wp","href":"https:\/\/api.w.org\/{rel}","templated":true}]}}