{"id":14680,"date":"2025-08-19T12:01:45","date_gmt":"2025-08-19T10:01:45","guid":{"rendered":"https:\/\/www.umanitaria.it\/milano\/?page_id=14680"},"modified":"2026-04-16T14:47:06","modified_gmt":"2026-04-16T12:47:06","slug":"lotta-dipsersione-scolastica","status":"publish","type":"page","link":"https:\/\/www.umanitaria.it\/milano\/lotta-dipsersione-scolastica\/","title":{"rendered":"Lotta alla dispersione scolastica"},"content":{"rendered":"\n<p class=\"has-accent-color has-text-color has-link-color wp-elements-2bb59a0b88421708478b3647a2693995\"><strong>Obiettivi<\/strong><\/p>\n\n\n\n<p>Contrastare il fenomeno della dispersione scolastica attraverso laboratori e attivit\u00e0 di gruppo che consentano lo sviluppo di abilit\u00e0 personali, autostima e senso di appartenenza<\/p>\n\n\n\n<p class=\"has-accent-color has-text-color has-link-color wp-elements-724f9fd3f29f0e30fc70628c89e6c78e\"><strong>Descrizione<\/strong><\/p>\n\n\n\n<p>La proposta ha l\u2019obiettivo di prevenire l\u2019abbandono scolastico ed il conseguente rischio dei ragazzi di entrare in circoli caratterizzati da devianza sociale. A seguito di una valutazione del servizio sociale, i ragazzi verranno coinvolti in percorsi di gruppo con l\u2019obiettivo di accrescere l\u2019autoconoscenza ed il seno di appartenenza.<br>Verranno proposte visite ad alcuni Musei che propongono esposizioni e laboratori interattivi e che favoriscono la scelta di percorsi liberi e indipendenti: saranno organizzate 4 uscite di gruppo di ragazzi seguiti dal Servizio Minori.<br>A tale proposta si affianca l\u2019organizzazione di laboratori strutturati con l\u2019obiettivo, attraverso l\u2019utilizzo della dimensione espressiva, di favorire il percorso di individuazione della persona. In particolare, nei percorsi brevi, come quello proposto da questo progetto, l\u2019obiettivo \u00e8 orientato al benessere psico-fisico e all\u2019auto-espressivit\u00e0: il lavoro \u00e8 infatti finalizzato alla conoscenza di s\u00e9 attraverso le immagini, e la dimensione del gruppo funge da contesto socializzante e da ambiente contenitore nel quale sperimentare un percorso di maggior conoscenza di s\u00e9 e delle proprie skills. Si prevedono n. 10 incontri con cadenza quindicinale.<\/p>\n\n\n\n<p class=\"has-accent-color has-text-color has-link-color wp-elements-cb3866fc24249c5ed80017e7f9763eb4\"><strong>Strategia o strumenti di ingaggio e di diffusione<\/strong><\/p>\n\n\n\n<p>Identificazione dei soggetti da coinvolgere attraverso la valutazione dell\u2019equipe multiprofessionale del Servizio Minori del Comune di Bussero. Organizzazione di uscite culturali e laboratori espressivi studiati di volta in volta a seconda delle caratteristiche dell\u2019utenza e delle finalit\u00e0 che si vogliono raggiungere.<\/p>\n\n\n\n<p class=\"has-accent-color has-text-color has-link-color wp-elements-9645200e1b6e2d3ad4976a889d15f111\"><strong>Output<\/strong><\/p>\n\n\n\n<p>Organizzazione di laboratori e occasioni culturali e di conoscenza.<\/p>\n\n\n\n<p class=\"has-accent-color has-text-color has-link-color wp-elements-79c587818536f3958c1b28ac90ca64bd\"><strong>Risultati attesi e indicatori quali\/quantitativi<\/strong><\/p>\n\n\n\n<p>Contrastare il fenomeno dell\u2019abbandono scolastico dei ragazzi seguito dal servizio sociale. Verranno valutati il numero di laboratori e di eventi culturali organizzati oltre al numero di soggetti coinvolti. Il servizio sociale monitorer\u00e0 l\u2019evoluzione del rischio di abbandono scolastico attraverso incontri coi ragazzi ed i loro familiari.<\/p>\n","protected":false},"excerpt":{"rendered":"<p>Obiettivi Contrastare il fenomeno della dispersione scolastica attraverso laboratori e attivit\u00e0 di gruppo che consentano lo sviluppo di abilit\u00e0 personali, autostima e senso di appartenenza Descrizione La proposta ha l\u2019obiettivo di prevenire l\u2019abbandono scolastico ed il conseguente rischio dei ragazzi di entrare in circoli caratterizzati da devianza sociale. A seguito di una valutazione del servizio &#8230; <a title=\"Lotta alla dispersione scolastica\" class=\"read-more\" href=\"https:\/\/www.umanitaria.it\/milano\/lotta-dipsersione-scolastica\/\" aria-label=\"Per saperne di pi\u00f9 su Lotta alla dispersione scolastica\">Leggi tutto<\/a><\/p>\n","protected":false},"author":5,"featured_media":0,"parent":0,"menu_order":16,"comment_status":"closed","ping_status":"closed","template":"","meta":{"_acf_changed":false,"_seopress_robots_primary_cat":"","_seopress_titles_title":"","_seopress_titles_desc":"","_seopress_robots_index":"","inline_featured_image":false,"footnotes":""},"class_list":["post-14680","page","type-page","status-publish"],"acf":[],"_links":{"self":[{"href":"https:\/\/www.umanitaria.it\/milano\/wp-json\/wp\/v2\/pages\/14680","targetHints":{"allow":["GET"]}}],"collection":[{"href":"https:\/\/www.umanitaria.it\/milano\/wp-json\/wp\/v2\/pages"}],"about":[{"href":"https:\/\/www.umanitaria.it\/milano\/wp-json\/wp\/v2\/types\/page"}],"author":[{"embeddable":true,"href":"https:\/\/www.umanitaria.it\/milano\/wp-json\/wp\/v2\/users\/5"}],"replies":[{"embeddable":true,"href":"https:\/\/www.umanitaria.it\/milano\/wp-json\/wp\/v2\/comments?post=14680"}],"version-history":[{"count":7,"href":"https:\/\/www.umanitaria.it\/milano\/wp-json\/wp\/v2\/pages\/14680\/revisions"}],"predecessor-version":[{"id":14844,"href":"https:\/\/www.umanitaria.it\/milano\/wp-json\/wp\/v2\/pages\/14680\/revisions\/14844"}],"wp:attachment":[{"href":"https:\/\/www.umanitaria.it\/milano\/wp-json\/wp\/v2\/media?parent=14680"}],"curies":[{"name":"wp","href":"https:\/\/api.w.org\/{rel}","templated":true}]}}