{"id":14697,"date":"2025-08-19T12:16:34","date_gmt":"2025-08-19T10:16:34","guid":{"rendered":"https:\/\/www.umanitaria.it\/milano\/?page_id=14697"},"modified":"2026-04-16T14:47:06","modified_gmt":"2026-04-16T12:47:06","slug":"borse-studio-leonardo","status":"publish","type":"page","link":"https:\/\/www.umanitaria.it\/milano\/borse-studio-leonardo\/","title":{"rendered":"Borse di studio"},"content":{"rendered":"\n<p class=\"has-accent-color has-text-color has-link-color wp-elements-5f1a55af7d996fd4e48d99b674a549cc\"><strong>Obiettivo<\/strong><\/p>\n\n\n\n<p>La promozione di misure di inclusione sociale e di contrasto alla povert\u00e0 educativa e relazionale.<\/p>\n\n\n\n<p class=\"has-accent-color has-text-color has-link-color wp-elements-529b602b843d549af2278b0b216f1a27\"><strong>Descrizione Azione<\/strong><\/p>\n\n\n\n<p>La Societ\u00e0 Umanitaria eroga a studenti italiani e internazionali iscritti, meritevoli e in difficolt\u00e0 economica 10 borse di studio.<br>Le borse di studio sono destinate agli studenti in possesso dei requisiti di merito, di reddito e di regolarit\u00e0 didattica previsti dalla normativa vigente e specificati nel bando.<\/p>\n\n\n\n<p class=\"has-accent-color has-text-color has-link-color wp-elements-9645200e1b6e2d3ad4976a889d15f111\"><strong>Output<\/strong><\/p>\n\n\n\n<p>10 borse di studio universitarie.<\/p>\n\n\n\n<p class=\"has-accent-color has-text-color has-link-color wp-elements-79c587818536f3958c1b28ac90ca64bd\"><strong>Risultati attesi e indicatori quali\/quantitativi<\/strong><\/p>\n\n\n\n<p>L\u2019assegnazione dei benefici connessi al diritto allo studio prevede anche l\u2019erogazione dell\u2019integrazione della borsa per la partecipazione a programmi di mobilit\u00e0 internazionale, dell\u2019integrazione della borsa per gli studenti laureati (Premio di Laurea).<\/p>\n","protected":false},"excerpt":{"rendered":"<p>Obiettivo La promozione di misure di inclusione sociale e di contrasto alla povert\u00e0 educativa e relazionale. Descrizione Azione La Societ\u00e0 Umanitaria eroga a studenti italiani e internazionali iscritti, meritevoli e in difficolt\u00e0 economica 10 borse di studio.Le borse di studio sono destinate agli studenti in possesso dei requisiti di merito, di reddito e di regolarit\u00e0 &#8230; <a title=\"Borse di studio\" class=\"read-more\" href=\"https:\/\/www.umanitaria.it\/milano\/borse-studio-leonardo\/\" aria-label=\"Per saperne di pi\u00f9 su Borse di studio\">Leggi tutto<\/a><\/p>\n","protected":false},"author":5,"featured_media":0,"parent":0,"menu_order":5,"comment_status":"closed","ping_status":"closed","template":"","meta":{"_acf_changed":false,"_seopress_robots_primary_cat":"","_seopress_titles_title":"","_seopress_titles_desc":"","_seopress_robots_index":"","inline_featured_image":false,"footnotes":""},"class_list":["post-14697","page","type-page","status-publish"],"acf":[],"_links":{"self":[{"href":"https:\/\/www.umanitaria.it\/milano\/wp-json\/wp\/v2\/pages\/14697","targetHints":{"allow":["GET"]}}],"collection":[{"href":"https:\/\/www.umanitaria.it\/milano\/wp-json\/wp\/v2\/pages"}],"about":[{"href":"https:\/\/www.umanitaria.it\/milano\/wp-json\/wp\/v2\/types\/page"}],"author":[{"embeddable":true,"href":"https:\/\/www.umanitaria.it\/milano\/wp-json\/wp\/v2\/users\/5"}],"replies":[{"embeddable":true,"href":"https:\/\/www.umanitaria.it\/milano\/wp-json\/wp\/v2\/comments?post=14697"}],"version-history":[{"count":3,"href":"https:\/\/www.umanitaria.it\/milano\/wp-json\/wp\/v2\/pages\/14697\/revisions"}],"predecessor-version":[{"id":14849,"href":"https:\/\/www.umanitaria.it\/milano\/wp-json\/wp\/v2\/pages\/14697\/revisions\/14849"}],"wp:attachment":[{"href":"https:\/\/www.umanitaria.it\/milano\/wp-json\/wp\/v2\/media?parent=14697"}],"curies":[{"name":"wp","href":"https:\/\/api.w.org\/{rel}","templated":true}]}}