{"id":14702,"date":"2025-08-19T12:19:41","date_gmt":"2025-08-19T10:19:41","guid":{"rendered":"https:\/\/www.umanitaria.it\/milano\/?page_id=14702"},"modified":"2026-04-16T14:47:06","modified_gmt":"2026-04-16T12:47:06","slug":"festival-letterario-leonardo","status":"publish","type":"page","link":"https:\/\/www.umanitaria.it\/milano\/festival-letterario-leonardo\/","title":{"rendered":"Festival letterario del territorio"},"content":{"rendered":"\n<p class=\"has-accent-color has-text-color has-link-color wp-elements-9492197381dae4cec657a0697e019998\"><strong>Obiettivi <\/strong><\/p>\n\n\n\n<ul class=\"wp-block-list\">\n<li>L\u2019implementazione di servizi e opportunit\u00e0 per i giovani nei loro territori e nelle loro comunit\u00e0 locali<\/li>\n\n\n\n<li>La promozione di misure di inclusione sociale e di contrasto alla povert\u00e0 educativa e relazionale<\/li>\n\n\n\n<li>La promozione di misure per il benessere psico-fisico e la prevenzione del disagio psicologico dei giovani<\/li>\n<\/ul>\n\n\n\n<p class=\"has-accent-color has-text-color has-link-color wp-elements-529b602b843d549af2278b0b216f1a27\"><strong>Descrizione Azione<\/strong><\/p>\n\n\n\n<p>Si vuole organizzare il primo festival letterario del territorio interamente dedicato ai giovani. Il sistema bibliotecario \u00e8 composto da 57 comuni soci e coordina i servizi di pubblica lettura di 60 biblioteche del territorio. Attraverso il coinvolgimento delle biblioteche si proporranno delle azioni per il miglior coinvolgimento dei giovani all&#8217;utilizzo delle strutture presenti sul territorio; ad esempio il concorso letterario potr\u00e0 prevedere l&#8217;utilizzo delle sedi per la ricerca, la consultazione e la scrittura dei racconti. Il concorso prevede la proposta di alcune sezioni: narrativa, narrativa per giovani, poesia. \u00c8 previsto inoltre il coinvolgimento degli oltre 20 gruppi di lettura presenti sul territorio con pi\u00f9 di 150 appassionati lettori che verranno coinvolti nelle attivit\u00e0 di lettura, selezione e giudizio delle opere, che verranno premiate con dei premi riguardanti attivit\u00e0 di scrittura e lettura.<\/p>\n\n\n\n<p class=\"has-accent-color has-text-color has-link-color wp-elements-9645200e1b6e2d3ad4976a889d15f111\"><strong>Output<\/strong><\/p>\n\n\n\n<p>2 corsi per 30 giovani \u2013 il concorso di scrittura.<br>La manifestazione culminer\u00e0 durante la <em>Civil Week del 2024<\/em>, la manifestazione dedicata all\u2019impegno civico e organizzate con l\u2019obiettivo di rimettere le persone al centro e diffondere la cultura della solidariet\u00e0.<\/p>\n\n\n\n<p class=\"has-accent-color has-text-color has-link-color wp-elements-79c587818536f3958c1b28ac90ca64bd\"><strong>Risultati attesi e indicatori quali\/quantitativi<\/strong><\/p>\n\n\n\n<p>Favorire il coinvolgimento del maggior numero di giovani nelle attivit\u00e0 del territorio, soprattutto delle biblioteche, facendoli sentire realmente parte attiva di un processo di miglioramento delle comunit\u00e0 in cui vivono, attraverso attivit\u00e0 di vario tipo tra cui la scrittura.<\/p>\n","protected":false},"excerpt":{"rendered":"<p>Obiettivi Descrizione Azione Si vuole organizzare il primo festival letterario del territorio interamente dedicato ai giovani. Il sistema bibliotecario \u00e8 composto da 57 comuni soci e coordina i servizi di pubblica lettura di 60 biblioteche del territorio. Attraverso il coinvolgimento delle biblioteche si proporranno delle azioni per il miglior coinvolgimento dei giovani all&#8217;utilizzo delle strutture &#8230; <a title=\"Festival letterario del territorio\" class=\"read-more\" href=\"https:\/\/www.umanitaria.it\/milano\/festival-letterario-leonardo\/\" aria-label=\"Per saperne di pi\u00f9 su Festival letterario del territorio\">Leggi tutto<\/a><\/p>\n","protected":false},"author":5,"featured_media":0,"parent":0,"menu_order":13,"comment_status":"closed","ping_status":"closed","template":"","meta":{"_acf_changed":false,"_seopress_robots_primary_cat":"","_seopress_titles_title":"","_seopress_titles_desc":"","_seopress_robots_index":"","inline_featured_image":false,"footnotes":""},"class_list":["post-14702","page","type-page","status-publish"],"acf":[],"_links":{"self":[{"href":"https:\/\/www.umanitaria.it\/milano\/wp-json\/wp\/v2\/pages\/14702","targetHints":{"allow":["GET"]}}],"collection":[{"href":"https:\/\/www.umanitaria.it\/milano\/wp-json\/wp\/v2\/pages"}],"about":[{"href":"https:\/\/www.umanitaria.it\/milano\/wp-json\/wp\/v2\/types\/page"}],"author":[{"embeddable":true,"href":"https:\/\/www.umanitaria.it\/milano\/wp-json\/wp\/v2\/users\/5"}],"replies":[{"embeddable":true,"href":"https:\/\/www.umanitaria.it\/milano\/wp-json\/wp\/v2\/comments?post=14702"}],"version-history":[{"count":8,"href":"https:\/\/www.umanitaria.it\/milano\/wp-json\/wp\/v2\/pages\/14702\/revisions"}],"predecessor-version":[{"id":14863,"href":"https:\/\/www.umanitaria.it\/milano\/wp-json\/wp\/v2\/pages\/14702\/revisions\/14863"}],"wp:attachment":[{"href":"https:\/\/www.umanitaria.it\/milano\/wp-json\/wp\/v2\/media?parent=14702"}],"curies":[{"name":"wp","href":"https:\/\/api.w.org\/{rel}","templated":true}]}}