{"id":14706,"date":"2025-08-19T12:26:23","date_gmt":"2025-08-19T10:26:23","guid":{"rendered":"https:\/\/www.umanitaria.it\/milano\/?page_id=14706"},"modified":"2026-04-16T14:47:06","modified_gmt":"2026-04-16T12:47:06","slug":"start-up-leonardo","status":"publish","type":"page","link":"https:\/\/www.umanitaria.it\/milano\/start-up-leonardo\/","title":{"rendered":"St-art up!"},"content":{"rendered":"\n<p class=\"has-accent-color has-text-color has-link-color wp-elements-2bb59a0b88421708478b3647a2693995\"><strong>Obiettivi<\/strong><\/p>\n\n\n\n<ul class=\"wp-block-list\">\n<li>promozione del protagonismo e della partecipazione attiva dei giovani<\/li>\n\n\n\n<li>promozione dell\u2019educazione finanziaria ed il sostegno all\u2019imprenditorialit\u00e0 giovanile<\/li>\n\n\n\n<li>promozione della creativit\u00e0 ed in generale delle opportunit\u00e0 per i giovani in ambito culturale ed artistico<\/li>\n<\/ul>\n\n\n\n<p class=\"has-accent-color has-text-color has-link-color wp-elements-529b602b843d549af2278b0b216f1a27\"><strong>Descrizione Azione<\/strong><\/p>\n\n\n\n<p>Supportare la formazione di giovani neoimprenditori in ambito creativo culturale. Questa attivit\u00e0 verr\u00e0 fatta con le seguenti azioni:<\/p>\n\n\n\n<ul class=\"wp-block-list\">\n<li>Agevolare l\u2019attivazione di stage professionalizzanti<\/li>\n\n\n\n<li>Validare ed affinare le idee e fornire il supporto per la fase di mentoring<\/li>\n\n\n\n<li>Formazione e consulenza sulle attivit\u00e0 di business per le start up<\/li>\n\n\n\n<li>Supporto all\u2019avvio della startup<\/li>\n\n\n\n<li>Creazione di connessioni tramite incubatori nazionali ed europei<\/li>\n\n\n\n<li>Organizzazione e coordinamento degli stage in aziende e istituzioni<\/li>\n\n\n\n<li>Matching tra startup e mentor<\/li>\n<\/ul>\n\n\n\n<p class=\"has-accent-color has-text-color has-link-color wp-elements-3bcf97d8260b61ac839e9cade7b936b9\"><strong>Comunicazione delle attivit\u00e0<\/strong><\/p>\n\n\n\n<p>Il format prevede la selezione dei partecipanti sulla base del merito e delle competenze necessarie, affiancati da tutor provenienti dalla community della Societ\u00e0 Umanitaria e docenti esterni.<\/p>\n\n\n\n<p class=\"has-accent-color has-text-color has-link-color wp-elements-79c587818536f3958c1b28ac90ca64bd\"><strong>Risultati attesi e indicatori quali\/quantitativi<\/strong><\/p>\n\n\n\n<p>Avvio per apertura di start up.<br><br><strong>Eventuali altri soggetti coinvolti nell\u2019attivit\u00e0 <\/strong>Icom, Direzione Musei Lombardia, Fondazione Cariplo, coinvolgendo grandi stakeholders che operano in diversi ambiti della formazione, lavoro, cultura e creativit\u00e0, tra cui:<\/p>\n\n\n\n<ul class=\"wp-block-list\">\n<li>Off Fringe Festival<\/li>\n\n\n\n<li>Federculture<\/li>\n\n\n\n<li>Symbola<\/li>\n\n\n\n<li>Cna Lombardia<\/li>\n\n\n\n<li>Confartigianato Lombardia<\/li>\n\n\n\n<li>Museo City<\/li>\n\n\n\n<li>Young Women Network (pari ppportunit\u00e0)<\/li>\n\n\n\n<li>Ice Italian Trade Agency (internazionalizzazione)<\/li>\n<\/ul>\n\n\n\n<p>Le aziende che collaborano ai progetti sono moltissime, tra le altre: <\/p>\n\n\n\n<ul class=\"wp-block-list\">\n<li>Alcantara<\/li>\n\n\n\n<li>Vf<\/li>\n\n\n\n<li>Creattiva Srl<\/li>\n\n\n\n<li>White<\/li>\n\n\n\n<li>Seventy Group<\/li>\n\n\n\n<li>Bepart Soc. Cooperativa<\/li>\n\n\n\n<li>Iso Srl<\/li>\n\n\n\n<li>Achille Pinto Spa<\/li>\n\n\n\n<li>Garbagelab Srl<\/li>\n\n\n\n<li>T12 Lab<\/li>\n\n\n\n<li>Partitalia<\/li>\n\n\n\n<li>Le Officine<\/li>\n\n\n\n<li>Well_Tech<\/li>\n\n\n\n<li>The Interior Design<\/li>\n\n\n\n<li>Alba Sas<\/li>\n\n\n\n<li>Else Corp<\/li>\n\n\n\n<li>Europa Sas<\/li>\n\n\n\n<li>Studio Base Srl<\/li>\n\n\n\n<li>Consulter Srl<\/li>\n\n\n\n<li>No Agency<\/li>\n\n\n\n<li>Vision Production Agency<\/li>\n\n\n\n<li>Iai \u2013 Apdf Asia Pacific Designers Federation<\/li>\n\n\n\n<li>Meet Digital Agency<\/li>\n<\/ul>\n\n\n\n<p><\/p>\n","protected":false},"excerpt":{"rendered":"<p>Obiettivi Descrizione Azione Supportare la formazione di giovani neoimprenditori in ambito creativo culturale. Questa attivit\u00e0 verr\u00e0 fatta con le seguenti azioni: Comunicazione delle attivit\u00e0 Il format prevede la selezione dei partecipanti sulla base del merito e delle competenze necessarie, affiancati da tutor provenienti dalla community della Societ\u00e0 Umanitaria e docenti esterni. Risultati attesi e indicatori &#8230; <a title=\"St-art up!\" class=\"read-more\" href=\"https:\/\/www.umanitaria.it\/milano\/start-up-leonardo\/\" aria-label=\"Per saperne di pi\u00f9 su St-art up!\">Leggi tutto<\/a><\/p>\n","protected":false},"author":5,"featured_media":0,"parent":0,"menu_order":19,"comment_status":"closed","ping_status":"closed","template":"","meta":{"_acf_changed":false,"_seopress_robots_primary_cat":"","_seopress_titles_title":"","_seopress_titles_desc":"","_seopress_robots_index":"","inline_featured_image":false,"footnotes":""},"class_list":["post-14706","page","type-page","status-publish"],"acf":[],"_links":{"self":[{"href":"https:\/\/www.umanitaria.it\/milano\/wp-json\/wp\/v2\/pages\/14706","targetHints":{"allow":["GET"]}}],"collection":[{"href":"https:\/\/www.umanitaria.it\/milano\/wp-json\/wp\/v2\/pages"}],"about":[{"href":"https:\/\/www.umanitaria.it\/milano\/wp-json\/wp\/v2\/types\/page"}],"author":[{"embeddable":true,"href":"https:\/\/www.umanitaria.it\/milano\/wp-json\/wp\/v2\/users\/5"}],"replies":[{"embeddable":true,"href":"https:\/\/www.umanitaria.it\/milano\/wp-json\/wp\/v2\/comments?post=14706"}],"version-history":[{"count":9,"href":"https:\/\/www.umanitaria.it\/milano\/wp-json\/wp\/v2\/pages\/14706\/revisions"}],"predecessor-version":[{"id":14872,"href":"https:\/\/www.umanitaria.it\/milano\/wp-json\/wp\/v2\/pages\/14706\/revisions\/14872"}],"wp:attachment":[{"href":"https:\/\/www.umanitaria.it\/milano\/wp-json\/wp\/v2\/media?parent=14706"}],"curies":[{"name":"wp","href":"https:\/\/api.w.org\/{rel}","templated":true}]}}