{"id":14709,"date":"2025-08-19T12:29:05","date_gmt":"2025-08-19T10:29:05","guid":{"rendered":"https:\/\/www.umanitaria.it\/milano\/?page_id=14709"},"modified":"2026-04-16T14:47:06","modified_gmt":"2026-04-16T12:47:06","slug":"esecuzione-concerto-leonardo","status":"publish","type":"page","link":"https:\/\/www.umanitaria.it\/milano\/esecuzione-concerto-leonardo\/","title":{"rendered":"Concorso di esecuzione musicale"},"content":{"rendered":"\n<p class=\"has-accent-color has-text-color has-link-color wp-elements-2bb59a0b88421708478b3647a2693995\"><strong>Obiettivi<\/strong><\/p>\n\n\n\n<ul class=\"wp-block-list\">\n<li>la promozione del protagonismo e della partecipazione attiva dei giovani<\/li>\n\n\n\n<li>l\u2019implementazione di servizi e opportunit\u00e0 per i giovani nei loro territori e nelle loro comunit\u00e0 locali<\/li>\n\n\n\n<li>la promozione di misure rivolte all\u2019ingaggio dei NEET, ed in generale le azioni per favorire le opportunit\u00e0 di crescita professionale per i giovani<\/li>\n\n\n\n<li>la promozione della creativit\u00e0 ed in generale delle opportunit\u00e0 per i giovani in ambito culturale ed artistico<\/li>\n<\/ul>\n\n\n\n<p class=\"has-accent-color has-text-color has-link-color wp-elements-529b602b843d549af2278b0b216f1a27\"><strong>Descrizione Azione<\/strong><\/p>\n\n\n\n<p>Con il bando, pur mantenendo una forte predisposizione verso l\u2019educazione musicale dei giovani, si vuole offrire un concreto sostegno ai giovani talenti musicali lombardi con il Concorso di esecuzione musicale, coinvolgendo il Conservatorio e gli Istituti Musicali Pareggiati lombardi.<\/p>\n\n\n\n<p class=\"has-accent-color has-text-color has-link-color wp-elements-79c587818536f3958c1b28ac90ca64bd\"><strong>Risultati attesi e indicatori quali\/quantitativi<\/strong><\/p>\n\n\n\n<p>L\u2019attivit\u00e0 della Societ\u00e0 Umanitaria non si limiter\u00e0 a riconoscere ai vincitori un premio in denaro, ma proseguir\u00e0 con l\u2019incentivazione della carriera artistica dei musicisti, dando loro l\u2019opportunit\u00e0 di incidere i brani portati al concorso e di partecipare a qualificate manifestazioni concertistiche nazionali ed internazionali.<\/p>\n\n\n\n<p class=\"has-accent-color has-text-color has-link-color wp-elements-296835415946a9aaadb6b33af5004f27\"><strong>Eventuali altri partner coinvolti nell\u2019attivit\u00e0<\/strong><\/p>\n\n\n\n<p>Il Conservatorio e gli Istituti Musicali Pareggiati lombardi.<\/p>\n","protected":false},"excerpt":{"rendered":"<p>Obiettivi Descrizione Azione Con il bando, pur mantenendo una forte predisposizione verso l\u2019educazione musicale dei giovani, si vuole offrire un concreto sostegno ai giovani talenti musicali lombardi con il Concorso di esecuzione musicale, coinvolgendo il Conservatorio e gli Istituti Musicali Pareggiati lombardi. Risultati attesi e indicatori quali\/quantitativi L\u2019attivit\u00e0 della Societ\u00e0 Umanitaria non si limiter\u00e0 a &#8230; <a title=\"Concorso di esecuzione musicale\" class=\"read-more\" href=\"https:\/\/www.umanitaria.it\/milano\/esecuzione-concerto-leonardo\/\" aria-label=\"Per saperne di pi\u00f9 su Concorso di esecuzione musicale\">Leggi tutto<\/a><\/p>\n","protected":false},"author":5,"featured_media":0,"parent":0,"menu_order":7,"comment_status":"closed","ping_status":"closed","template":"","meta":{"_acf_changed":false,"_seopress_robots_primary_cat":"","_seopress_titles_title":"","_seopress_titles_desc":"","_seopress_robots_index":"","inline_featured_image":false,"footnotes":""},"class_list":["post-14709","page","type-page","status-publish"],"acf":[],"_links":{"self":[{"href":"https:\/\/www.umanitaria.it\/milano\/wp-json\/wp\/v2\/pages\/14709","targetHints":{"allow":["GET"]}}],"collection":[{"href":"https:\/\/www.umanitaria.it\/milano\/wp-json\/wp\/v2\/pages"}],"about":[{"href":"https:\/\/www.umanitaria.it\/milano\/wp-json\/wp\/v2\/types\/page"}],"author":[{"embeddable":true,"href":"https:\/\/www.umanitaria.it\/milano\/wp-json\/wp\/v2\/users\/5"}],"replies":[{"embeddable":true,"href":"https:\/\/www.umanitaria.it\/milano\/wp-json\/wp\/v2\/comments?post=14709"}],"version-history":[{"count":4,"href":"https:\/\/www.umanitaria.it\/milano\/wp-json\/wp\/v2\/pages\/14709\/revisions"}],"predecessor-version":[{"id":14871,"href":"https:\/\/www.umanitaria.it\/milano\/wp-json\/wp\/v2\/pages\/14709\/revisions\/14871"}],"wp:attachment":[{"href":"https:\/\/www.umanitaria.it\/milano\/wp-json\/wp\/v2\/media?parent=14709"}],"curies":[{"name":"wp","href":"https:\/\/api.w.org\/{rel}","templated":true}]}}