{"id":14997,"date":"2025-08-22T10:34:26","date_gmt":"2025-08-22T08:34:26","guid":{"rendered":"https:\/\/www.umanitaria.it\/milano\/?page_id=14997"},"modified":"2025-09-09T11:21:54","modified_gmt":"2025-09-09T09:21:54","slug":"le-festivita-nel-mondo","status":"publish","type":"page","link":"https:\/\/www.umanitaria.it\/milano\/liceo-artistico-internazionale\/didattica\/didattica-studenti\/progetti\/le-festivita-nel-mondo\/","title":{"rendered":"Le festivit\u00e0 nel mondo"},"content":{"rendered":"\n<p>Il nostro liceo promuove un ciclo di incontri culturali dedicato alla scoperta delle festivit\u00e0 e delle tradizioni legate ai diversi paesi del mondo. Un progetto educativo e inclusivo, pensato per valorizzare la diversit\u00e0 culturale, stimolare la curiosit\u00e0 dei discenti e favorire una visione pi\u00f9 ampia, consapevole e rispettosa del mondo in cui viviamo.<\/p>\n\n\n\n<h2 class=\"wp-block-heading\"><mark style=\"background-color:rgba(0, 0, 0, 0)\" class=\"has-inline-color has-accent-color\">Un Viaggio tra Culture, Storia e Tradizione<\/mark><\/h2>\n\n\n\n<p>Durante gli incontri, studenti, studentesse e docenti approfondiscono il significato storico, religioso e sociale di numerose festivit\u00e0, analizzando non solo le celebrazioni pi\u00f9 note, ma anche quelle meno conosciute, che riflettono le radici e l\u2019identit\u00e0 dei popoli.<\/p>\n\n\n\n<p><strong>Tra i temi affrontati<\/strong><\/p>\n\n\n\n<ul class=\"wp-block-list\">\n<li>Origini e significato delle principali festivit\u00e0&nbsp;<\/li>\n\n\n\n<li>Celebrazioni nazionali e tradizionali nei vari continenti<\/li>\n\n\n\n<li>Riti, simboli, cibi, abiti e musiche legate a ciascuna festivit\u00e0<\/li>\n\n\n\n<li>Confronti interculturali e riflessioni sul valore della memoria e della festa<\/li>\n<\/ul>\n\n\n\n<p><strong>Obiettivi del Progetto<\/strong><\/p>\n\n\n\n<ul class=\"wp-block-list\">\n<li>Favorire la conoscenza di culture diverse<\/li>\n\n\n\n<li>Promuovere il dialogo e il rispetto delle differenze culturali<\/li>\n\n\n\n<li>Stimolare la partecipazione attiva attraverso ricerche, presentazioni, performance artistiche e attivit\u00e0 laboratoriali<\/li>\n\n\n\n<li>Educare alla convivenza civile e alla cittadinanza globale<\/li>\n<\/ul>\n\n\n\n<p><strong>Un Percorso Aperto a Tutti<\/strong><\/p>\n\n\n\n<p>Gli incontri si svolgono nel corso dell\u2019anno scolastico, anche in collaborazione con esperti esterni, testimoni culturali, associazioni e mediatori linguistici e culturali in collaborazione con la <a href=\"http:\/\/www.uniuma.it\" target=\"_blank\" rel=\"noreferrer noopener\">Scuola Superiore per Mediatori Linguistici &#8220;P.M. Loria&#8221;<\/a>. Ogni appuntamento rappresenta un\u2019occasione per riflettere insieme, scoprire nuovi punti di vista e ampliare gli orizzonti culturali.<\/p>\n\n\n\n<p><\/p>\n","protected":false},"excerpt":{"rendered":"<p>Il nostro liceo promuove un ciclo di incontri culturali dedicato alla scoperta delle festivit\u00e0 e delle tradizioni legate ai diversi paesi del mondo. Un progetto educativo e inclusivo, pensato per valorizzare la diversit\u00e0 culturale, stimolare la curiosit\u00e0 dei discenti e favorire una visione pi\u00f9 ampia, consapevole e rispettosa del mondo in cui viviamo. Un Viaggio &#8230; <a title=\"Le festivit\u00e0 nel mondo\" class=\"read-more\" href=\"https:\/\/www.umanitaria.it\/milano\/liceo-artistico-internazionale\/didattica\/didattica-studenti\/progetti\/le-festivita-nel-mondo\/\" aria-label=\"Per saperne di pi\u00f9 su Le festivit\u00e0 nel mondo\">Leggi tutto<\/a><\/p>\n","protected":false},"author":5,"featured_media":0,"parent":14528,"menu_order":0,"comment_status":"closed","ping_status":"closed","template":"","meta":{"_acf_changed":false,"_seopress_robots_primary_cat":"","_seopress_titles_title":"","_seopress_titles_desc":"","_seopress_robots_index":"","inline_featured_image":false,"footnotes":""},"class_list":["post-14997","page","type-page","status-publish"],"acf":[],"_links":{"self":[{"href":"https:\/\/www.umanitaria.it\/milano\/wp-json\/wp\/v2\/pages\/14997","targetHints":{"allow":["GET"]}}],"collection":[{"href":"https:\/\/www.umanitaria.it\/milano\/wp-json\/wp\/v2\/pages"}],"about":[{"href":"https:\/\/www.umanitaria.it\/milano\/wp-json\/wp\/v2\/types\/page"}],"author":[{"embeddable":true,"href":"https:\/\/www.umanitaria.it\/milano\/wp-json\/wp\/v2\/users\/5"}],"replies":[{"embeddable":true,"href":"https:\/\/www.umanitaria.it\/milano\/wp-json\/wp\/v2\/comments?post=14997"}],"version-history":[{"count":5,"href":"https:\/\/www.umanitaria.it\/milano\/wp-json\/wp\/v2\/pages\/14997\/revisions"}],"predecessor-version":[{"id":15617,"href":"https:\/\/www.umanitaria.it\/milano\/wp-json\/wp\/v2\/pages\/14997\/revisions\/15617"}],"up":[{"embeddable":true,"href":"https:\/\/www.umanitaria.it\/milano\/wp-json\/wp\/v2\/pages\/14528"}],"wp:attachment":[{"href":"https:\/\/www.umanitaria.it\/milano\/wp-json\/wp\/v2\/media?parent=14997"}],"curies":[{"name":"wp","href":"https:\/\/api.w.org\/{rel}","templated":true}]}}