{"id":15007,"date":"2025-08-22T11:08:49","date_gmt":"2025-08-22T09:08:49","guid":{"rendered":"https:\/\/www.umanitaria.it\/milano\/?page_id=15007"},"modified":"2025-09-16T13:56:26","modified_gmt":"2025-09-16T11:56:26","slug":"nessunascusa","status":"publish","type":"page","link":"https:\/\/www.umanitaria.it\/milano\/liceo-artistico-internazionale\/didattica\/didattica-studenti\/progetti\/nessunascusa\/","title":{"rendered":"#NessunaScusa"},"content":{"rendered":"\n<div class=\"wp-block-columns colonne-protagonisti alignCenter is-layout-flex wp-container-core-columns-is-layout-9d6595d7 wp-block-columns-is-layout-flex\">\n<div class=\"wp-block-column is-layout-flow wp-block-column-is-layout-flow\" style=\"flex-basis:66.66%\"><div class=\"wp-block-image is-style-default\">\n<figure class=\"aligncenter size-large is-resized\"><img loading=\"lazy\" decoding=\"async\" width=\"724\" height=\"1024\" src=\"https:\/\/www.umanitaria.it\/milano\/wp-content\/uploads\/sites\/6\/2025\/08\/2024_novembre_25_NessunaScusa-724x1024.png\" alt=\"\" class=\"wp-image-15010\" style=\"width:472px;height:auto\" srcset=\"https:\/\/www.umanitaria.it\/milano\/wp-content\/uploads\/sites\/6\/2025\/08\/2024_novembre_25_NessunaScusa-724x1024.png 724w, https:\/\/www.umanitaria.it\/milano\/wp-content\/uploads\/sites\/6\/2025\/08\/2024_novembre_25_NessunaScusa-212x300.png 212w, https:\/\/www.umanitaria.it\/milano\/wp-content\/uploads\/sites\/6\/2025\/08\/2024_novembre_25_NessunaScusa-768x1086.png 768w, https:\/\/www.umanitaria.it\/milano\/wp-content\/uploads\/sites\/6\/2025\/08\/2024_novembre_25_NessunaScusa-1086x1536.png 1086w, https:\/\/www.umanitaria.it\/milano\/wp-content\/uploads\/sites\/6\/2025\/08\/2024_novembre_25_NessunaScusa.png 1414w\" sizes=\"auto, (max-width: 724px) 100vw, 724px\" \/><\/figure>\n<\/div><\/div>\n\n\n\n<div class=\"wp-block-column is-layout-flow wp-block-column-is-layout-flow\" style=\"flex-basis:100%\">\n<p>In occasione del 25 novembre, <strong>Giornata internazionale per l\u2019eliminazione della violenza contro le donne<\/strong>, il nostro liceo presenta la mostra #NessunaScusa, un progetto interamente ideato, curato e realizzato dagli studenti e dalle studentesse per riflettere, sensibilizzare e prendere posizione contro ogni forma di violenza sulle donne.<\/p>\n\n\n\n<p>Attraverso opere visive, sculture, testi e fotografie, viene data voce alle storie, ai silenzi e alla forza di chi trova il coraggio di parlare. Il titolo #NessunaScusa richiama un messaggio chiaro e urgente: non esiste alcuna giustificazione per la violenza, fisica o psicologica, economica o culturale, che ancora oggi troppe donne subiscono.<\/p>\n\n\n\n<p>Un viaggio nell\u2019interpretazione i nostri studenti e le nostre studentesse hanno fatto per comprendere e dare una voce a questo tema cos\u00ec tristemente attuale. Attraverso i loro occhi e i loro lavori possiamo comprendere il punto di vista anche delle nuove generazioni che diventeranno gli adulti di domani.&nbsp;<\/p>\n\n\n\n<p>Ogni lavoro esposto nasce da un percorso di studio, confronto e approfondimento, svolto in classe e nei laboratori artistici. L\u2019obiettivo non \u00e8 solo commemorare, ma agire attraverso l\u2019arte per generare consapevolezza, responsabilit\u00e0 e cambiamento.<\/p>\n\n\n\n<p>La mostra \u00e8 aperta a tutta la comunit\u00e0 scolastica e cittadina, perch\u00e9 crediamo che il percorso sociale e culturale che porter\u00e0 al contrasto della violenza di genere riguardi tutti e inizi proprio dall\u2019educazione, dal rispetto e dalla cultura.<\/p>\n\n\n\n<p>Perch\u00e9 solo attraverso lo sguardo e l\u2019impegno delle nuove generazioni possiamo costruire un futuro libero da ogni forma di violenza.<\/p>\n\n\n\n<p><strong>La mostra \u00e8 permanente e ciclica che verr\u00e0 quindi riproposta per ogni anno scolastico.\u00a0<\/strong><\/p>\n<\/div>\n<\/div>\n\n\n\n<p><\/p>\n","protected":false},"excerpt":{"rendered":"<p>In occasione del 25 novembre, Giornata internazionale per l\u2019eliminazione della violenza contro le donne, il nostro liceo presenta la mostra #NessunaScusa, un progetto interamente ideato, curato e realizzato dagli studenti e dalle studentesse per riflettere, sensibilizzare e prendere posizione contro ogni forma di violenza sulle donne. Attraverso opere visive, sculture, testi e fotografie, viene data &#8230; <a title=\"#NessunaScusa\" class=\"read-more\" href=\"https:\/\/www.umanitaria.it\/milano\/liceo-artistico-internazionale\/didattica\/didattica-studenti\/progetti\/nessunascusa\/\" aria-label=\"Per saperne di pi\u00f9 su #NessunaScusa\">Leggi tutto<\/a><\/p>\n","protected":false},"author":5,"featured_media":0,"parent":14528,"menu_order":0,"comment_status":"closed","ping_status":"closed","template":"","meta":{"_acf_changed":false,"_seopress_robots_primary_cat":"","_seopress_titles_title":"","_seopress_titles_desc":"","_seopress_robots_index":"","inline_featured_image":false,"footnotes":""},"class_list":["post-15007","page","type-page","status-publish"],"acf":[],"_links":{"self":[{"href":"https:\/\/www.umanitaria.it\/milano\/wp-json\/wp\/v2\/pages\/15007","targetHints":{"allow":["GET"]}}],"collection":[{"href":"https:\/\/www.umanitaria.it\/milano\/wp-json\/wp\/v2\/pages"}],"about":[{"href":"https:\/\/www.umanitaria.it\/milano\/wp-json\/wp\/v2\/types\/page"}],"author":[{"embeddable":true,"href":"https:\/\/www.umanitaria.it\/milano\/wp-json\/wp\/v2\/users\/5"}],"replies":[{"embeddable":true,"href":"https:\/\/www.umanitaria.it\/milano\/wp-json\/wp\/v2\/comments?post=15007"}],"version-history":[{"count":13,"href":"https:\/\/www.umanitaria.it\/milano\/wp-json\/wp\/v2\/pages\/15007\/revisions"}],"predecessor-version":[{"id":15848,"href":"https:\/\/www.umanitaria.it\/milano\/wp-json\/wp\/v2\/pages\/15007\/revisions\/15848"}],"up":[{"embeddable":true,"href":"https:\/\/www.umanitaria.it\/milano\/wp-json\/wp\/v2\/pages\/14528"}],"wp:attachment":[{"href":"https:\/\/www.umanitaria.it\/milano\/wp-json\/wp\/v2\/media?parent=15007"}],"curies":[{"name":"wp","href":"https:\/\/api.w.org\/{rel}","templated":true}]}}