{"id":15045,"date":"2025-08-22T11:49:07","date_gmt":"2025-08-22T09:49:07","guid":{"rendered":"https:\/\/www.umanitaria.it\/milano\/?page_id=15045"},"modified":"2025-09-16T13:55:35","modified_gmt":"2025-09-16T11:55:35","slug":"ambiente-e-agenda-2030","status":"publish","type":"page","link":"https:\/\/www.umanitaria.it\/milano\/liceo-artistico-internazionale\/didattica\/didattica-studenti\/progetti\/ambiente-e-agenda-2030\/","title":{"rendered":"Ambiente e Agenda 2030"},"content":{"rendered":"\n<p>Il nostro liceo propone un percorso educativo innovativo, centrato sul tema dell\u2019ambiente e sugli Obiettivi di Sviluppo Sostenibile dell\u2019Agenda 2030 dell\u2019ONU, inserito nel quadro dell\u2019insegnamento trasversale di educazione civica.<\/p>\n\n\n\n<p>Un progetto che intreccia arte, consapevolezza ambientale e cittadinanza attiva, coinvolgendo discenti e docenti in incontri, laboratori e attivit\u00e0 interdisciplinari per riflettere su uno dei temi pi\u00f9 urgenti del nostro tempo: la sostenibilit\u00e0.<\/p>\n\n\n\n<h2 class=\"wp-block-heading\"><mark class=\"has-inline-color has-accent-color\">Il Nostro Approccio Trasversale<\/mark><\/h2>\n\n\n\n<p>Il progetto nasce dalla volont\u00e0 di integrare l\u2019educazione civica con le discipline artistiche, letterarie, scientifiche e tecnologiche, per offrire una visione completa e critica dei grandi temi ambientali. Ogni incontro \u00e8 pensato per stimolare la riflessione, il confronto e la creativit\u00e0, collegando teoria e pratica, conoscenza e azione.<\/p>\n\n\n\n<p>Gli incontri affrontano diversi temi legati all\u2019ambiente e all\u2019Agenda 2030, tra cui:<\/p>\n\n\n\n<ul class=\"wp-block-list\">\n<li>Cambiamenti climatici e impatto ambientale<\/li>\n\n\n\n<li>Energia sostenibile e consumo responsabile<\/li>\n\n\n\n<li>Biodiversit\u00e0 e tutela degli ecosistemi<\/li>\n\n\n\n<li>Arte e comunicazione ambientale<\/li>\n\n\n\n<li>Diritti umani e giustizia ambientale<\/li>\n<\/ul>\n\n\n\n<p>Le attivit\u00e0 prevedono:<\/p>\n\n\n\n<ul class=\"wp-block-list\">\n<li>Conferenze con esperti e attivisti<\/li>\n\n\n\n<li>Progetti artistici e installazioni tematiche<\/li>\n\n\n\n<li>Lavori di gruppo e ricerca interdisciplinare<\/li>\n\n\n\n<li>Mostre, video, elaborati grafici e digitali<\/li>\n<\/ul>\n\n\n\n<p>Obiettivi del progetto:<\/p>\n\n\n\n<ul class=\"wp-block-list\">\n<li>Educare alla sostenibilit\u00e0 e alla cittadinanza globale<\/li>\n\n\n\n<li>Promuovere spirito critico, creativit\u00e0 e responsabilit\u00e0 sociale<\/li>\n\n\n\n<li>Sviluppare competenze trasversali legate alla comunicazione, alla progettazione e al lavoro di gruppo<\/li>\n\n\n\n<li>Offrire un contesto concreto per applicare l\u2019educazione civica nella vita quotidiana e nel linguaggio artistico<\/li>\n<\/ul>\n\n\n\n<p>Gli studenti e le studentesse sono incoraggiati a tradurre i contenuti degli incontri in <strong>opere visive<\/strong>, <strong>grafiche<\/strong>, <strong>video<\/strong>, <strong>installazioni <\/strong>o <strong>progetti digitali<\/strong>, dando vita a un dialogo creativo tra ambiente, educazione e arte.<\/p>\n","protected":false},"excerpt":{"rendered":"<p>Il nostro liceo propone un percorso educativo innovativo, centrato sul tema dell\u2019ambiente e sugli Obiettivi di Sviluppo Sostenibile dell\u2019Agenda 2030 dell\u2019ONU, inserito nel quadro dell\u2019insegnamento trasversale di educazione civica. Un progetto che intreccia arte, consapevolezza ambientale e cittadinanza attiva, coinvolgendo discenti e docenti in incontri, laboratori e attivit\u00e0 interdisciplinari per riflettere su uno dei temi &#8230; <a title=\"Ambiente e Agenda 2030\" class=\"read-more\" href=\"https:\/\/www.umanitaria.it\/milano\/liceo-artistico-internazionale\/didattica\/didattica-studenti\/progetti\/ambiente-e-agenda-2030\/\" aria-label=\"Per saperne di pi\u00f9 su Ambiente e Agenda 2030\">Leggi tutto<\/a><\/p>\n","protected":false},"author":5,"featured_media":0,"parent":14528,"menu_order":0,"comment_status":"closed","ping_status":"closed","template":"","meta":{"_acf_changed":false,"_seopress_robots_primary_cat":"","_seopress_titles_title":"","_seopress_titles_desc":"","_seopress_robots_index":"","inline_featured_image":false,"footnotes":""},"class_list":["post-15045","page","type-page","status-publish"],"acf":[],"_links":{"self":[{"href":"https:\/\/www.umanitaria.it\/milano\/wp-json\/wp\/v2\/pages\/15045","targetHints":{"allow":["GET"]}}],"collection":[{"href":"https:\/\/www.umanitaria.it\/milano\/wp-json\/wp\/v2\/pages"}],"about":[{"href":"https:\/\/www.umanitaria.it\/milano\/wp-json\/wp\/v2\/types\/page"}],"author":[{"embeddable":true,"href":"https:\/\/www.umanitaria.it\/milano\/wp-json\/wp\/v2\/users\/5"}],"replies":[{"embeddable":true,"href":"https:\/\/www.umanitaria.it\/milano\/wp-json\/wp\/v2\/comments?post=15045"}],"version-history":[{"count":10,"href":"https:\/\/www.umanitaria.it\/milano\/wp-json\/wp\/v2\/pages\/15045\/revisions"}],"predecessor-version":[{"id":15847,"href":"https:\/\/www.umanitaria.it\/milano\/wp-json\/wp\/v2\/pages\/15045\/revisions\/15847"}],"up":[{"embeddable":true,"href":"https:\/\/www.umanitaria.it\/milano\/wp-json\/wp\/v2\/pages\/14528"}],"wp:attachment":[{"href":"https:\/\/www.umanitaria.it\/milano\/wp-json\/wp\/v2\/media?parent=15045"}],"curies":[{"name":"wp","href":"https:\/\/api.w.org\/{rel}","templated":true}]}}