{"id":1584,"date":"2025-06-23T11:17:46","date_gmt":"2025-06-23T09:17:46","guid":{"rendered":"https:\/\/www.umanitaria.it\/milano\/?page_id=1584"},"modified":"2025-09-23T16:57:36","modified_gmt":"2025-09-23T14:57:36","slug":"scuola","status":"publish","type":"page","link":"https:\/\/www.umanitaria.it\/milano\/liceo-artistico-internazionale\/scuola\/","title":{"rendered":"Scuola"},"content":{"rendered":"\n<blockquote class=\"wp-block-quote is-layout-flow wp-block-quote-is-layout-flow\">\n<p>Il<strong> liceo artistico<\/strong><br>\u00e8 la <strong>scuola del futuro<\/strong>, perch\u00e9 il mondo ha bisogno di bellezza e creativit\u00e0<br>\u00e8 la <strong>scuola della comunicazione<\/strong>, perch\u00e9 l\u2019arte racconta \u201ccon\u201d e \u201coltre\u201d le parole<br>\u00e8 la <strong>scuola dei laboratori multidisciplinari<\/strong>, perch\u00e9 ogni oggetto artistico \u00e8 frutto di molteplici saperi<\/p>\n<\/blockquote>\n\n\n\n<p>Il Liceo Artistico Internazionale della Societ\u00e0 Umanitaria mira a preparare gli studenti e le studentesse sia dal punto di vista nozionistico che da quello pratico, in un contesto culturale stimolante e inclusivo.<\/p>\n\n\n\n<p>All\u2019interno di aule moderne e attrezzate gli alunni e le alunne saranno guidati in un percorso che li preparer\u00e0 a proseguire gli studi in ambito accademico e creativo, senza trascurare la dimensione interiore e la valorizzazione della personalit\u00e0 di ciascuno.<\/p>\n\n\n\n<div>\n<div class=\"border-top\"><ul class=\"submenu-complete-intro\"><li><a href=\"https:\/\/www.umanitaria.it\/milano\/liceo-artistico-internazionale\/scuola\/documenti-di-istituto\/\"><h3><span>Documenti di Istituto<\/span><\/h3><div><picture><img decoding=\"async\" src=\"https:\/\/www.umanitaria.it\/milano\/wp-content\/uploads\/sites\/6\/2025\/08\/documenti_istituto-1024x427.jpg\" alt=\"Scuola\" \/><\/picture><p>Consultazione e download dei documenti istituzionali (PTOF) per garantire la massima trasparenza e una completa informazione.<\/p><\/div><\/a><\/li><li><a href=\"https:\/\/www.umanitaria.it\/milano\/liceo-artistico-internazionale\/scuola\/aule-e-spazi\/\"><h3><span>Aule e Spazi<\/span><\/h3><div><picture><img decoding=\"async\" src=\"https:\/\/www.umanitaria.it\/milano\/wp-content\/uploads\/sites\/6\/2025\/08\/Aule-e-spazi-intro-1024x512.jpg\" alt=\"Scuola\" \/><\/picture><p>Aule moderne, chiostri suggestivi e laboratori specializzati per sostenere l\u2019apprendimento artistico, stimolando creativit\u00e0 e tecnica.<\/p><\/div><\/a><\/li><\/ul>\n<\/div>\n<\/div>\n","protected":false},"excerpt":{"rendered":"<p>Il liceo artistico\u00e8 la scuola del futuro, perch\u00e9 il mondo ha bisogno di bellezza e creativit\u00e0\u00e8 la scuola della comunicazione, perch\u00e9 l\u2019arte racconta \u201ccon\u201d e \u201coltre\u201d le parole\u00e8 la scuola dei laboratori multidisciplinari, perch\u00e9 ogni oggetto artistico \u00e8 frutto di molteplici saperi Il Liceo Artistico Internazionale della Societ\u00e0 Umanitaria mira a preparare gli studenti e &#8230; <a title=\"Scuola\" class=\"read-more\" href=\"https:\/\/www.umanitaria.it\/milano\/liceo-artistico-internazionale\/scuola\/\" aria-label=\"Per saperne di pi\u00f9 su Scuola\">Leggi tutto<\/a><\/p>\n","protected":false},"author":1,"featured_media":15143,"parent":1578,"menu_order":1,"comment_status":"closed","ping_status":"closed","template":"","meta":{"_acf_changed":false,"_seopress_robots_primary_cat":"","_seopress_titles_title":"","_seopress_titles_desc":"","_seopress_robots_index":"","inline_featured_image":false,"footnotes":""},"class_list":["post-1584","page","type-page","status-publish","has-post-thumbnail"],"acf":[],"_links":{"self":[{"href":"https:\/\/www.umanitaria.it\/milano\/wp-json\/wp\/v2\/pages\/1584","targetHints":{"allow":["GET"]}}],"collection":[{"href":"https:\/\/www.umanitaria.it\/milano\/wp-json\/wp\/v2\/pages"}],"about":[{"href":"https:\/\/www.umanitaria.it\/milano\/wp-json\/wp\/v2\/types\/page"}],"author":[{"embeddable":true,"href":"https:\/\/www.umanitaria.it\/milano\/wp-json\/wp\/v2\/users\/1"}],"replies":[{"embeddable":true,"href":"https:\/\/www.umanitaria.it\/milano\/wp-json\/wp\/v2\/comments?post=1584"}],"version-history":[{"count":22,"href":"https:\/\/www.umanitaria.it\/milano\/wp-json\/wp\/v2\/pages\/1584\/revisions"}],"predecessor-version":[{"id":16342,"href":"https:\/\/www.umanitaria.it\/milano\/wp-json\/wp\/v2\/pages\/1584\/revisions\/16342"}],"up":[{"embeddable":true,"href":"https:\/\/www.umanitaria.it\/milano\/wp-json\/wp\/v2\/pages\/1578"}],"wp:featuredmedia":[{"embeddable":true,"href":"https:\/\/www.umanitaria.it\/milano\/wp-json\/wp\/v2\/media\/15143"}],"wp:attachment":[{"href":"https:\/\/www.umanitaria.it\/milano\/wp-json\/wp\/v2\/media?parent=1584"}],"curies":[{"name":"wp","href":"https:\/\/api.w.org\/{rel}","templated":true}]}}