{"id":1596,"date":"2025-06-23T11:24:35","date_gmt":"2025-06-23T09:24:35","guid":{"rendered":"https:\/\/www.umanitaria.it\/milano\/?page_id=1596"},"modified":"2025-08-26T11:45:36","modified_gmt":"2025-08-26T09:45:36","slug":"novita","status":"publish","type":"page","link":"https:\/\/www.umanitaria.it\/milano\/liceo-artistico-internazionale\/novita\/","title":{"rendered":"Novit\u00e0"},"content":{"rendered":"\n<section><div class='news-eventi-loop tag-current ' ><div class='articles-container'><article class='sticky-post'>\n                <a href='https:\/\/www.umanitaria.it\/milano\/'>\n                <picture>\n                <img width='100' src='\/wp-content\/themes\/generatepress_child\/assets\/images\/Placeholder-Blog.jpg' alt='Home Page' class='evento-immagine' \/>             \n                \n                <\/picture>\n                <div class='text'>\n                    <h4>24\/03\/2025<\/h4>\n                \n                <h3>Home Page<\/h3>\n                <p>Milano Milano, cuore della Societ\u00e0 Umanitaria La Societ\u00e0 Umanitaria \u00e8 una delle istituzioni pi\u00f9 rappresentative del tessuto socio-culturale milanese. Fondata nel 1893 grazie al lascito testamentario di Prospero Mois\u00e8 Loria,...<\/p>\n                \n                <\/div>\n                <\/a>\n            <\/article><\/div><\/div>\n<\/section>\n","protected":false},"excerpt":{"rendered":"","protected":false},"author":1,"featured_media":15148,"parent":1578,"menu_order":10,"comment_status":"closed","ping_status":"closed","template":"","meta":{"_acf_changed":false,"_seopress_robots_primary_cat":"","_seopress_titles_title":"","_seopress_titles_desc":"","_seopress_robots_index":"","inline_featured_image":false,"footnotes":""},"class_list":["post-1596","page","type-page","status-publish","has-post-thumbnail"],"acf":[],"_links":{"self":[{"href":"https:\/\/www.umanitaria.it\/milano\/wp-json\/wp\/v2\/pages\/1596","targetHints":{"allow":["GET"]}}],"collection":[{"href":"https:\/\/www.umanitaria.it\/milano\/wp-json\/wp\/v2\/pages"}],"about":[{"href":"https:\/\/www.umanitaria.it\/milano\/wp-json\/wp\/v2\/types\/page"}],"author":[{"embeddable":true,"href":"https:\/\/www.umanitaria.it\/milano\/wp-json\/wp\/v2\/users\/1"}],"replies":[{"embeddable":true,"href":"https:\/\/www.umanitaria.it\/milano\/wp-json\/wp\/v2\/comments?post=1596"}],"version-history":[{"count":7,"href":"https:\/\/www.umanitaria.it\/milano\/wp-json\/wp\/v2\/pages\/1596\/revisions"}],"predecessor-version":[{"id":15283,"href":"https:\/\/www.umanitaria.it\/milano\/wp-json\/wp\/v2\/pages\/1596\/revisions\/15283"}],"up":[{"embeddable":true,"href":"https:\/\/www.umanitaria.it\/milano\/wp-json\/wp\/v2\/pages\/1578"}],"wp:featuredmedia":[{"embeddable":true,"href":"https:\/\/www.umanitaria.it\/milano\/wp-json\/wp\/v2\/media\/15148"}],"wp:attachment":[{"href":"https:\/\/www.umanitaria.it\/milano\/wp-json\/wp\/v2\/media?parent=1596"}],"curies":[{"name":"wp","href":"https:\/\/api.w.org\/{rel}","templated":true}]}}