{"id":1617,"date":"2025-06-23T12:06:18","date_gmt":"2025-06-23T10:06:18","guid":{"rendered":"https:\/\/www.umanitaria.it\/milano\/?page_id=1617"},"modified":"2025-09-29T09:57:29","modified_gmt":"2025-09-29T07:57:29","slug":"regolamento-corsi","status":"publish","type":"page","link":"https:\/\/www.umanitaria.it\/milano\/corsi-humaniter\/corsi\/regolamento-corsi\/","title":{"rendered":"Regolamento Corsi"},"content":{"rendered":"\n<div>\n<ol class=\"wp-block-list\">\n<li>Humaniter \u00e8 una attivit\u00e0 della Societ\u00e0 Umanitaria con lo scopo sociale di contribuire alla formazione culturale degli iscritti e di favorirne la partecipazione alla vita sociale mediante l\u2019offerta di corsi periodici, conferenze, dibattiti, concerti, visite guidate, gite culturali, viaggi organizzati ed altre analoghe iniziative.<br><\/li>\n\n\n\n<li>L\u2019iscritto Humaniter \u00e8 socio della Societ\u00e0 Umanitaria e pu\u00f2 quindi accedere gratuitamente o con ingresso ridotto alle sue attivit\u00e0. Dopo due anni consecutivi di associazione pu\u00f2 partecipare all\u2019Assemblea dei Soci per l\u2019elezione dei membri del Consiglio Direttivo e del Collegio dei Delegati.<br><\/li>\n\n\n\n<li><strong>La quota di iscrizione non \u00e8 rimborsabile in alcun caso. <\/strong>Se dovesse rendersi necessaria una chiusura dovuta a disposizioni di legge, verr\u00e0 riaccreditata, dietro richiesta scritta entro la fine dell\u2019anno scolastico in corso, la quota versata per quanto non fruito. I supplementi possono essere rimborsati, dietro richiesta scritta e a insindacabile giudizio della Direzione, solo in caso di effettiva e documentata impossibilit\u00e0 alla frequenza e solo entro un mese dall\u2019inizio dei corsi annuali o entro le prime tre lezioni dei corsi trimestrali. <strong>Nel caso di iscrizione ai corsi di movimento \u00e8 prevista una quota di tesseramento a Umanitaria Societ\u00e0 Sportiva Dilettantistica Srl, tale quota non \u00e8 rimborsabile in alcun caso.<\/strong> In caso fosse necessario cancellare un corso di questa tipologia prima del suo inizio verr\u00e0 emesso un buono valido per supplementi per l\u2019anno scolastico in corso o successivo.<br><\/li>\n\n\n\n<li>Le iscrizioni si possono effettuare in Segreteria o on-line.<strong> L\u2019iscrizione \u00e8 valida se rispetta i parametri stabiliti per l\u2019anno in corso. Non \u00e8 possibile scegliere pi\u00f9 di due corsi per ogni categoria e comunque mai due corsi uguali anche se di livello diverso.<\/strong> Queste ultime restrizioni non si applicano ai corsi on line. La Direzione si riserva il diritto di intervenire nel caso i parametri non siano stati rispettati.<br><\/li>\n\n\n\n<li>I corsi si svolgono da ottobre a maggio, dal luned\u00ec al venerd\u00ec secondo l\u2019orario stabilito nella programmazione. <strong>Ogni corso inizier\u00e0 al raggiungimento di un numero minimo di iscritti stabilito in base alle capienze delle aule e della tipologia di corso e potr\u00e0 essere sospeso se il numero, nell\u2019arco dell\u2019anno, venisse a mancare. Tutti i corsi sono a numero chiuso, gli iscritti in esubero vengono inseriti in una lista d\u2019attesa per un massimo di 20 persone.<\/strong> Se un allievo resta assente per tre lezioni consecutive, senza giustificato motivo, viene sostituito secondo l&#8217;ordine di precedenza riportato nella lista d&#8217;attesa. La Segreteria pu\u00f2 effettuare controlli per verificare che in aula siano presenti solo gli iscritti al corso ed eventualmente allontanare i non iscritti.<br><\/li>\n\n\n\n<li><strong>Per l\u2019iscrizione ai corsi di movimento fisico \u00e8 obbligatorio il certificato medico. <\/strong>Il certificato va prodotto entro 15 giorni dall\u2019inizio dei corsi. In assenza di certificato non \u00e8 possibile frequentare i corsi.<br><\/li>\n\n\n\n<li>L\u2019iscritto che, per sopraggiunti motivi, si trovasse impossibilitato a frequentare uno o pi\u00f9 corsi \u00e8 tenuto a darne tempestiva comunicazione alla segreteria.<br><\/li>\n\n\n\n<li>La Direzione non risponde dei cambiamenti di orario, giorno di corso o assenza dei docenti. La Direzione si riserva inoltre il diritto insindacabile di operare in qualsiasi momento dell\u2019anno accademico cambiamenti, cancellazioni o sospensioni qualora la situazione lo richieda, senza obiezioni opponibili.<br><\/li>\n\n\n\n<li><strong>Le assenze dei docenti e le variazioni dei corsi verranno comunicate esclusivamente tramite e-mail.<\/strong> Tale servizio non verr\u00e0 effettuato in caso di sciopero dei trasporti per l\u2019impossibilit\u00e0 di verificare la presenza di tutti i docenti. Rimane onere di ogni socio sincerarsi del regolare svolgersi delle lezioni.<br><\/li>\n\n\n\n<li>Il costo dei materiali occorrenti per la realizzazione del programma di studio \u00e8 a carico dei corsisti.<br><\/li>\n\n\n\n<li>I corsisti sono tenuti ad esibire, a richiesta del personale Humaniter, la tessera d\u2019iscrizione insieme con un documento d\u2019identit\u00e0 valido.<br><\/li>\n\n\n\n<li>A suo insindacabile giudizio la Direzione si riserva il diritto di escludere dalla partecipazione ai corsi tutti coloro che, con il loro comportamento, dovessero arrecare disturbo o comunque intralciassero il regolare svolgimento delle lezioni.<br><\/li>\n\n\n\n<li>Non si accede alle aule a lezione iniziata. La durata di ogni lezione \u00e8 strutturata dalla segreteria in modo da consentire una turnazione ordinata. Non si sosta nelle aule a lezione terminata. Le aule non in utilizzo saranno chiuse e non verranno aperte in nessun caso. Non \u00e8 possibile utilizzare le aule senza la presenza del docente.<br><\/li>\n\n\n\n<li>Le aule vengono assegnate dalla Direzione in base alle disponibilit\u00e0 della fascia oraria tenendo conto il pi\u00f9 possibile delle necessit\u00e0 di ogni disciplina. L\u2019assegnazione delle aule \u00e8 suscettibile di variazioni.<\/li>\n<\/ol>\n\n\n\n<p>L\u2019Umanitaria si impegna ad applicare tutte le opportune garanzie di sicurezza per i partecipanti alle lezioni.<\/p>\n<\/div>\n","protected":false},"excerpt":{"rendered":"<p>L\u2019Umanitaria si impegna ad applicare tutte le opportune garanzie di sicurezza per i partecipanti alle lezioni.<\/p>\n","protected":false},"author":1,"featured_media":0,"parent":1621,"menu_order":4,"comment_status":"closed","ping_status":"closed","template":"","meta":{"_acf_changed":false,"_seopress_robots_primary_cat":"","_seopress_titles_title":"","_seopress_titles_desc":"","_seopress_robots_index":"","inline_featured_image":false,"footnotes":""},"class_list":["post-1617","page","type-page","status-publish"],"acf":[],"_links":{"self":[{"href":"https:\/\/www.umanitaria.it\/milano\/wp-json\/wp\/v2\/pages\/1617","targetHints":{"allow":["GET"]}}],"collection":[{"href":"https:\/\/www.umanitaria.it\/milano\/wp-json\/wp\/v2\/pages"}],"about":[{"href":"https:\/\/www.umanitaria.it\/milano\/wp-json\/wp\/v2\/types\/page"}],"author":[{"embeddable":true,"href":"https:\/\/www.umanitaria.it\/milano\/wp-json\/wp\/v2\/users\/1"}],"replies":[{"embeddable":true,"href":"https:\/\/www.umanitaria.it\/milano\/wp-json\/wp\/v2\/comments?post=1617"}],"version-history":[{"count":3,"href":"https:\/\/www.umanitaria.it\/milano\/wp-json\/wp\/v2\/pages\/1617\/revisions"}],"predecessor-version":[{"id":16252,"href":"https:\/\/www.umanitaria.it\/milano\/wp-json\/wp\/v2\/pages\/1617\/revisions\/16252"}],"up":[{"embeddable":true,"href":"https:\/\/www.umanitaria.it\/milano\/wp-json\/wp\/v2\/pages\/1621"}],"wp:attachment":[{"href":"https:\/\/www.umanitaria.it\/milano\/wp-json\/wp\/v2\/media?parent=1617"}],"curies":[{"name":"wp","href":"https:\/\/api.w.org\/{rel}","templated":true}]}}