{"id":16224,"date":"2025-09-26T09:00:00","date_gmt":"2025-09-26T07:00:00","guid":{"rendered":"https:\/\/www.umanitaria.it\/milano\/?page_id=16224"},"modified":"2025-09-26T09:04:28","modified_gmt":"2025-09-26T07:04:28","slug":"concorso-ambasciatori-dei-diritti-umani","status":"publish","type":"page","link":"https:\/\/www.umanitaria.it\/milano\/studenti-e-studentesse-edizioni-passate\/concorso-ambasciatori-dei-diritti-umani\/","title":{"rendered":"Concorso Ambasciatori dei Diritti Umani"},"content":{"rendered":"\n<p>Il Concorso <strong>Ambasciatori dei Diritti Umani<\/strong> nasce a Milano nel 2008 per iniziativa della Societ\u00e0 Umanitaria, in collaborazione con la <strong>SIOI \u2013 <\/strong>Societ\u00e0 Italiana per l\u2019Organizzazione Internazionale \u2013 e la <strong>LIDU \u2013 <\/strong>Lega Internazionale per i Diritti dell\u2019Uomo. Negli anni si \u00e8 esteso anche a Roma e Napoli, coinvolgendo centinaia di studenti e studentesse.<\/p>\n\n\n\n<p>Destinato alle <strong>classi quarte e quinte delle scuole secondarie di secondo grado<\/strong>, il progetto invita i giovani a confrontarsi con i valori universali sanciti dalla <em>Dichiarazione Universale dei Diritti Umani<\/em>, favorendo la consapevolezza che questi principi non appartengono soltanto alla storia o alle istituzioni, ma riguardano la vita quotidiana, le relazioni, le scelte personali e collettive.<\/p>\n\n\n\n<p>Il percorso si articola in due momenti principali:<\/p>\n\n\n\n<ul class=\"wp-block-list\">\n<li>una <strong>conferenza introduttiva<\/strong> (in occasione della Giornata Internazionale dei Diritti Umani, il 10 dicembre), dedicata ogni anno a un tema diverso legato ai Diritti Umani, che offre strumenti di riflessione attraverso le voci di esperti, docenti e testimoni;<\/li>\n\n\n\n<li>una <strong>prova scritta<\/strong> (febbraio\/marzo), in cui gli studenti elaborano un testo ispirato agli spunti emersi durante la conferenza e al patrimonio della <em>Dichiarazione Universale<\/em> <em>dei Diritti Umani<\/em>.<\/li>\n<\/ul>\n\n\n\n<p>Ogni Istituto pu\u00f2 selezionare fino a un massimo di dieci studenti meritevoli, i cui elaborati saranno valutati da una Commissione di esperti e docenti scelti dalla Societ\u00e0 Umanitaria.<\/p>\n\n\n\n<p>I <strong>nove vincitori<\/strong> \u2013 tre per ogni citt\u00e0 \u2013 ricevono il titolo di <em>Ambasciatori dei Diritti Umani<\/em>, che non \u00e8 soltanto un riconoscimento, ma un impegno simbolico a farsi portavoce di valori di giustizia, libert\u00e0 e solidariet\u00e0. Il premio consiste in un <strong>viaggio-studio<\/strong> in una localit\u00e0 di rilievo per la presenza di Istituzioni o Organizzazioni Internazionali e, per i primi classificati, la possibilit\u00e0 di frequentare un <strong>corso di formazione<\/strong> sui diritti umani organizzato dalla SIOI.<\/p>\n\n\n\n<p>Ogni anno, nuovi giovani entrano a far parte di una comunit\u00e0 di ragazzi e ragazze che, attraverso il confronto e la partecipazione attiva, si riconoscono in un progetto comune: coltivare una cultura dei diritti umani, capace di incidere nel presente e di guardare al futuro.<\/p>\n\n\n\n<hr class=\"wp-block-separator has-alpha-channel-opacity\"\/>\n\n\n\n<div class=\"wp-block-file\"><a id=\"wp-block-file--media-d6d2821f-4b68-4dcf-91ba-7430e44922e6\" href=\"https:\/\/www.umanitaria.it\/milano\/?attachment_id=16227\" target=\"_blank\" rel=\"noreferrer noopener\">Ambasciatori dei Diritti Umani<\/a><\/div>\n\n\n\n<p><\/p>\n","protected":false},"excerpt":{"rendered":"<p>Il Concorso Ambasciatori dei Diritti Umani nasce a Milano nel 2008 per iniziativa della Societ\u00e0 Umanitaria, in collaborazione con la SIOI \u2013 Societ\u00e0 Italiana per l\u2019Organizzazione Internazionale \u2013 e la LIDU \u2013 Lega Internazionale per i Diritti dell\u2019Uomo. Negli anni si \u00e8 esteso anche a Roma e Napoli, coinvolgendo centinaia di studenti e studentesse. Destinato &#8230; <a title=\"Concorso Ambasciatori dei Diritti Umani\" class=\"read-more\" href=\"https:\/\/www.umanitaria.it\/milano\/studenti-e-studentesse-edizioni-passate\/concorso-ambasciatori-dei-diritti-umani\/\" aria-label=\"Per saperne di pi\u00f9 su Concorso Ambasciatori dei Diritti Umani\">Leggi tutto<\/a><\/p>\n","protected":false},"author":5,"featured_media":16230,"parent":16222,"menu_order":0,"comment_status":"closed","ping_status":"closed","template":"","meta":{"_acf_changed":false,"_seopress_robots_primary_cat":"","_seopress_titles_title":"","_seopress_titles_desc":"","_seopress_robots_index":"","inline_featured_image":false,"footnotes":""},"class_list":["post-16224","page","type-page","status-publish","has-post-thumbnail"],"acf":[],"_links":{"self":[{"href":"https:\/\/www.umanitaria.it\/milano\/wp-json\/wp\/v2\/pages\/16224","targetHints":{"allow":["GET"]}}],"collection":[{"href":"https:\/\/www.umanitaria.it\/milano\/wp-json\/wp\/v2\/pages"}],"about":[{"href":"https:\/\/www.umanitaria.it\/milano\/wp-json\/wp\/v2\/types\/page"}],"author":[{"embeddable":true,"href":"https:\/\/www.umanitaria.it\/milano\/wp-json\/wp\/v2\/users\/5"}],"replies":[{"embeddable":true,"href":"https:\/\/www.umanitaria.it\/milano\/wp-json\/wp\/v2\/comments?post=16224"}],"version-history":[{"count":3,"href":"https:\/\/www.umanitaria.it\/milano\/wp-json\/wp\/v2\/pages\/16224\/revisions"}],"predecessor-version":[{"id":16232,"href":"https:\/\/www.umanitaria.it\/milano\/wp-json\/wp\/v2\/pages\/16224\/revisions\/16232"}],"up":[{"embeddable":true,"href":"https:\/\/www.umanitaria.it\/milano\/wp-json\/wp\/v2\/pages\/16222"}],"wp:featuredmedia":[{"embeddable":true,"href":"https:\/\/www.umanitaria.it\/milano\/wp-json\/wp\/v2\/media\/16230"}],"wp:attachment":[{"href":"https:\/\/www.umanitaria.it\/milano\/wp-json\/wp\/v2\/media?parent=16224"}],"curies":[{"name":"wp","href":"https:\/\/api.w.org\/{rel}","templated":true}]}}