{"id":1625,"date":"2025-06-23T12:13:37","date_gmt":"2025-06-23T10:13:37","guid":{"rendered":"https:\/\/www.umanitaria.it\/milano\/?page_id=1625"},"modified":"2025-09-02T14:38:23","modified_gmt":"2025-09-02T12:38:23","slug":"novita","status":"publish","type":"page","link":"https:\/\/www.umanitaria.it\/milano\/corsi-humaniter\/novita\/","title":{"rendered":"Novit\u00e0"},"content":{"rendered":"\n<div><div class='news-eventi-loop tag-current ' ><div class='articles-container'><article class='sticky-post'>\n                <a href='https:\/\/www.umanitaria.it\/milano\/'>\n                <picture>\n                <img width='100' src='\/wp-content\/themes\/generatepress_child\/assets\/images\/Placeholder-Blog.jpg' alt='Home Page' class='evento-immagine' \/>             \n                \n                <\/picture>\n                <div class='text'>\n                    <h4>24\/03\/2025<\/h4>\n                \n                <h3>Home Page<\/h3>\n                <p>Milano Milano, cuore della Societ\u00e0 Umanitaria La Societ\u00e0 Umanitaria \u00e8 una delle istituzioni pi\u00f9 rappresentative del tessuto socio-culturale milanese. Fondata nel 1893 grazie al lascito testamentario di Prospero Mois\u00e8 Loria,...<\/p>\n                \n                <\/div>\n                <\/a>\n            <\/article><\/div><\/div>\n<\/div>\n","protected":false},"excerpt":{"rendered":"","protected":false},"author":1,"featured_media":15148,"parent":995,"menu_order":6,"comment_status":"closed","ping_status":"closed","template":"","meta":{"_acf_changed":false,"_seopress_robots_primary_cat":"","_seopress_titles_title":"","_seopress_titles_desc":"","_seopress_robots_index":"","inline_featured_image":false,"footnotes":""},"class_list":["post-1625","page","type-page","status-publish","has-post-thumbnail"],"acf":[],"_links":{"self":[{"href":"https:\/\/www.umanitaria.it\/milano\/wp-json\/wp\/v2\/pages\/1625","targetHints":{"allow":["GET"]}}],"collection":[{"href":"https:\/\/www.umanitaria.it\/milano\/wp-json\/wp\/v2\/pages"}],"about":[{"href":"https:\/\/www.umanitaria.it\/milano\/wp-json\/wp\/v2\/types\/page"}],"author":[{"embeddable":true,"href":"https:\/\/www.umanitaria.it\/milano\/wp-json\/wp\/v2\/users\/1"}],"replies":[{"embeddable":true,"href":"https:\/\/www.umanitaria.it\/milano\/wp-json\/wp\/v2\/comments?post=1625"}],"version-history":[{"count":4,"href":"https:\/\/www.umanitaria.it\/milano\/wp-json\/wp\/v2\/pages\/1625\/revisions"}],"predecessor-version":[{"id":15189,"href":"https:\/\/www.umanitaria.it\/milano\/wp-json\/wp\/v2\/pages\/1625\/revisions\/15189"}],"up":[{"embeddable":true,"href":"https:\/\/www.umanitaria.it\/milano\/wp-json\/wp\/v2\/pages\/995"}],"wp:featuredmedia":[{"embeddable":true,"href":"https:\/\/www.umanitaria.it\/milano\/wp-json\/wp\/v2\/media\/15148"}],"wp:attachment":[{"href":"https:\/\/www.umanitaria.it\/milano\/wp-json\/wp\/v2\/media?parent=1625"}],"curies":[{"name":"wp","href":"https:\/\/api.w.org\/{rel}","templated":true}]}}