{"id":2300,"date":"2025-07-10T08:58:32","date_gmt":"2025-07-10T06:58:32","guid":{"rendered":"https:\/\/www.umanitaria.it\/milano\/?page_id=2300"},"modified":"2025-09-09T12:29:48","modified_gmt":"2025-09-09T10:29:48","slug":"registro-elettronico","status":"publish","type":"page","link":"https:\/\/www.umanitaria.it\/milano\/liceo-artistico-internazionale\/registro-elettronico\/","title":{"rendered":"Registro elettronico"},"content":{"rendered":"\n<div>\n<p>Le credenziali per accedere (codice utente e password) vengono inviate via e-mail a tutti i nuovi docenti, studenti, studentesse e famiglie all\u2019inizio dell\u2019anno scolastico. In alternativa, \u00e8 possibile anche accedere senza credenziali, mediante il sistema&nbsp;SPID&nbsp;(Sistema Pubblico di Identit\u00e0 Digitale) o&nbsp;CID&nbsp;(Carta di Identit\u00e0 Elettronica).<\/p>\n\n\n\n<p>I genitori o tutori ricevono le credenziali al proprio indirizzo email privato, se indicato nel modulo di iscrizione. Se non le hanno ancora ricevute, devono rivolgersi alla segreteria.<\/p>\n\n\n\n<p>Gli studenti e le studentesse ricevono le credenziali al proprio indirizzo&nbsp;di posta istituzionale (nome.cognome@liceouma.it).<\/p>\n<\/div>\n\n\n\n<div class=\"border-top\">\n<h2 class=\"wp-block-heading\">Accesso Web<\/h2>\n\n\n\n<p>Per accedere mediante un browser Web (ad esempio Chrome, Safari o Edge), fai clic su una delle seguenti icone e inserisci le tue credenziali. <\/p>\n\n\n\n<section class=\"axios\">\n<a class=\"gb-text gb-text-6b9a1455\" rel=\"noopener\" target=\"_blank\" href=\"https:\/\/registrofamiglie.axioscloud.it\/\">Famiglie<\/a>\n\n\n\n<a class=\"gb-text gb-text-3918dd14\" rel=\"noopener\" target=\"_blank\" href=\"https:\/\/registro.axioscloud.it\/Pages\/SD\/SD_Login.aspx\">Docenti<\/a>\n<\/section>\n<\/div>\n\n\n\n<div class=\"border-top\">\n<h2 class=\"wp-block-heading\">App per smartphone e tablet<\/h2>\n\n\n\n<p>Se si desidera accedere al registro usando il proprio smartphone o tablet, \u00e8 consigliato installare l\u2019applicazione&nbsp;<strong>Axios Registro Elettronico FAMIGLIA<\/strong>,&nbsp;<strong>Axios Registro Elettronico ALUNNI<\/strong> o <strong>Axios Registro Elettronico DOCENTI<\/strong>.<\/p>\n<\/div>\n","protected":false},"excerpt":{"rendered":"<p>Le credenziali per accedere (codice utente e password) vengono inviate via e-mail a tutti i nuovi docenti, studenti, studentesse e famiglie all\u2019inizio dell\u2019anno scolastico. In alternativa, \u00e8 possibile anche accedere senza credenziali, mediante il sistema&nbsp;SPID&nbsp;(Sistema Pubblico di Identit\u00e0 Digitale) o&nbsp;CID&nbsp;(Carta di Identit\u00e0 Elettronica). I genitori o tutori ricevono le credenziali al proprio indirizzo email privato, &#8230; <a title=\"Registro elettronico\" class=\"read-more\" href=\"https:\/\/www.umanitaria.it\/milano\/liceo-artistico-internazionale\/registro-elettronico\/\" aria-label=\"Per saperne di pi\u00f9 su Registro elettronico\">Leggi tutto<\/a><\/p>\n","protected":false},"author":1,"featured_media":15153,"parent":1578,"menu_order":4,"comment_status":"closed","ping_status":"closed","template":"","meta":{"_acf_changed":false,"_seopress_robots_primary_cat":"","_seopress_titles_title":"","_seopress_titles_desc":"","_seopress_robots_index":"","inline_featured_image":false,"footnotes":""},"class_list":["post-2300","page","type-page","status-publish","has-post-thumbnail"],"acf":[],"_links":{"self":[{"href":"https:\/\/www.umanitaria.it\/milano\/wp-json\/wp\/v2\/pages\/2300","targetHints":{"allow":["GET"]}}],"collection":[{"href":"https:\/\/www.umanitaria.it\/milano\/wp-json\/wp\/v2\/pages"}],"about":[{"href":"https:\/\/www.umanitaria.it\/milano\/wp-json\/wp\/v2\/types\/page"}],"author":[{"embeddable":true,"href":"https:\/\/www.umanitaria.it\/milano\/wp-json\/wp\/v2\/users\/1"}],"replies":[{"embeddable":true,"href":"https:\/\/www.umanitaria.it\/milano\/wp-json\/wp\/v2\/comments?post=2300"}],"version-history":[{"count":33,"href":"https:\/\/www.umanitaria.it\/milano\/wp-json\/wp\/v2\/pages\/2300\/revisions"}],"predecessor-version":[{"id":15631,"href":"https:\/\/www.umanitaria.it\/milano\/wp-json\/wp\/v2\/pages\/2300\/revisions\/15631"}],"up":[{"embeddable":true,"href":"https:\/\/www.umanitaria.it\/milano\/wp-json\/wp\/v2\/pages\/1578"}],"wp:featuredmedia":[{"embeddable":true,"href":"https:\/\/www.umanitaria.it\/milano\/wp-json\/wp\/v2\/media\/15153"}],"wp:attachment":[{"href":"https:\/\/www.umanitaria.it\/milano\/wp-json\/wp\/v2\/media?parent=2300"}],"curies":[{"name":"wp","href":"https:\/\/api.w.org\/{rel}","templated":true}]}}