{"id":985,"date":"2025-05-13T08:40:46","date_gmt":"2025-05-13T06:40:46","guid":{"rendered":"https:\/\/www.umanitaria.it\/demo\/?page_id=985"},"modified":"2026-04-16T14:47:07","modified_gmt":"2026-04-16T12:47:07","slug":"chi-siamo","status":"publish","type":"page","link":"https:\/\/www.umanitaria.it\/milano\/chi-siamo\/","title":{"rendered":"Chi siamo"},"content":{"rendered":"\n<div class=\"wp-block-columns colonne-protagonisti alignCenter is-layout-flex wp-container-core-columns-is-layout-9d6595d7 wp-block-columns-is-layout-flex\">\n<div class=\"wp-block-column is-layout-flow wp-block-column-is-layout-flow\" style=\"flex-basis:33.33%\"><div class=\"wp-block-image\">\n<figure class=\"alignright size-large\"><img loading=\"lazy\" decoding=\"async\" width=\"683\" height=\"1024\" src=\"https:\/\/www.umanitaria.it\/milano\/wp-content\/uploads\/sites\/6\/2025\/09\/loria_chisiamo-683x1024.jpg\" alt=\"\" class=\"wp-image-15498\" srcset=\"https:\/\/www.umanitaria.it\/milano\/wp-content\/uploads\/sites\/6\/2025\/09\/loria_chisiamo-683x1024.jpg 683w, https:\/\/www.umanitaria.it\/milano\/wp-content\/uploads\/sites\/6\/2025\/09\/loria_chisiamo-200x300.jpg 200w, https:\/\/www.umanitaria.it\/milano\/wp-content\/uploads\/sites\/6\/2025\/09\/loria_chisiamo-768x1152.jpg 768w, https:\/\/www.umanitaria.it\/milano\/wp-content\/uploads\/sites\/6\/2025\/09\/loria_chisiamo-1024x1536.jpg 1024w, https:\/\/www.umanitaria.it\/milano\/wp-content\/uploads\/sites\/6\/2025\/09\/loria_chisiamo-1365x2048.jpg 1365w, https:\/\/www.umanitaria.it\/milano\/wp-content\/uploads\/sites\/6\/2025\/09\/loria_chisiamo-scaled.jpg 1707w\" sizes=\"auto, (max-width: 683px) 100vw, 683px\" \/><\/figure>\n<\/div><\/div>\n\n\n\n<div class=\"wp-block-column is-layout-flow wp-block-column-is-layout-flow\" style=\"flex-basis:66.66%\">\n<p>La Societ\u00e0 Umanitaria \u00e8 una delle istituzioni storiche di Milano. Fondata grazie al lascito testamentario di <a href=\"https:\/\/www.umanitaria.it\/storia-umanitaria\/i-protagonisti\/prospero-moise-loria\/\">Prospero Mois\u00e8 Loria<\/a>, mecenate di origine mantovana, nasce con una visione moderna del concetto di \u201cumanitaria\u201d: non semplice beneficenza, ma assistenza concreta mediante lo studio, l\u2019istruzione, il lavoro.<\/p>\n\n\n\n<p>Dal 1893, l\u2019Umanitaria prosegue la sua opera per l\u2019elevazione intellettuale e morale dei cittadini, con un impegno costante sul piano sociale, educativo e culturale. Oggi promuove progetti contro la dispersione scolastica (<a href=\"https:\/\/www.umanitaria.it\/milano\/sociale\/programma-mentore\/\" data-type=\"page\" data-id=\"1572\">il Programma Mentore<\/a>) e contro l\u2019isolamento di giovani e anziani (<a href=\"https:\/\/www.umanitaria.it\/milano\/corsi-humaniter\/\" data-type=\"page\" data-id=\"995\">Corsi Humaniter<\/a>); offre percorsi di formazione scolastica e universitaria, con il <a href=\"https:\/\/www.umanitaria.it\/milano\/liceo-artistico-internazionale\/\" data-type=\"page\" data-id=\"1578\">Liceo Artistico Internazionale <\/a>e la <a href=\"http:\/\/www.uniuma.it\" target=\"_blank\" rel=\"noreferrer noopener\">Scuola Superiore per Mediatori Linguistici \u201cP.M. Loria\u201d<\/a>, oltre a corsi di <a href=\"https:\/\/www.umanitaria.it\/milano\/formazione\/\" data-type=\"page\" data-id=\"993\">formazione professionale<\/a> (nei settori moda e design, panificazione, cura delle aree verdi, ambiti commerciale, marketing e amministrazione). A queste attivit\u00e0 si affianca la ricca <a href=\"https:\/\/www.umanitaria.it\/milano\/cultura\/\" data-type=\"page\" data-id=\"1833\">programmazione culturale<\/a> che include mostre, convegni, spettacoli, concerti e iniziative dedicate alla cittadinanza.<\/p>\n\n\n\n<p>Il radicamento sul territorio e la validit\u00e0 dei progetti in corso dimostrano che la Societ\u00e0 Umanitaria ha saputo \u201crilevarsi da s\u00e9 medesima\u201d e rinnovarsi nel tempo, ritrovando un ruolo di rilievo nella societ\u00e0 contemporanea. Un impegno serio e duraturo verso gli altri, per promuovere una cultura della convivenza, della civilt\u00e0 e della solidariet\u00e0.<\/p>\n\n\n\n<p>La Societ\u00e0 Umanitaria si trova nel centro di Milano, alle spalle del Palazzo di Giustizia, in un ex convento francescano del Quattrocento, articolato in quattro chiostri rinascimentali ed un ex refettorio \u2013 il <a href=\"https:\/\/www.umanitaria.it\/milano\/i-nostri-spazi\/\" data-type=\"page\" data-id=\"991\">Salone degli Affreschi<\/a> \u2013, le cui pareti affrescate sono un\u2019eredit\u00e0 senza prezzo.<\/p>\n\n\n\n<p>Da qui, la Societ\u00e0 Umanitaria coordina e promuove le attivit\u00e0 delle sedi decentrate di Alghero, Cagliari, Carbonia, Napoli e Roma, mantenendo una visione coerente con la propria missione originaria e con le esigenze della societ\u00e0 contemporanea.<\/p>\n<\/div>\n<\/div>\n","protected":false},"excerpt":{"rendered":"<p>La Societ\u00e0 Umanitaria \u00e8 una delle istituzioni storiche di Milano. Fondata grazie al lascito testamentario di Prospero Mois\u00e8 Loria, mecenate di origine mantovana, nasce con una visione moderna del concetto di \u201cumanitaria\u201d: non semplice beneficenza, ma assistenza concreta mediante lo studio, l\u2019istruzione, il lavoro. Dal 1893, l\u2019Umanitaria prosegue la sua opera per l\u2019elevazione intellettuale e &#8230; <a title=\"Chi siamo\" class=\"read-more\" href=\"https:\/\/www.umanitaria.it\/milano\/chi-siamo\/\" aria-label=\"Per saperne di pi\u00f9 su Chi siamo\">Leggi tutto<\/a><\/p>\n","protected":false},"author":1,"featured_media":0,"parent":0,"menu_order":28,"comment_status":"closed","ping_status":"closed","template":"","meta":{"_acf_changed":false,"_seopress_robots_primary_cat":"","_seopress_titles_title":"","_seopress_titles_desc":"","_seopress_robots_index":"","inline_featured_image":false,"footnotes":""},"class_list":["post-985","page","type-page","status-publish"],"acf":[],"_links":{"self":[{"href":"https:\/\/www.umanitaria.it\/milano\/wp-json\/wp\/v2\/pages\/985","targetHints":{"allow":["GET"]}}],"collection":[{"href":"https:\/\/www.umanitaria.it\/milano\/wp-json\/wp\/v2\/pages"}],"about":[{"href":"https:\/\/www.umanitaria.it\/milano\/wp-json\/wp\/v2\/types\/page"}],"author":[{"embeddable":true,"href":"https:\/\/www.umanitaria.it\/milano\/wp-json\/wp\/v2\/users\/1"}],"replies":[{"embeddable":true,"href":"https:\/\/www.umanitaria.it\/milano\/wp-json\/wp\/v2\/comments?post=985"}],"version-history":[{"count":9,"href":"https:\/\/www.umanitaria.it\/milano\/wp-json\/wp\/v2\/pages\/985\/revisions"}],"predecessor-version":[{"id":15606,"href":"https:\/\/www.umanitaria.it\/milano\/wp-json\/wp\/v2\/pages\/985\/revisions\/15606"}],"wp:attachment":[{"href":"https:\/\/www.umanitaria.it\/milano\/wp-json\/wp\/v2\/media?parent=985"}],"curies":[{"name":"wp","href":"https:\/\/api.w.org\/{rel}","templated":true}]}}