{"id":999,"date":"2025-05-13T08:57:36","date_gmt":"2025-05-13T06:57:36","guid":{"rendered":"https:\/\/www.umanitaria.it\/demo\/?page_id=999"},"modified":"2025-10-27T14:46:24","modified_gmt":"2025-10-27T13:46:24","slug":"sociale","status":"publish","type":"page","link":"https:\/\/www.umanitaria.it\/milano\/sociale\/","title":{"rendered":"Sociale"},"content":{"rendered":"\n<div>\n<h2 class=\"wp-block-heading has-accent-color has-text-color has-link-color wp-elements-3c6472ed4eb6948807ee2dd4d7a19efb\"><strong>Il cuore dell\u2019Umanitaria: il volontariato<\/strong><\/h2>\n\n\n\n<p><strong>Alla Societ\u00e0 Umanitaria il volontariato \u00e8 il motore che fa nascere legami, conoscenza e crescita<\/strong> <strong>con le iniziative sociali sviluppate con la <a href=\"https:\/\/www.umanitaria.it\/fondazione\/mondo-umanitaria\/\">Fondazione Humaniter<\/a>.<\/strong><br>Puoi scegliere di<strong> trasmettere la tua passione agli altri<\/strong>, diventando <strong>docente nei corsi Humaniter per il tempo libero,<\/strong> oppure di fare la differenza nella vita di un bambino, diventando Mentore nel nostro progetto contro la dispersione scolastica.<\/p>\n\n\n\n<div class=\"wp-block-columns volontariato-cols border-top is-layout-flex wp-container-core-columns-is-layout-9d6595d7 wp-block-columns-is-layout-flex\">\n<div class=\"wp-block-column is-layout-flow wp-block-column-is-layout-flow\">\n<figure class=\"wp-block-image size-large\"><img loading=\"lazy\" decoding=\"async\" width=\"1024\" height=\"427\" src=\"https:\/\/www.umanitaria.it\/milano\/wp-content\/uploads\/sites\/6\/2025\/08\/volontari_sociale-1024x427.png\" alt=\"\" class=\"wp-image-14822\" srcset=\"https:\/\/www.umanitaria.it\/milano\/wp-content\/uploads\/sites\/6\/2025\/08\/volontari_sociale-1024x427.png 1024w, https:\/\/www.umanitaria.it\/milano\/wp-content\/uploads\/sites\/6\/2025\/08\/volontari_sociale-300x125.png 300w, https:\/\/www.umanitaria.it\/milano\/wp-content\/uploads\/sites\/6\/2025\/08\/volontari_sociale-768x320.png 768w, https:\/\/www.umanitaria.it\/milano\/wp-content\/uploads\/sites\/6\/2025\/08\/volontari_sociale-1536x640.png 1536w, https:\/\/www.umanitaria.it\/milano\/wp-content\/uploads\/sites\/6\/2025\/08\/volontari_sociale.png 1920w\" sizes=\"auto, (max-width: 1024px) 100vw, 1024px\" \/><\/figure>\n<\/div>\n\n\n\n<div class=\"wp-block-column txtvolontariato-cols is-layout-flow wp-block-column-is-layout-flow\">\n<p><br><strong>Tutti i docenti dei corsi Humaniter sono <a href=\"\/milano\/sociale\/volontariato\/\" data-type=\"page\" data-id=\"1570\">volontari<\/a><\/strong>, cos\u00ec come una parte del personale di Segreteria. <br>Cerchiamo persone con passioni, interessi o particolari hobby, e con il piacere di condividere le proprie conoscenze in un clima sereno e amichevole; oppure chi desidera aiutarci nella gestione dei corsi, delle attivit\u00e0 collaterali e dell\u2019accoglienza degli iscritti.<\/p>\n<\/div>\n<\/div>\n\n\n\n<div class=\"wp-block-columns border-top volontariato-cols is-layout-flex wp-container-core-columns-is-layout-9d6595d7 wp-block-columns-is-layout-flex\">\n<div class=\"wp-block-column txtvolontariato-cols is-layout-flow wp-block-column-is-layout-flow\">\n<p><\/p>\n\n\n\n<p><\/p>\n\n\n\n<p>Con il <strong><a href=\"\/milano\/sociale\/programma-mentore\/\" data-type=\"page\" data-id=\"1572\">Programma Mentore<\/a><\/strong> puoi dedicare un\u2019ora alla settimana per instaurare un legame di fiducia con un bambino (Telemaco). <br><strong>Il Mentore \u00e8 un amico presente e costante<\/strong>, capace di ascoltare, incoraggiare e rafforzare la fiducia del bambino in s\u00e9 stesso, perch\u00e9 possa affrontare con maggiore consapevolezza la scuola e la vita, <strong>evitando il rischio di abbandono scolastico.<\/strong><\/p>\n<\/div>\n\n\n\n<div class=\"wp-block-column is-layout-flow wp-block-column-is-layout-flow\">\n<figure class=\"wp-block-image size-full\"><img loading=\"lazy\" decoding=\"async\" width=\"1920\" height=\"800\" src=\"https:\/\/www.umanitaria.it\/milano\/wp-content\/uploads\/sites\/6\/2025\/08\/volontariato_mentore.png\" alt=\"\" class=\"wp-image-14824\" srcset=\"https:\/\/www.umanitaria.it\/milano\/wp-content\/uploads\/sites\/6\/2025\/08\/volontariato_mentore.png 1920w, https:\/\/www.umanitaria.it\/milano\/wp-content\/uploads\/sites\/6\/2025\/08\/volontariato_mentore-300x125.png 300w, https:\/\/www.umanitaria.it\/milano\/wp-content\/uploads\/sites\/6\/2025\/08\/volontariato_mentore-1024x427.png 1024w, https:\/\/www.umanitaria.it\/milano\/wp-content\/uploads\/sites\/6\/2025\/08\/volontariato_mentore-768x320.png 768w, https:\/\/www.umanitaria.it\/milano\/wp-content\/uploads\/sites\/6\/2025\/08\/volontariato_mentore-1536x640.png 1536w\" sizes=\"auto, (max-width: 1920px) 100vw, 1920px\" \/><\/figure>\n<\/div>\n<\/div>\n<\/div>\n\n\n\n<div class=\"border-top\"><ul class=\"submenu-complete-intro\"><li><a href=\"https:\/\/www.umanitaria.it\/milano\/sociale\/programma-mentore\/\"><h3><span>Programma Mentore<\/span><\/h3><div><picture><img decoding=\"async\" src=\"https:\/\/www.umanitaria.it\/milano\/wp-content\/uploads\/sites\/6\/2025\/07\/Programma-Mentore-un-adulto-per-amico.png\" alt=\"Sociale\" \/><\/picture><p>Un programma di \u201caiuto sociale\u201d che, all\u2019interno delle scuole, offre ai bambini in difficolt\u00e0 scolastica (Telemaco) l\u2019assistenza di un adulto di riferimento (Mentore).<\/p><\/div><\/a><\/li><li><a href=\"https:\/\/www.umanitaria.it\/milano\/sociale\/corsi-humaniter\/\"><h3><span>Corsi Humaniter<\/span><\/h3><div><picture><img decoding=\"async\" src=\"https:\/\/www.umanitaria.it\/milano\/wp-content\/uploads\/sites\/6\/2025\/08\/volontari_sociale-1024x427.png\" alt=\"Sociale\" \/><\/picture><p>Corsi e attivit\u00e0 culturali e creative per il tempo libero, pensati per coltivare passioni, valorizzare talenti e ampliare interessi personali.<\/p><\/div><\/a><\/li><li><a href=\"https:\/\/www.umanitaria.it\/milano\/sociale\/volontariato\/\"><h3><span>Diventa Volontario<\/span><\/h3><div><picture><img decoding=\"async\" src=\"https:\/\/www.umanitaria.it\/milano\/wp-content\/uploads\/sites\/6\/2025\/08\/volontariato.png\" alt=\"Sociale\" \/><\/picture><p>Scegli di trasmettere la tua passione agli altri, diventando docente volontario nei corsi Humaniter, oppure di fare la differenza nella vita di un bambino, diventando Mentore.<\/p><\/div><\/a><\/li><\/ul>\n<\/div>\n","protected":false},"excerpt":{"rendered":"<p>Il cuore dell\u2019Umanitaria: il volontariato Alla Societ\u00e0 Umanitaria il volontariato \u00e8 il motore che fa nascere legami, conoscenza e crescita con le iniziative sociali sviluppate con la Fondazione Humaniter.Puoi scegliere di trasmettere la tua passione agli altri, diventando docente nei corsi Humaniter per il tempo libero, oppure di fare la differenza nella vita di un &#8230; <a title=\"Sociale\" class=\"read-more\" href=\"https:\/\/www.umanitaria.it\/milano\/sociale\/\" aria-label=\"Per saperne di pi\u00f9 su Sociale\">Leggi tutto<\/a><\/p>\n","protected":false},"author":1,"featured_media":0,"parent":0,"menu_order":13,"comment_status":"closed","ping_status":"closed","template":"","meta":{"_acf_changed":false,"_seopress_robots_primary_cat":"","_seopress_titles_title":"Attivit\u00e0 Sociali alla Societ\u00e0 Umanitaria","_seopress_titles_desc":"Scopri il volontariato alla Societ\u00e0 Umanitaria: dona tempo e passione, diventa docente Humaniter o Mentore per il futuro dei bambini.","_seopress_robots_index":"","inline_featured_image":false,"footnotes":""},"class_list":["post-999","page","type-page","status-publish"],"acf":[],"_links":{"self":[{"href":"https:\/\/www.umanitaria.it\/milano\/wp-json\/wp\/v2\/pages\/999","targetHints":{"allow":["GET"]}}],"collection":[{"href":"https:\/\/www.umanitaria.it\/milano\/wp-json\/wp\/v2\/pages"}],"about":[{"href":"https:\/\/www.umanitaria.it\/milano\/wp-json\/wp\/v2\/types\/page"}],"author":[{"embeddable":true,"href":"https:\/\/www.umanitaria.it\/milano\/wp-json\/wp\/v2\/users\/1"}],"replies":[{"embeddable":true,"href":"https:\/\/www.umanitaria.it\/milano\/wp-json\/wp\/v2\/comments?post=999"}],"version-history":[{"count":57,"href":"https:\/\/www.umanitaria.it\/milano\/wp-json\/wp\/v2\/pages\/999\/revisions"}],"predecessor-version":[{"id":16562,"href":"https:\/\/www.umanitaria.it\/milano\/wp-json\/wp\/v2\/pages\/999\/revisions\/16562"}],"wp:attachment":[{"href":"https:\/\/www.umanitaria.it\/milano\/wp-json\/wp\/v2\/media?parent=999"}],"curies":[{"name":"wp","href":"https:\/\/api.w.org\/{rel}","templated":true}]}}