{"id":14424,"date":"2025-08-28T12:20:36","date_gmt":"2025-08-28T10:20:36","guid":{"rendered":"https:\/\/www.umanitaria.it\/napoli\/?page_id=14424"},"modified":"2025-09-12T08:49:55","modified_gmt":"2025-09-12T06:49:55","slug":"volontariato-e-beneficenza","status":"publish","type":"page","link":"https:\/\/www.umanitaria.it\/napoli\/sociale\/volontariato-e-beneficenza\/","title":{"rendered":"Attivita\u0300 di beneficenza"},"content":{"rendered":"\n<div>\n<h2 class=\"wp-block-heading\">Mille modi di stare insieme<\/h2>\n\n\n\n<p>La sede di Napoli, mette in campo progetti che permettono ai suoi iscritti di dedicarsi al volontariato in campo sociale; si tratta di una serie di iniziative di volontariato attivo, che in questi anni hanno visto appassionarsi decine di persone.<\/p>\n\n\n\n<p>Ulteriori iniziative a sfondo sociale, sono le gare di solidariet\u00e0 che periodicamente danno luogo ad aste di beneficenza, tornei di burraco e scacchi, feste gastronomiche per raccogliere fondi a favore di associazioni non profit. Sempre a Napoli, nel corso del \u201cLaboratorio di Goga\u201d, si realizzano per l\u2019UNICEF le simpatiche \u201cPigotte\u201d, bambole di pezza, la cui vendita serve alla raccolta di fondi per le vaccinazioni per i bambini del terzo mondo.<\/p>\n\n\n\n<p>Lo scopo \u00e8 migliorare la qualit\u00e0 della vita, rendendola pi\u00f9 serena e partecipe.<\/p>\n<\/div>\n\n\n    \n\n    <ul class='submenu-complete-acf'><li class='incorso'><a href='\/napoli\/wp-json\/wp\/v2\/pages\/14424giornata-adeca'> <picture>\n                                        <img width='100' src='https:\/\/www.umanitaria.it\/napoli\/wp-content\/uploads\/sites\/8\/2026\/04\/IMG_4904.webp' alt='AMICI per la PELLE' class='evento-immagine' \/>\n                                    <\/picture><div class='evento-data'><h3>09<\/h3><h4>MAG<\/h4><h5>2026<\/h5><\/div><h4>AMICI per la PELLE<\/h4><p>Giornata di prevenzione dei tumori cutanei<\/p><\/a><\/li><li class='passate'><a href='\/napoli\/wp-json\/wp\/v2\/pages\/14424burraco-28-marzo-2026'> <picture>\n                                        <img width='100' src='https:\/\/www.umanitaria.it\/napoli\/wp-content\/uploads\/sites\/8\/2026\/01\/Carte-da-gioco-1800x900-1.webp' alt='Torneo di Burraco 28 marzo 2026' class='evento-immagine' \/>\n                                    <\/picture><div class='evento-data'><h3>28<\/h3><h4>MAR<\/h4><h5>2026<\/h5><\/div><h4>Torneo di Burraco 28 marzo 2026<\/h4><p>Il ricavato sar\u00e0 devoluto interamente alla ONG CHANGE<\/p><\/a><\/li><li class='passate'><a href='\/napoli\/wp-json\/wp\/v2\/pages\/14424proiezione-moramora'> <picture>\n                                        <img width='100' src='https:\/\/www.umanitaria.it\/napoli\/wp-content\/uploads\/sites\/8\/2026\/01\/change.webp' alt='Proiezione docu-film' class='evento-immagine' \/>\n                                    <\/picture><div class='evento-data'><h3>30<\/h3><h4>GEN<\/h4><h5>2026<\/h5><\/div><h4>Proiezione docu-film<\/h4><p>Un film per il cambiamento, un film per Change<\/p><\/a><\/li><li class='passate'><a href='\/napoli\/wp-json\/wp\/v2\/pages\/14424torneo-di-burraco'> <picture>\n                                        <img width='100' src='https:\/\/www.umanitaria.it\/napoli\/wp-content\/uploads\/sites\/8\/2026\/01\/Carte-da-gioco-1800x900-1.webp' alt='Torneo di Burraco 23 gennaio 2026' class='evento-immagine' \/>\n                                    <\/picture><div class='evento-data'><h3>23<\/h3><h4>GEN<\/h4><h5>2026<\/h5><\/div><h4>Torneo di Burraco 23 gennaio 2026<\/h4><p>Il ricavato sar\u00e0 devoluto al Movimento Shalom o.n.l.u.s. per il progetto \"A scuola per trovare la pace\"<\/p><\/a><\/li><li class='passate'><a href='\/napoli\/wp-json\/wp\/v2\/pages\/14424sorteggio-pastori-beneficenza'> <picture>\n                                        <img width='100' src='https:\/\/www.umanitaria.it\/napoli\/wp-content\/uploads\/sites\/8\/2025\/12\/2024-12-18-Sorteggio-pastore-Sito.webp' alt='Sorteggio di due pastori per beneficenza' class='evento-immagine' \/>\n                                    <\/picture><div class='evento-data'><h3>18<\/h3><h4>DIC<\/h4><h5>2025<\/h5><\/div><h4>Sorteggio di due pastori per beneficenza<\/h4><p>Pastori del \u2018700 napoletano: Angelo e Pulcinella<\/p><\/a><\/li><li class='passate'><a href='\/napoli\/wp-json\/wp\/v2\/pages\/14424mercatino-di-beneficenza'> <picture>\n                                        <img width='100' src='https:\/\/www.umanitaria.it\/napoli\/wp-content\/uploads\/sites\/8\/2025\/11\/Fotoram.io_.webp' alt='Mercatino di beneficenza' class='evento-immagine' \/>\n                                    <\/picture><div class='evento-data'><h3>04<\/h3><h4>DIC<\/h4><h5>2025<\/h5><\/div><h4>Mercatino di beneficenza<\/h4><p>Vendita di oggettistica e manufatti artigianali, il cui incasso andr\u00e0 interamente in beneficenza.<\/p><\/a><\/li><li class='passate'><a href='\/napoli\/wp-json\/wp\/v2\/pages\/14424presentazione-attivita'> <picture>\n                                        <img width='100' src='https:\/\/www.umanitaria.it\/napoli\/wp-content\/uploads\/sites\/8\/2025\/10\/Nuovo-Documento-di-Microsoft-Publisher.webp' alt='Koin\u00e8 - Insieme con l'ammalato' class='evento-immagine' \/>\n                                    <\/picture><div class='evento-data'><h3>17<\/h3><h4>OTT<\/h4><h5>2025<\/h5><\/div><h4>Koin\u00e8 - Insieme con l'ammalato<\/h4><p>Associazione di volontariato ospedaliero per il sostegno morale ai degenti in ospedale<\/p><\/a><\/li><\/ul>\n","protected":false},"excerpt":{"rendered":"<p>Mille modi di stare insieme La sede di Napoli, mette in campo progetti che permettono ai suoi iscritti di dedicarsi al volontariato in campo sociale; si tratta di una serie di iniziative di volontariato attivo, che in questi anni hanno visto appassionarsi decine di persone. Ulteriori iniziative a sfondo sociale, sono le gare di solidariet\u00e0 &#8230; <a title=\"Koin\u00e8 &#8211; Insieme con l&#8217;ammalato\" class=\"read-more\" href=\"https:\/\/www.umanitaria.it\/napoli\/attivita-sociale\/presentazione-attivita\/\" aria-label=\"Per saperne di pi\u00f9 su Koin\u00e8 &#8211; Insieme con l&#8217;ammalato\">Leggi tutto<\/a><\/p>\n","protected":false},"author":1,"featured_media":14811,"parent":999,"menu_order":4,"comment_status":"closed","ping_status":"closed","template":"","meta":{"_acf_changed":false,"_seopress_robots_primary_cat":"","_seopress_titles_title":"","_seopress_titles_desc":"","_seopress_robots_index":"","inline_featured_image":false,"footnotes":""},"class_list":["post-14424","page","type-page","status-publish","has-post-thumbnail","hentry"],"acf":[],"_links":{"self":[{"href":"https:\/\/www.umanitaria.it\/napoli\/wp-json\/wp\/v2\/pages\/14424","targetHints":{"allow":["GET"]}}],"collection":[{"href":"https:\/\/www.umanitaria.it\/napoli\/wp-json\/wp\/v2\/pages"}],"about":[{"href":"https:\/\/www.umanitaria.it\/napoli\/wp-json\/wp\/v2\/types\/page"}],"author":[{"embeddable":true,"href":"https:\/\/www.umanitaria.it\/napoli\/wp-json\/wp\/v2\/users\/1"}],"replies":[{"embeddable":true,"href":"https:\/\/www.umanitaria.it\/napoli\/wp-json\/wp\/v2\/comments?post=14424"}],"version-history":[{"count":6,"href":"https:\/\/www.umanitaria.it\/napoli\/wp-json\/wp\/v2\/pages\/14424\/revisions"}],"predecessor-version":[{"id":14810,"href":"https:\/\/www.umanitaria.it\/napoli\/wp-json\/wp\/v2\/pages\/14424\/revisions\/14810"}],"up":[{"embeddable":true,"href":"https:\/\/www.umanitaria.it\/napoli\/wp-json\/wp\/v2\/pages\/999"}],"wp:featuredmedia":[{"embeddable":true,"href":"https:\/\/www.umanitaria.it\/napoli\/wp-json\/wp\/v2\/media\/14811"}],"wp:attachment":[{"href":"https:\/\/www.umanitaria.it\/napoli\/wp-json\/wp\/v2\/media?parent=14424"}],"curies":[{"name":"wp","href":"https:\/\/api.w.org\/{rel}","templated":true}]}}