{"id":14487,"date":"2025-09-01T12:53:29","date_gmt":"2025-09-01T10:53:29","guid":{"rendered":"https:\/\/www.umanitaria.it\/napoli\/?page_id=14487"},"modified":"2026-03-30T12:03:29","modified_gmt":"2026-03-30T10:03:29","slug":"convenzioni","status":"publish","type":"page","link":"https:\/\/www.umanitaria.it\/napoli\/corsi-humaniter\/convenzioni\/","title":{"rendered":"Convenzioni"},"content":{"rendered":"\n<p>Essere<strong> Soci Humaniter<\/strong> significa poter contare su una rete di agevolazioni e sconti dedicati in tanti ambiti della vita quotidiana: salute, benessere, cultura, tempo libero e molto altro. E&#8217; possibile scaricare l&#8217;elenco completo di tutte le convenzioni in essere per il 2025-2026, in coda a questa pagina.<\/p>\n\n\n\n<hr class=\"wp-block-separator has-alpha-channel-opacity\"\/>\n\n\n\n<div class=\"convenzioni\">\n<div>\n<figure class=\"wp-block-image size-full\"><a href=\"https:\/\/www.studiodefalco.it\/\" target=\"_blank\" rel=\" noreferrer noopener\"><img loading=\"lazy\" decoding=\"async\" width=\"400\" height=\"400\" src=\"https:\/\/www.umanitaria.it\/napoli\/wp-content\/uploads\/sites\/8\/2025\/09\/Studio-De-falco.jpg\" alt=\"\" class=\"wp-image-14523\" srcset=\"https:\/\/www.umanitaria.it\/napoli\/wp-content\/uploads\/sites\/8\/2025\/09\/Studio-De-falco.jpg 400w, https:\/\/www.umanitaria.it\/napoli\/wp-content\/uploads\/sites\/8\/2025\/09\/Studio-De-falco-300x300.jpg 300w, https:\/\/www.umanitaria.it\/napoli\/wp-content\/uploads\/sites\/8\/2025\/09\/Studio-De-falco-150x150.jpg 150w\" sizes=\"auto, (max-width: 400px) 100vw, 400px\" \/><\/a><\/figure>\n\n\n\n<p><strong>Studio De Falco<br>Servizi immobiliari<\/strong><\/p>\n\n\n\n<p>Via F. Solimena 125\/127, Napoli<br><strong><a href=\"tel:0815560342\">081.5560342<\/a><\/strong><br><strong><a href=\"http:\/\/www.studiodefalco.it\" target=\"_blank\" rel=\"noreferrer noopener\">www.studiodefalco.it<\/a><\/strong><\/p>\n\n\n\n<div class=\"dett-convenzione\">\n<p>Ai soci della fondazione Humaniter, lo Studio De Falco servizi immobiliari offre la prima consulenza gratuita in materia di locazione e\/o compravendita di immobili residenziali, turistici e commerciali e riserver\u00e0 condizioni particolarmente favorevoli in caso di conferimento di incarichi diretti alla vendita o alla locazione.<\/p>\n<\/div>\n<\/div>\n\n\n\n<div>\n<figure class=\"wp-block-image size-full\"><img loading=\"lazy\" decoding=\"async\" width=\"230\" height=\"230\" src=\"https:\/\/www.umanitaria.it\/napoli\/wp-content\/uploads\/sites\/8\/2025\/09\/Cinema-Plaza-Multisala.jpg\" alt=\"\" class=\"wp-image-14525\" srcset=\"https:\/\/www.umanitaria.it\/napoli\/wp-content\/uploads\/sites\/8\/2025\/09\/Cinema-Plaza-Multisala.jpg 230w, https:\/\/www.umanitaria.it\/napoli\/wp-content\/uploads\/sites\/8\/2025\/09\/Cinema-Plaza-Multisala-150x150.jpg 150w\" sizes=\"auto, (max-width: 230px) 100vw, 230px\" \/><\/figure>\n\n\n\n<p><strong>Cinema Plaza<\/strong><\/p>\n\n\n\n<p>Via Michele Kerbaker, 85, 80129 Napoli NA<br><strong><a href=\"tel:0815560342\"><\/a><a href=\"mailto:plaza1234@virgilio.it\">plaza1234@virgilio.it<\/a><\/strong><br><a href=\"https:\/\/multisalaplaza.it\"><strong>www.multisalaplaza.it<\/strong><\/a><\/p>\n\n\n\n<div class=\"dett-convenzione\">\n<p>I soci Humaniter potranno accedere ai film del cinema Plaza acquistando il biglietto al costo di \u20ac 4,00 dal luned\u00ec al venerd\u00ec e di \u20ac 6,00 il sabato e la domenica, anzich\u00e9 \u20ac 8.00, esibendo la tessera soci alla biglietteria<\/p>\n<\/div>\n<\/div>\n\n\n\n<div>\n<figure class=\"wp-block-image size-full\"><img loading=\"lazy\" decoding=\"async\" width=\"1000\" height=\"1000\" src=\"https:\/\/www.umanitaria.it\/napoli\/wp-content\/uploads\/sites\/8\/2025\/09\/Merliani-Viaggi.jpg\" alt=\"\" class=\"wp-image-14524\" srcset=\"https:\/\/www.umanitaria.it\/napoli\/wp-content\/uploads\/sites\/8\/2025\/09\/Merliani-Viaggi.jpg 1000w, https:\/\/www.umanitaria.it\/napoli\/wp-content\/uploads\/sites\/8\/2025\/09\/Merliani-Viaggi-300x300.jpg 300w, https:\/\/www.umanitaria.it\/napoli\/wp-content\/uploads\/sites\/8\/2025\/09\/Merliani-Viaggi-150x150.jpg 150w, https:\/\/www.umanitaria.it\/napoli\/wp-content\/uploads\/sites\/8\/2025\/09\/Merliani-Viaggi-768x768.jpg 768w\" sizes=\"auto, (max-width: 1000px) 100vw, 1000px\" \/><\/figure>\n\n\n\n<p><strong>Merliani viaggi<\/strong><br><strong>Agenzia viaggi<\/strong><\/p>\n\n\n\n<p>Via Giovanni Merliani, 124, 80129 Napoli NA<br><strong><a href=\"tel:0815568079\">081.5568079<\/a><\/strong><br><a href=\"tel:0815495796\" data-type=\"tel\" data-id=\"tel:0815495796\"><strong>081.5495796<\/strong><\/a><br><strong><a href=\"http:\/\/www.merlianiviaggi.it\" data-type=\"link\" data-id=\"www.merlianiviaggi.it\" target=\"_blank\" rel=\"noreferrer noopener\">www.merlianiviaggi.it<\/a><\/strong><\/p>\n\n\n\n<div class=\"dett-convenzione\">\n<p>Ai soci della fondazione Humaniter, non solo tariffe ed iniziative ad hoc, ma anche speciali sconti ed agevolazioni su ogni altro tipo di pacchetto prenotato.<\/p>\n<\/div>\n<\/div>\n\n\n\n<div>\n<figure class=\"wp-block-image size-full\"><img loading=\"lazy\" decoding=\"async\" width=\"1000\" height=\"1000\" src=\"https:\/\/www.umanitaria.it\/napoli\/wp-content\/uploads\/sites\/8\/2025\/09\/Salmoiraghi-Vigano.jpg\" alt=\"\" class=\"wp-image-14522\" srcset=\"https:\/\/www.umanitaria.it\/napoli\/wp-content\/uploads\/sites\/8\/2025\/09\/Salmoiraghi-Vigano.jpg 1000w, https:\/\/www.umanitaria.it\/napoli\/wp-content\/uploads\/sites\/8\/2025\/09\/Salmoiraghi-Vigano-300x300.jpg 300w, https:\/\/www.umanitaria.it\/napoli\/wp-content\/uploads\/sites\/8\/2025\/09\/Salmoiraghi-Vigano-150x150.jpg 150w, https:\/\/www.umanitaria.it\/napoli\/wp-content\/uploads\/sites\/8\/2025\/09\/Salmoiraghi-Vigano-768x768.jpg 768w\" sizes=\"auto, (max-width: 1000px) 100vw, 1000px\" \/><\/figure>\n\n\n\n<p><strong>Salmoiraghi &amp; Vigan\u00f2<\/strong><br><strong>Ottico<\/strong><\/p>\n\n\n\n<p>Piazza Vanvitelli, 1, 80129 Napoli NA<br><strong><a href=\"tel:0815780711\">081.5780711<\/a><\/strong><br><a href=\"http:\/\/www.salmoiraghievigano.it\" data-type=\"link\" data-id=\"http:\/\/www.salmoiraghievigano.it\" target=\"_blank\" rel=\"noreferrer noopener\"><strong>www.salmoiraghievigano.it<\/strong><\/a><\/p>\n\n\n\n<div class=\"dett-convenzione\">\n<p><strong>Fondazione Humaniter \u00e8 convenzionata con Salmoiraghi &amp; Vigan\u00f2<\/strong>. Scopri tutti i vantaggi.<\/p>\n\n\n\n<p><strong>Sconto 30%:<\/strong> occhiale completo con lenti graduate.<br><strong>Sconto 20%:<\/strong> occhiale da sole.<br><strong>Sconto 50%:<\/strong> seconda confezione di lenti a contatto morbide della stessa marca<br><strong>Sconto 10%:<\/strong> soluzione, colliri e spray antinebbia<\/p>\n<\/div>\n<\/div>\n\n\n\n<div>\n<figure class=\"wp-block-image size-full\"><img loading=\"lazy\" decoding=\"async\" width=\"1000\" height=\"1000\" src=\"https:\/\/www.umanitaria.it\/napoli\/wp-content\/uploads\/sites\/8\/2025\/09\/Ricci.jpg\" alt=\"\" class=\"wp-image-14521\" srcset=\"https:\/\/www.umanitaria.it\/napoli\/wp-content\/uploads\/sites\/8\/2025\/09\/Ricci.jpg 1000w, https:\/\/www.umanitaria.it\/napoli\/wp-content\/uploads\/sites\/8\/2025\/09\/Ricci-300x300.jpg 300w, https:\/\/www.umanitaria.it\/napoli\/wp-content\/uploads\/sites\/8\/2025\/09\/Ricci-150x150.jpg 150w, https:\/\/www.umanitaria.it\/napoli\/wp-content\/uploads\/sites\/8\/2025\/09\/Ricci-768x768.jpg 768w\" sizes=\"auto, (max-width: 1000px) 100vw, 1000px\" \/><\/figure>\n\n\n\n<p><strong>Ortopedia Ricci<\/strong><br><strong>Centro Polispecialistico<\/strong><\/p>\n\n\n\n<p>Via Enrico Pessina, 44, 80135 Napoli NA<br><strong><a href=\"tel:0815498814\" data-type=\"tel\" data-id=\"tel:0815498814\">081.5498814<\/a><\/strong><br><strong><a href=\"http:\/\/www.studiodefalco.it\" target=\"_blank\" rel=\"noreferrer noopener\">www.ortopediaricci.it<\/a><\/strong><\/p>\n\n\n\n<div class=\"dett-convenzione\">\n<p>I soci Humaniter che si recheranno presso il Centro Polispecialistico per l&#8217;esame baropodometrico pagheranno \u20ac 25,00<\/p>\n<\/div>\n<\/div>\n\n\n\n<div>\n<figure class=\"wp-block-image size-full\"><img loading=\"lazy\" decoding=\"async\" width=\"1000\" height=\"1000\" src=\"https:\/\/www.umanitaria.it\/napoli\/wp-content\/uploads\/sites\/8\/2025\/09\/Teatro-nazionale-Napoli.jpg\" alt=\"\" class=\"wp-image-14537\" srcset=\"https:\/\/www.umanitaria.it\/napoli\/wp-content\/uploads\/sites\/8\/2025\/09\/Teatro-nazionale-Napoli.jpg 1000w, https:\/\/www.umanitaria.it\/napoli\/wp-content\/uploads\/sites\/8\/2025\/09\/Teatro-nazionale-Napoli-300x300.jpg 300w, https:\/\/www.umanitaria.it\/napoli\/wp-content\/uploads\/sites\/8\/2025\/09\/Teatro-nazionale-Napoli-150x150.jpg 150w, https:\/\/www.umanitaria.it\/napoli\/wp-content\/uploads\/sites\/8\/2025\/09\/Teatro-nazionale-Napoli-768x768.jpg 768w\" sizes=\"auto, (max-width: 1000px) 100vw, 1000px\" \/><\/figure>\n\n\n\n<p><strong>Teatro stabile Napoli<\/strong><br><strong><strong>Teatro Mercadante &#8211; San Ferdinando &#8211; Ridotto<\/strong><\/strong><\/p>\n\n\n\n<p>Piazza Eduardo De Filippo 20, Napoli<br><strong><a href=\"tel:0815560342\"><strong>081.5510336<\/strong><\/a><\/strong><br><strong><strong><a href=\"tel:0815524214\" data-type=\"tel\" data-id=\"tel:0815524214\">081.5524214<\/a><\/strong><\/strong><br><strong><a href=\"http:\/\/www.teatrodinapoli.it\" target=\"_blank\" rel=\"noreferrer noopener\">www.teatrodinapoli.it<\/a><\/strong><\/p>\n\n\n\n<div class=\"dett-convenzione\">\n<p>Il Teatro si impegna a offrire a tutti gli affiliati, presentando in biglietteria il tesserino o qualsiasi altro documento attestante l\u2019appartenenza o l\u2019iscrizione alla Fondazione, la possibilit\u00e0 di acquistare abbonamenti e biglietti dei singoli spettacoli a condizioni vantaggiose:<\/p>\n\n\n\n<p><\/p>\n\n\n\n<p>-Riduzione sul costo del singolo abbonamento e\/o sconto su 2 biglietti interi del 20%;<br>-Per la visita guidata al Teatro San Ferdinando, il costo del biglietto sar\u00e0 di \u20ac 6&nbsp;&nbsp;(riduzione che si estende anche ad un accompagnatore).<\/p>\n\n\n\n<p><strong>La possibilit\u00e0 di acquistare biglietti e abbonamenti con tali riduzioni \u00e8 subordinata alla verifica della effettiva disponibilit\u00e0 di posti riservati alla promozione da verificare con l\u2019Ufficio Promozione del Teatro&nbsp;<\/strong><a href=\"mailto:ufficiopromozione@teatrodinapoli.it\"><strong>ufficiopromozione@teatrodinapoli.it<\/strong><\/a><\/p>\n<\/div>\n<\/div>\n\n\n\n<div>\n<p><\/p>\n\n\n\n<div class=\"dett-convenzione\"><\/div>\n\n\n\n<figure class=\"wp-block-image size-full\"><a href=\"https:\/\/www.trattoriavanvitelli.com\/\"><img loading=\"lazy\" decoding=\"async\" width=\"345\" height=\"341\" src=\"https:\/\/www.umanitaria.it\/napoli\/wp-content\/uploads\/sites\/8\/2025\/10\/Convenzioni-2025-26-def-3.bmp\" alt=\"\" class=\"wp-image-15645\" srcset=\"https:\/\/www.umanitaria.it\/napoli\/wp-content\/uploads\/sites\/8\/2025\/10\/Convenzioni-2025-26-def-3.bmp 345w, https:\/\/www.umanitaria.it\/napoli\/wp-content\/uploads\/sites\/8\/2025\/10\/Convenzioni-2025-26-def-3-300x297.webp 300w\" sizes=\"auto, (max-width: 345px) 100vw, 345px\" \/><\/a><\/figure>\n\n\n\n<p><a href=\"https:\/\/www.trattoriavanvitelli.com\"><strong>https:\/\/www.trattoriavanvitelli.com<\/strong><\/a><\/p>\n\n\n\n<p>Tel.<strong> <a href=\"tel:0815563015\" target=\"_blank\" rel=\"noreferrer noopener\">081 556 3015<\/a><\/strong><\/p>\n<\/div>\n\n\n\n<div>\n<figure class=\"wp-block-image size-full\"><img loading=\"lazy\" decoding=\"async\" width=\"378\" height=\"213\" src=\"https:\/\/www.umanitaria.it\/napoli\/wp-content\/uploads\/sites\/8\/2025\/10\/FRESCO-4.bmp\" alt=\"\" class=\"wp-image-15650\" srcset=\"https:\/\/www.umanitaria.it\/napoli\/wp-content\/uploads\/sites\/8\/2025\/10\/FRESCO-4.bmp 378w, https:\/\/www.umanitaria.it\/napoli\/wp-content\/uploads\/sites\/8\/2025\/10\/FRESCO-4-300x169.webp 300w\" sizes=\"auto, (max-width: 378px) 100vw, 378px\" \/><\/figure>\n\n\n\n<p>Via Cimarosa,20\/A (Piazza Fuga) Tel. <a href=\"tel:0815568774\"><strong>081.5568774<\/strong><\/a>  <\/p>\n\n\n\n<p><strong><a href=\"frescovomero@virgilio.it\" data-type=\"link\" data-id=\"frescovomero@virgilio.it\">frescovomero@virgilio.it<\/a>   <a href=\"https:\/\/frescotrattoria.it\/location\/napoli-vomero\/\" data-type=\"link\" data-id=\"https:\/\/frescotrattoria.it\/location\/napoli-vomero\/\">www.frescotrattoria.it<\/a><\/strong><\/p>\n\n\n\n<p><strong>Ai soci Humaniter, si applicher\u00e0 il 10% di sconto su tutto il menu<\/strong><\/p>\n\n\n\n<p>A pranzo dal luned\u00ec al venerd\u00ec escluso i festivi, applicher\u00e0 ai soci un ulteriore sconto del 5% <strong>\u00c8 GRADITA LA PRENOTAZIONE<\/strong> Si prega di comunicare l&#8217;appartenenza a Humaniter prima della richiesta del conto<\/p>\n<\/div>\n<\/div>\n\n\n\n<p><\/p>\n\n\n\n<div class=\"wp-block-file has-accent-background-color has-background\"><a id=\"wp-block-file--media-611c0dba-c8d7-4599-8c8a-8aa9afd10150\" href=\"https:\/\/www.umanitaria.it\/napoli\/wp-content\/uploads\/sites\/8\/2025\/10\/Convenzioni-2025-26-def.pdf\"><strong>ELENCO COMPLETO DELLE CONVENZIONI<\/strong><\/a><\/div>\n","protected":false},"excerpt":{"rendered":"<p>Essere Soci Humaniter significa poter contare su una rete di agevolazioni e sconti dedicati in tanti ambiti della vita quotidiana: salute, benessere, cultura, tempo libero e molto altro. E&#8217; possibile scaricare l&#8217;elenco completo di tutte le convenzioni in essere per il 2025-2026, in coda a questa pagina. Studio De FalcoServizi immobiliari Via F. Solimena 125\/127, &#8230; <a title=\"Convenzioni\" class=\"read-more\" href=\"https:\/\/www.umanitaria.it\/napoli\/corsi-humaniter\/convenzioni\/\" aria-label=\"Per saperne di pi\u00f9 su Convenzioni\">Leggi tutto<\/a><\/p>\n","protected":false},"author":1,"featured_media":14933,"parent":995,"menu_order":6,"comment_status":"closed","ping_status":"closed","template":"","meta":{"_acf_changed":false,"_seopress_robots_primary_cat":"","_seopress_titles_title":"","_seopress_titles_desc":"","_seopress_robots_index":"","inline_featured_image":false,"footnotes":""},"class_list":["post-14487","page","type-page","status-publish","has-post-thumbnail"],"acf":[],"_links":{"self":[{"href":"https:\/\/www.umanitaria.it\/napoli\/wp-json\/wp\/v2\/pages\/14487","targetHints":{"allow":["GET"]}}],"collection":[{"href":"https:\/\/www.umanitaria.it\/napoli\/wp-json\/wp\/v2\/pages"}],"about":[{"href":"https:\/\/www.umanitaria.it\/napoli\/wp-json\/wp\/v2\/types\/page"}],"author":[{"embeddable":true,"href":"https:\/\/www.umanitaria.it\/napoli\/wp-json\/wp\/v2\/users\/1"}],"replies":[{"embeddable":true,"href":"https:\/\/www.umanitaria.it\/napoli\/wp-json\/wp\/v2\/comments?post=14487"}],"version-history":[{"count":78,"href":"https:\/\/www.umanitaria.it\/napoli\/wp-json\/wp\/v2\/pages\/14487\/revisions"}],"predecessor-version":[{"id":17410,"href":"https:\/\/www.umanitaria.it\/napoli\/wp-json\/wp\/v2\/pages\/14487\/revisions\/17410"}],"up":[{"embeddable":true,"href":"https:\/\/www.umanitaria.it\/napoli\/wp-json\/wp\/v2\/pages\/995"}],"wp:featuredmedia":[{"embeddable":true,"href":"https:\/\/www.umanitaria.it\/napoli\/wp-json\/wp\/v2\/media\/14933"}],"wp:attachment":[{"href":"https:\/\/www.umanitaria.it\/napoli\/wp-json\/wp\/v2\/media?parent=14487"}],"curies":[{"name":"wp","href":"https:\/\/api.w.org\/{rel}","templated":true}]}}