{"id":14834,"date":"2025-09-15T17:40:11","date_gmt":"2025-09-15T15:40:11","guid":{"rendered":"https:\/\/www.umanitaria.it\/napoli\/?page_id=14834"},"modified":"2025-09-23T15:02:18","modified_gmt":"2025-09-23T13:02:18","slug":"par-gol-campania-2","status":"publish","type":"page","link":"https:\/\/www.umanitaria.it\/napoli\/par-gol-campania-2\/","title":{"rendered":"PAR GOL Campania"},"content":{"rendered":"\n<p><br><br><\/p>\n\n\n\n<div class=\"loghi-pargol\">\n<figure class=\"wp-block-image size-large is-resized\"><img loading=\"lazy\" decoding=\"async\" width=\"1024\" height=\"271\" src=\"https:\/\/www.umanitaria.it\/napoli\/wp-content\/uploads\/sites\/8\/2025\/09\/Next-Generation-EU-ParGol-Campania-1024x271.jpg\" alt=\"\" class=\"wp-image-14854\" style=\"width:325px;height:auto\" srcset=\"https:\/\/www.umanitaria.it\/napoli\/wp-content\/uploads\/sites\/8\/2025\/09\/Next-Generation-EU-ParGol-Campania-1024x271.jpg 1024w, https:\/\/www.umanitaria.it\/napoli\/wp-content\/uploads\/sites\/8\/2025\/09\/Next-Generation-EU-ParGol-Campania-300x80.jpg 300w, https:\/\/www.umanitaria.it\/napoli\/wp-content\/uploads\/sites\/8\/2025\/09\/Next-Generation-EU-ParGol-Campania-768x204.jpg 768w, https:\/\/www.umanitaria.it\/napoli\/wp-content\/uploads\/sites\/8\/2025\/09\/Next-Generation-EU-ParGol-Campania-1536x407.jpg 1536w, https:\/\/www.umanitaria.it\/napoli\/wp-content\/uploads\/sites\/8\/2025\/09\/Next-Generation-EU-ParGol-Campania.jpg 2000w\" sizes=\"auto, (max-width: 1024px) 100vw, 1024px\" \/><\/figure>\n\n\n\n<figure class=\"wp-block-image size-full is-resized\"><img loading=\"lazy\" decoding=\"async\" width=\"900\" height=\"530\" src=\"https:\/\/www.umanitaria.it\/napoli\/wp-content\/uploads\/sites\/8\/2025\/09\/ML-ParGol-Campania.jpg\" alt=\"\" class=\"wp-image-14852\" style=\"width:182px;height:auto\" srcset=\"https:\/\/www.umanitaria.it\/napoli\/wp-content\/uploads\/sites\/8\/2025\/09\/ML-ParGol-Campania.jpg 900w, https:\/\/www.umanitaria.it\/napoli\/wp-content\/uploads\/sites\/8\/2025\/09\/ML-ParGol-Campania-300x177.jpg 300w, https:\/\/www.umanitaria.it\/napoli\/wp-content\/uploads\/sites\/8\/2025\/09\/ML-ParGol-Campania-768x452.jpg 768w\" sizes=\"auto, (max-width: 900px) 100vw, 900px\" \/><\/figure>\n\n\n\n<figure class=\"wp-block-image size-full is-resized\"><img loading=\"lazy\" decoding=\"async\" width=\"584\" height=\"530\" src=\"https:\/\/www.umanitaria.it\/napoli\/wp-content\/uploads\/sites\/8\/2025\/09\/Regione-Campania.jpg\" alt=\"\" class=\"wp-image-14851\" style=\"width:145px;height:auto\" srcset=\"https:\/\/www.umanitaria.it\/napoli\/wp-content\/uploads\/sites\/8\/2025\/09\/Regione-Campania.jpg 584w, https:\/\/www.umanitaria.it\/napoli\/wp-content\/uploads\/sites\/8\/2025\/09\/Regione-Campania-300x272.jpg 300w\" sizes=\"auto, (max-width: 584px) 100vw, 584px\" \/><\/figure>\n\n\n\n<figure class=\"wp-block-image size-full is-resized\"><img loading=\"lazy\" decoding=\"async\" width=\"883\" height=\"530\" src=\"https:\/\/www.umanitaria.it\/napoli\/wp-content\/uploads\/sites\/8\/2025\/09\/GOL-ParGol-Campania.jpg\" alt=\"\" class=\"wp-image-14853\" style=\"width:229px;height:auto\" srcset=\"https:\/\/www.umanitaria.it\/napoli\/wp-content\/uploads\/sites\/8\/2025\/09\/GOL-ParGol-Campania.jpg 883w, https:\/\/www.umanitaria.it\/napoli\/wp-content\/uploads\/sites\/8\/2025\/09\/GOL-ParGol-Campania-300x180.jpg 300w, https:\/\/www.umanitaria.it\/napoli\/wp-content\/uploads\/sites\/8\/2025\/09\/GOL-ParGol-Campania-768x461.jpg 768w\" sizes=\"auto, (max-width: 883px) 100vw, 883px\" \/><\/figure>\n<\/div>\n\n\n\n<p><\/p>\n\n\n\n<p><\/p>\n\n\n\n<p><\/p>\n\n\n\n<h3 class=\"wp-block-heading\"><br><br>Programma \u201cGaranzia Occupabilit\u00e0 dei Lavoratori\u00a0&#8211; GOL&#8221;\u00a0<\/h3>\n\n\n\n<h4 class=\"wp-block-heading\">Piano Nazionale di Ripresa e Resilienza (PNRR), Missione 5 \u201cInclusione e coesione\u201d, Componente 1 \u201cPolitiche per il lavoro\u201d&nbsp;Riforma 1.1 \u201cPolitiche attive del Lavoro e Formazione\u201d, finanziato dall\u2019Unione Europea \u2013 Next Generation EU<\/h4>\n\n\n\n<hr class=\"wp-block-separator has-alpha-channel-opacity\"\/>\n\n\n\n<div class=\"wp-block-columns is-layout-flex wp-container-core-columns-is-layout-9d6595d7 wp-block-columns-is-layout-flex\">\n<div class=\"wp-block-column is-layout-flow wp-block-column-is-layout-flow\" style=\"flex-basis:20%\">\n<figure class=\"wp-block-image size-full\"><img loading=\"lazy\" decoding=\"async\" width=\"883\" height=\"530\" src=\"https:\/\/www.umanitaria.it\/napoli\/wp-content\/uploads\/sites\/8\/2025\/09\/GOL-ParGol-Campania.jpg\" alt=\"\" class=\"wp-image-14853\" srcset=\"https:\/\/www.umanitaria.it\/napoli\/wp-content\/uploads\/sites\/8\/2025\/09\/GOL-ParGol-Campania.jpg 883w, https:\/\/www.umanitaria.it\/napoli\/wp-content\/uploads\/sites\/8\/2025\/09\/GOL-ParGol-Campania-300x180.jpg 300w, https:\/\/www.umanitaria.it\/napoli\/wp-content\/uploads\/sites\/8\/2025\/09\/GOL-ParGol-Campania-768x461.jpg 768w\" sizes=\"auto, (max-width: 883px) 100vw, 883px\" \/><\/figure>\n<\/div>\n\n\n\n<div class=\"wp-block-column is-layout-flow wp-block-column-is-layout-flow\" style=\"flex-basis:80%\">\n<p><strong>La presente sezione dedicata al PAR GOL espone le informazioni inerenti a:<\/strong><\/p>\n\n\n\n<ul class=\"wp-block-list\">\n<li>settori economico-professionali di interesse dell\u2019Agenzia Formativa Societ\u00e0 Umanitaria, in relazione alle filiere produttive cui afferiscono le aziende con le quali la Societ\u00e0 Umanitaria ha stipulato specifici accordi di collaborazione per la realizzazione di attivit\u00e0 di formazione nell\u2019ambito del programma,&nbsp;<\/li>\n\n\n\n<li>le informazioni di dettaglio delle descritte aziende&nbsp;<\/li>\n\n\n\n<li>il catalogo dinamico dell\u2019offerta formativa della Societ\u00e0 Umanitaria, comprensivo di tutte le informazioni concernenti ciascun percorso formativo programmato, in corso di svolgimento e\/o concluso nell\u2019ambito del programma<\/li>\n<\/ul>\n<\/div>\n<\/div>\n\n\n\n<h3 class=\"wp-block-heading\">Chi pu\u00f2 accedere ai Corsi Gratuiti del Programma GOL?<\/h3>\n\n\n\n<ul class=\"wp-block-list\">\n<li><strong>DISOCCUPATI<\/strong><br>Disoccupati da almeno 6 mesi, lavoratori con minori opportunit\u00e0 occupazionali, lavoratori autonomi che cessano l\u2019attivit\u00e0 o con redditi molto bassi.<\/li>\n\n\n\n<li><strong>PERCETTORI DI NASPI<\/strong><br>Lavoratori che hanno perso l&#8217;occupazione. Rientrano apprendisti, dipendenti a tempo determinato e indeterminato, lavoratori di cooperative subordinati.<\/li>\n\n\n\n<li><strong>PERCETTORI DI RDC<\/strong><br>Una misura di sostegno economico rivolta alle famiglie con un reddito inferiore alla soglia di povert\u00e0, inseriti in un percorso di reinserimento lavorativo e sociale.<\/li>\n\n\n\n<li><strong>PERCETTORI DI CIGS<\/strong><br>Lavoratori in Cassa Integrazione che percepiscono un\u2019indennit\u00e0 dall\u2019Inps, che integra la loro retribuzione in vista di situazioni di riorganizzazione aziendale.<\/li>\n\n\n\n<li><strong>LAVORATORI FRAGILI<\/strong><br>Donne in condizioni di svantaggio, persone con disabilit\u00e0, lavoratori maturi (55 anni e oltre)e persone che sono inserite in progetti di inclusione sociale.<\/li>\n\n\n\n<li><strong>WORKING POOR<\/strong><br>Lavoratori poveri, che pur avendo un\u2019occupazione, si trovano a rischio povert\u00e0 o di esclusione sociale, a causa del reddito basso.<\/li>\n<\/ul>\n\n\n\n<hr class=\"wp-block-separator has-alpha-channel-opacity\"\/>\n\n\n\n<h3 class=\"wp-block-heading\">Programma GOL<\/h3>\n\n\n\n<h4 class=\"wp-block-heading\">Cosa prevede<\/h4>\n\n\n\n<p>Per ognuno di questi profili il&nbsp;<strong>programma PAR-GOL<\/strong>&nbsp;traccia sia l\u2019iniziale percorso di formazione personalizzata per la riqualificazione delle competenze, che l\u2019accompagnamento al lavoro.<\/p>\n\n\n\n<hr class=\"wp-block-separator has-alpha-channel-opacity\"\/>\n\n\n\n<h3 class=\"wp-block-heading\">I percorsi del programma<\/h3>\n\n\n\n<p><strong>I percorsi inseriti nel&nbsp;<\/strong><strong>Programma PAR-GOL<\/strong><strong>&nbsp;a sostegno del lavoro sono cinque:<\/strong><\/p>\n\n\n\n<ol class=\"wp-block-list\">\n<li><strong>reinserimento lavorativo,<\/strong>&nbsp;per i disoccupati che hanno competenze aggiornate tali da essere facilmente spendibili;<\/li>\n\n\n\n<li><strong>upskilling delle competenze<\/strong>,&nbsp;ossia aggiornamento professionale, con un periodo di formazione a breve termine;<\/li>\n\n\n\n<li><strong>reskilling<\/strong>,&nbsp;ovvero la riqualificazione, per quei lavoratori che hanno la necessit\u00e0 di acquisire un nuovo profilo professionale, grazie ad un percorso pi\u00f9 approfondito;<\/li>\n\n\n\n<li><strong>lavoro ed inclusione<\/strong>,&nbsp;per i lavoratori che hanno bisogno di essere orientati e accompagnati dalle reti territoriali dei servizi per il lavoro;<\/li>\n\n\n\n<li><strong>ricollocazione collettiva<\/strong>,&nbsp;rivolta principalmente a gruppi di lavoratori ad esempio in aziende in crisi.<\/li>\n<\/ol>\n\n\n\n<hr class=\"wp-block-separator has-alpha-channel-opacity\"\/>\n\n\n\n<h3 class=\"wp-block-heading\">Catalogo Formativo Dinamico della Societ\u00e0 Umanitaria<\/h3>\n\n\n\n<p><strong>Programma PAR GOL Regione Campania<\/strong><\/p>\n\n\n\n<div class=\"wp-block-columns is-layout-flex wp-container-core-columns-is-layout-9d6595d7 wp-block-columns-is-layout-flex\">\n<div class=\"wp-block-column is-layout-flow wp-block-column-is-layout-flow\" style=\"flex-basis:20%\">\n<figure class=\"wp-block-image size-full\"><img loading=\"lazy\" decoding=\"async\" width=\"320\" height=\"190\" src=\"https:\/\/www.umanitaria.it\/napoli\/wp-content\/uploads\/sites\/8\/2025\/09\/Logo-Gol-Campania.jpg\" alt=\"\" class=\"wp-image-14877\" srcset=\"https:\/\/www.umanitaria.it\/napoli\/wp-content\/uploads\/sites\/8\/2025\/09\/Logo-Gol-Campania.jpg 320w, https:\/\/www.umanitaria.it\/napoli\/wp-content\/uploads\/sites\/8\/2025\/09\/Logo-Gol-Campania-300x178.jpg 300w\" sizes=\"auto, (max-width: 320px) 100vw, 320px\" \/><\/figure>\n<\/div>\n\n\n\n<div class=\"wp-block-column is-layout-flow wp-block-column-is-layout-flow\" style=\"flex-basis:80%\">\n<p>Servizi turistici &#8211; <strong>SEP 23<\/strong><\/p>\n\n\n\n<p>Area comune &#8211; <strong>SEP 24<\/strong><\/p>\n<\/div>\n<\/div>\n\n\n\n<p><\/p>\n","protected":false},"excerpt":{"rendered":"<p>Programma \u201cGaranzia Occupabilit\u00e0 dei Lavoratori\u00a0&#8211; GOL&#8221;\u00a0 Piano Nazionale di Ripresa e Resilienza (PNRR), Missione 5 \u201cInclusione e coesione\u201d, Componente 1 \u201cPolitiche per il lavoro\u201d&nbsp;Riforma 1.1 \u201cPolitiche attive del Lavoro e Formazione\u201d, finanziato dall\u2019Unione Europea \u2013 Next Generation EU La presente sezione dedicata al PAR GOL espone le informazioni inerenti a: Chi pu\u00f2 accedere ai Corsi &#8230; <a title=\"PAR GOL Campania\" class=\"read-more\" href=\"https:\/\/www.umanitaria.it\/napoli\/par-gol-campania-2\/\" aria-label=\"Per saperne di pi\u00f9 su PAR GOL Campania\">Leggi tutto<\/a><\/p>\n","protected":false},"author":1,"featured_media":0,"parent":0,"menu_order":0,"comment_status":"closed","ping_status":"closed","template":"","meta":{"_acf_changed":false,"_seopress_robots_primary_cat":"","_seopress_titles_title":"","_seopress_titles_desc":"","_seopress_robots_index":"","inline_featured_image":false,"footnotes":""},"class_list":["post-14834","page","type-page","status-publish"],"acf":[],"_links":{"self":[{"href":"https:\/\/www.umanitaria.it\/napoli\/wp-json\/wp\/v2\/pages\/14834","targetHints":{"allow":["GET"]}}],"collection":[{"href":"https:\/\/www.umanitaria.it\/napoli\/wp-json\/wp\/v2\/pages"}],"about":[{"href":"https:\/\/www.umanitaria.it\/napoli\/wp-json\/wp\/v2\/types\/page"}],"author":[{"embeddable":true,"href":"https:\/\/www.umanitaria.it\/napoli\/wp-json\/wp\/v2\/users\/1"}],"replies":[{"embeddable":true,"href":"https:\/\/www.umanitaria.it\/napoli\/wp-json\/wp\/v2\/comments?post=14834"}],"version-history":[{"count":35,"href":"https:\/\/www.umanitaria.it\/napoli\/wp-json\/wp\/v2\/pages\/14834\/revisions"}],"predecessor-version":[{"id":15011,"href":"https:\/\/www.umanitaria.it\/napoli\/wp-json\/wp\/v2\/pages\/14834\/revisions\/15011"}],"wp:attachment":[{"href":"https:\/\/www.umanitaria.it\/napoli\/wp-json\/wp\/v2\/media?parent=14834"}],"curies":[{"name":"wp","href":"https:\/\/api.w.org\/{rel}","templated":true}]}}