{"id":1619,"date":"2025-06-23T12:06:55","date_gmt":"2025-06-23T10:06:55","guid":{"rendered":"https:\/\/www.umanitaria.it\/milano\/?page_id=1619"},"modified":"2025-09-22T16:12:37","modified_gmt":"2025-09-22T14:12:37","slug":"faq","status":"publish","type":"page","link":"https:\/\/www.umanitaria.it\/napoli\/corsi-humaniter\/corsi\/faq\/","title":{"rendered":"F.A.Q."},"content":{"rendered":"\n<div>\n<div class=\"gb-accordion\" data-transition=\"slide\">\n<div class=\"gb-accordion__item gb-accordion__item-ea434250\">\n<div role=\"button\" tabindex=\"0\" class=\"gb-accordion__toggle gb-accordion__toggle-c70e2690\" id=\"gb-accordion-toggle-c70e2690\">\n<span class=\"gb-text\">Dove trovo il regolamento per l&#8217;iscrizione e la frequenza dei corsi?<\/span>\n\n\n\n<span class=\"gb-accordion__toggle-icon gb-accordion__toggle-icon-3d8b2d8b\"><span class=\"gb-accordion__toggle-icon-open\"><\/span><span class=\"gb-accordion__toggle-icon-close\"><\/span><\/span>\n<\/div>\n\n\n\n<div class=\"gb-accordion__content\" id=\"gb-accordion-content-9ce6f3b3\">\n<div class=\"gb-element-2dc5b3c9\">\n<p>Pu\u00f2 scaricare il regolamento <a href=\"https:\/\/www.umanitaria.it\/milano\/corsi-humaniter\/corsi\/regolamento-corsi\/\" data-type=\"page\" data-id=\"1617\">cliccando qui<\/a>. Nel regolamento trova tutte le informazioni utili da seguire durante lo svolgimento dei corsi e le regole nella scelta dei corsi in fase d&#8217;iscrizione.<\/p>\n<\/div>\n<\/div>\n<\/div>\n\n\n\n<div class=\"gb-accordion__item gb-accordion__item-93938fca\">\n<div role=\"button\" tabindex=\"0\" class=\"gb-accordion__toggle gb-accordion__toggle-66229628\" id=\"gb-accordion-toggle-66229628\">\n<span class=\"gb-text\">Quanti corsi posso frequentare e quanto dovr\u00f2 versare di quota associativa?<\/span>\n\n\n\n<span class=\"gb-accordion__toggle-icon gb-accordion__toggle-icon-a8dc97d0\"><span class=\"gb-accordion__toggle-icon-open\"><\/span><span class=\"gb-accordion__toggle-icon-close\"><\/span><\/span>\n<\/div>\n\n\n\n<div class=\"gb-accordion__content\" id=\"gb-accordion-content-c90211ef\">\n<div class=\"gb-element-0ccc5eff\">\n<p>Per il 2025\/26 sar\u00e0 possibile scegliere tra le seguenti opzioni:<\/p>\n\n\n\n<ul class=\"wp-block-list\">\n<li>2 corsi in presenza + 1 corso online<\/li>\n\n\n\n<li>3 corsi in presenza + 2 corsi online<\/li>\n\n\n\n<li> 4 corsi online<\/li>\n<\/ul>\n\n\n\n<p>Per conoscere la quota d&#8217;iscrizione pu\u00f2 scriverci a <strong><a href=\"mailto:humaniter.milano@umanitaria.it\">humaniter.milano@umanitaria.it<\/a><\/strong> o chiamarci allo 02.55192966.<\/p>\n<\/div>\n<\/div>\n<\/div>\n\n\n\n<div class=\"gb-accordion__item gb-accordion__item-2eb4718a\">\n<div role=\"button\" tabindex=\"0\" class=\"gb-accordion__toggle gb-accordion__toggle-f5751a03\" id=\"gb-accordion-toggle-f5751a03\">\n<span class=\"gb-text\">Non ricordo la password?<\/span>\n\n\n\n<span class=\"gb-accordion__toggle-icon gb-accordion__toggle-icon-a5a560f6\"><span class=\"gb-accordion__toggle-icon-open\"><\/span><span class=\"gb-accordion__toggle-icon-close\"><\/span><\/span>\n<\/div>\n\n\n\n<div class=\"gb-accordion__content\" id=\"gb-accordion-content-4ead06a5\">\n<div class=\"gb-element-56b00e7d\">\n<p>Pu\u00f2 recuperare la sua password cliccando su accedi, dovr\u00e0 inserire come login il Codice Fiscale e cliccare su &#8220;Ho dimenticato la password&#8221; per ricevere via e-mail una nuova password provvisoria. Per evitare errori nella digitazione della password (maiuscole\/minuscole\/numeri) consigliamo di fare copia e incolla.<\/p>\n<\/div>\n<\/div>\n<\/div>\n\n\n\n<div class=\"gb-accordion__item gb-accordion__item-1e75e251\">\n<div role=\"button\" tabindex=\"0\" class=\"gb-accordion__toggle gb-accordion__toggle-653199e9\" id=\"gb-accordion-toggle-653199e9\">\n<span class=\"gb-text\">Account bloccato, cosa devo fare?<\/span>\n\n\n\n<span class=\"gb-accordion__toggle-icon gb-accordion__toggle-icon-04e805fc\"><span class=\"gb-accordion__toggle-icon-open\"><\/span><span class=\"gb-accordion__toggle-icon-close\"><\/span><\/span>\n<\/div>\n\n\n\n<div class=\"gb-accordion__content\" id=\"gb-accordion-content-f8ae9145\">\n<div class=\"gb-element-bcaa385a\">\n<p>Per sbloccare il suo account deve, dove aver cliccato su accedi, inserire come login il Codice Fiscale e cliccare su &#8220;Ho dimenticato la password&#8221; per ricevere via e-mail una nuova password provvisoria. Per evitare errori nella digitazione della password (maiuscole\/minuscole\/numero) consigliamo di fare copia e incolla.<\/p>\n\n\n\n<p>In questo modo il suo account si sbloccher\u00e0 e potr\u00e0 procedere con l&#8217;iscrizione.<\/p>\n<\/div>\n<\/div>\n<\/div>\n\n\n\n<div class=\"gb-accordion__item gb-accordion__item-c680b4a8\">\n<div role=\"button\" tabindex=\"0\" class=\"gb-accordion__toggle gb-accordion__toggle-412d9911\" id=\"gb-accordion-toggle-412d9911\">\n<span class=\"gb-text\">Devo cambiare la password provvisoria?<\/span>\n\n\n\n<span class=\"gb-accordion__toggle-icon gb-accordion__toggle-icon-2456ae71\"><span class=\"gb-accordion__toggle-icon-open\"><\/span><span class=\"gb-accordion__toggle-icon-close\"><\/span><\/span>\n<\/div>\n\n\n\n<div class=\"gb-accordion__content\" id=\"gb-accordion-content-f9994e1a\">\n<div class=\"gb-element-01aa8828\">\n<p>S\u00ec, tutte le password provvisorie vanno modificate al primo accesso. La nuova dovr\u00e0 contenere:<\/p>\n\n\n\n<ul class=\"wp-block-list\">\n<li>almeno 8 caratteri;<\/li>\n\n\n\n<li>almeno 1 numero;<\/li>\n\n\n\n<li>almeno 1 carattere maiuscolo (es. Password1);<\/li>\n\n\n\n<li>non potr\u00e0 essere uguale ad una utilizzata in precedenza.<\/li>\n<\/ul>\n\n\n\n<p>Dovr\u00e0 inserire una password di primo e una di secondo livello (consigliamo di inserire due password diverse anche se il sistema vi permetter\u00e0 di inserirla uguale)<\/p>\n<\/div>\n<\/div>\n<\/div>\n\n\n\n<div class=\"gb-accordion__item gb-accordion__item-28c23c78\">\n<div role=\"button\" tabindex=\"0\" class=\"gb-accordion__toggle gb-accordion__toggle-4c35422a\" id=\"gb-accordion-toggle-4c35422a\">\n<span class=\"gb-text\">Cosa vuol dire password di primo livello?<\/span>\n\n\n\n<span class=\"gb-accordion__toggle-icon gb-accordion__toggle-icon-24b7ec09\"><span class=\"gb-accordion__toggle-icon-open\"><\/span><span class=\"gb-accordion__toggle-icon-close\"><\/span><\/span>\n<\/div>\n\n\n\n<div class=\"gb-accordion__content\" id=\"gb-accordion-content-8afb2a08\">\n<div class=\"gb-element-472e2cd6\">\n<p>La password di primo livello \u00e8 quella che dovr\u00e0 utilizzare per accedere al sistema per procedere con la scelta dei corsi e con l&#8217;iscrizione.<\/p>\n<\/div>\n<\/div>\n<\/div>\n\n\n\n<div class=\"gb-accordion__item gb-accordion__item-71e6d0f4\">\n<div role=\"button\" tabindex=\"0\" class=\"gb-accordion__toggle gb-accordion__toggle-e75ab456\" id=\"gb-accordion-toggle-e75ab456\">\n<span class=\"gb-text\">Cosa vuol dire password di secondo livello\/password di sblocco?<\/span>\n\n\n\n<span class=\"gb-accordion__toggle-icon gb-accordion__toggle-icon-327cbe2c\"><span class=\"gb-accordion__toggle-icon-open\"><\/span><span class=\"gb-accordion__toggle-icon-close\"><\/span><\/span>\n<\/div>\n\n\n\n<div class=\"gb-accordion__content\" id=\"gb-accordion-content-b0514b62\">\n<div class=\"gb-element-a1d777cb\">\n<p>La password di secondo livello\/password di sblocco \u00e8 una garanzia in pi\u00f9 per i suoi dati, il sistema le chieder\u00e0 questa password solo nel caso di uscita non corretta o se prova ad accedere da pi\u00f9 dispositivi contemporaneamente.<\/p>\n<\/div>\n<\/div>\n<\/div>\n\n\n\n<div class=\"gb-accordion__item gb-accordion__item-fe6d4be9\">\n<div role=\"button\" tabindex=\"0\" class=\"gb-accordion__toggle gb-accordion__toggle-75dc9ea4\" id=\"gb-accordion-toggle-75dc9ea4\">\n<span class=\"gb-text\">Posso resettare solo la password di primo livello e non quella di secondo?<\/span>\n\n\n\n<span class=\"gb-accordion__toggle-icon gb-accordion__toggle-icon-21b2260b\"><span class=\"gb-accordion__toggle-icon-open\"><\/span><span class=\"gb-accordion__toggle-icon-close\"><\/span><\/span>\n<\/div>\n\n\n\n<div class=\"gb-accordion__content\" id=\"gb-accordion-content-7c8f134e\">\n<div class=\"gb-element-1b48309e\">\n<p>No, se procede al recupero password e quindi al reset dell&#8217;account dovr\u00e0 modificare entrambe le password.<\/p>\n<\/div>\n<\/div>\n<\/div>\n\n\n\n<div class=\"gb-accordion__item gb-accordion__item-35136705\">\n<div role=\"button\" tabindex=\"0\" class=\"gb-accordion__toggle gb-accordion__toggle-7c236a12\" id=\"gb-accordion-toggle-7c236a12\">\n<span class=\"gb-text\">Come posso modificare l&#8217;iscrizione una volta completato il versamento della quota?<\/span>\n\n\n\n<span class=\"gb-accordion__toggle-icon gb-accordion__toggle-icon-fe2d6290\"><span class=\"gb-accordion__toggle-icon-open\"><\/span><span class=\"gb-accordion__toggle-icon-close\"><\/span><\/span>\n<\/div>\n\n\n\n<div class=\"gb-accordion__content\" id=\"gb-accordion-content-7b9c6bff\">\n<div class=\"gb-element-b09b5623\">\n<p>Una volta completata l&#8217;iscrizione non sar\u00e0 pi\u00f9 possibile modificarla online ed eventuali aggiunte potranno essere fatte solo in segreteria. Le variazioni dei corsi senza supplemento si possono effettuare anche telefonicamente o via e-mail.<\/p>\n<\/div>\n<\/div>\n<\/div>\n\n\n\n<div class=\"gb-accordion__item gb-accordion__item-6ef135e8\">\n<div role=\"button\" tabindex=\"0\" class=\"gb-accordion__toggle gb-accordion__toggle-37ac7bff\" id=\"gb-accordion-toggle-37ac7bff\">\n<span class=\"gb-text\">Per i corsi di attivit\u00e0 sportiva ci sono delle quote extra?<\/span>\n\n\n\n<span class=\"gb-accordion__toggle-icon gb-accordion__toggle-icon-7e2fb472\"><span class=\"gb-accordion__toggle-icon-open\"><\/span><span class=\"gb-accordion__toggle-icon-close\"><\/span><\/span>\n<\/div>\n\n\n\n<div class=\"gb-accordion__content\" id=\"gb-accordion-content-94a52cad\">\n<div class=\"gb-element-53b6d3f1\">\n<p>Si, per iscriversi ai corsi di ballo, ginnastica, yoga o comunque movimento in genere (contraddistinti dalla sigla \u201cSport\u201d) \u00e8 richiesto il versamento, oltre al supplemento, della quota di 5,00\u20ac per l&#8217;iscrizione all&#8217;Umanitaria Societ\u00e0 Sportiva Dilettantistica (affiliata CONI).<\/p>\n<\/div>\n<\/div>\n<\/div>\n\n\n\n<div class=\"gb-accordion__item gb-accordion__item-e4b49e54\">\n<div role=\"button\" tabindex=\"0\" class=\"gb-accordion__toggle gb-accordion__toggle-deff3992\" id=\"gb-accordion-toggle-deff3992\">\n<span class=\"gb-text\">Per i corsi di attivit\u00e0 sportiva devo portare il certificato medico?<\/span>\n\n\n\n<span class=\"gb-accordion__toggle-icon gb-accordion__toggle-icon-0521caeb\"><span class=\"gb-accordion__toggle-icon-open\"><\/span><span class=\"gb-accordion__toggle-icon-close\"><\/span><\/span>\n<\/div>\n\n\n\n<div class=\"gb-accordion__content\" id=\"gb-accordion-content-e66cbbef\">\n<div class=\"gb-element-305dca88\">\n<p>Si. \u00c8 obbligatorio, per tutti, consegnare il certificato medico di idoneit\u00e0 alla pratica sportiva non agonistica entro il 26 settembre.<\/p>\n<\/div>\n<\/div>\n<\/div>\n\n\n\n<div class=\"gb-accordion__item gb-accordion__item-2b7d9489\">\n<div role=\"button\" tabindex=\"0\" class=\"gb-accordion__toggle gb-accordion__toggle-35388d87\" id=\"gb-accordion-toggle-35388d87\">\n<span class=\"gb-text\">Devo inserire due volte i dati della carta di credito, perch\u00e9?<\/span>\n\n\n\n<span class=\"gb-accordion__toggle-icon gb-accordion__toggle-icon-cda84cbf\"><span class=\"gb-accordion__toggle-icon-open\"><\/span><span class=\"gb-accordion__toggle-icon-close\"><\/span><\/span>\n<\/div>\n\n\n\n<div class=\"gb-accordion__content\" id=\"gb-accordion-content-dc66770c\">\n<div class=\"gb-element-9f145ecf\">\n<p>Il sistema chieder\u00e0 due pagamenti diversi solo quando si proceder\u00e0 alla scelta di corsi di attivit\u00e0 sportiva: il primo per Societ\u00e0 Umanitaria e il secondo per l&#8217;Umanitaria Societ\u00e0 Sportiva Dilettantistica. I dati della carta di credito dovranno essere inseriti due volte.<\/p>\n<\/div>\n<\/div>\n<\/div>\n\n\n\n<div class=\"gb-accordion__item gb-accordion__item-35bcc276\">\n<div role=\"button\" tabindex=\"0\" class=\"gb-accordion__toggle gb-accordion__toggle-edd169cc\" id=\"gb-accordion-toggle-edd169cc\">\n<span class=\"gb-text\">Con quali carte di credito\/prepagate posso versare la quota?<\/span>\n\n\n\n<span class=\"gb-accordion__toggle-icon gb-accordion__toggle-icon-fde961b8\"><span class=\"gb-accordion__toggle-icon-open\"><\/span><span class=\"gb-accordion__toggle-icon-close\"><\/span><\/span>\n<\/div>\n\n\n\n<div class=\"gb-accordion__content\" id=\"gb-accordion-content-7bf6de83\">\n<div class=\"gb-element-1e456c5f\">\n<p>Le carte di credito\/debito\/prepagata accettate sono quelle dei circuiti Visa, VPay, Mastercard e Maestro. Durante il pagamento potr\u00e0 essere richiesto il Verified by Visa o il MasterCard SecureCode in base al circuito della propria carta di credito o qualsiasi altro codice fornito dalla banca. Se non \u00e8 in possesso di questo codice dovr\u00e0 rivolgersi al proprio istituto bancario prima di procedere al versamento della quota.<\/p>\n<\/div>\n<\/div>\n<\/div>\n<\/div>\n<\/div>\n\n\n\n<div>\n<div class=\"gb-accordion\" data-transition=\"slide\">\n<div class=\"gb-accordion__item gb-accordion__item-ea434250\">\n<div role=\"button\" tabindex=\"0\" class=\"gb-accordion__toggle gb-accordion__toggle-c70e2690\" id=\"gb-accordion-toggle-c70e2690\">\n<span class=\"gb-text\">Dove trovo il regolamento per l&#8217;iscrizione e la frequenza dei corsi?<\/span>\n\n\n\n<span class=\"gb-accordion__toggle-icon gb-accordion__toggle-icon-3d8b2d8b\"><span class=\"gb-accordion__toggle-icon-open\"><\/span><span class=\"gb-accordion__toggle-icon-close\"><\/span><\/span>\n<\/div>\n\n\n\n<div class=\"gb-accordion__content\" id=\"gb-accordion-content-9ce6f3b3\">\n<div class=\"gb-element-2dc5b3c9\">\n<p>Pu\u00f2 scaricare il regolamento cliccando <a href=\"#\">qui<\/a>. Nel regolamento trova tutte le informazioni utili da seguire durante lo svolgimento dei corsi e le regole nella scelta dei corsi in fase d&#8217;iscrizione.<\/p>\n<\/div>\n<\/div>\n<\/div>\n\n\n\n<div class=\"gb-accordion__item gb-accordion__item-93938fca\">\n<div role=\"button\" tabindex=\"0\" class=\"gb-accordion__toggle gb-accordion__toggle-66229628\" id=\"gb-accordion-toggle-66229628\">\n<span class=\"gb-text\">Quanti corsi posso frequentare e quanto dovr\u00f2 versare di quota associativa?<\/span>\n\n\n\n<span class=\"gb-accordion__toggle-icon gb-accordion__toggle-icon-a8dc97d0\"><span class=\"gb-accordion__toggle-icon-open\"><\/span><span class=\"gb-accordion__toggle-icon-close\"><\/span><\/span>\n<\/div>\n\n\n\n<div class=\"gb-accordion__content\" id=\"gb-accordion-content-c90211ef\">\n<div class=\"gb-element-0ccc5eff\">\n<p>Per il 2024\/25 sar\u00e0 possibile scegliere tra le seguenti opzioni:<\/p>\n\n\n\n<ul class=\"wp-block-list\">\n<li>2 corsi in presenza + 1 corso online<\/li>\n\n\n\n<li>3 corsi in presenza + 2 corsi online<\/li>\n\n\n\n<li> 4 corsi online<\/li>\n<\/ul>\n\n\n\n<p>Per conoscere la quota d&#8217;iscrizione pu\u00f2 scrivici a <strong><a href=\"mailto:humaniter.milano@umanitaria.it\">humaniter.milano@umanitaria.it<\/a><\/strong> o chiamaci allo 02.55192966.<\/p>\n<\/div>\n<\/div>\n<\/div>\n\n\n\n<div class=\"gb-accordion__item gb-accordion__item-2eb4718a\">\n<div role=\"button\" tabindex=\"0\" class=\"gb-accordion__toggle gb-accordion__toggle-f5751a03\" id=\"gb-accordion-toggle-f5751a03\">\n<span class=\"gb-text\">Non ricordo la password?<\/span>\n\n\n\n<span class=\"gb-accordion__toggle-icon gb-accordion__toggle-icon-a5a560f6\"><span class=\"gb-accordion__toggle-icon-open\"><\/span><span class=\"gb-accordion__toggle-icon-close\"><\/span><\/span>\n<\/div>\n\n\n\n<div class=\"gb-accordion__content\" id=\"gb-accordion-content-4ead06a5\">\n<div class=\"gb-element-56b00e7d\">\n<p>Pu\u00f2 recuperare la sua password cliccando su accedi, dovr\u00e0 inserire come login il Codice Fiscale e cliccare su &#8220;Ho dimenticato la password&#8221; per ricevere via e-mail una nuova password provvisoria. Per evitare errori nella digitazione della password (maiuscole\/minuscole\/numeri) consigliamo di fare copia e incolla.<\/p>\n<\/div>\n<\/div>\n<\/div>\n\n\n\n<div class=\"gb-accordion__item gb-accordion__item-1e75e251\">\n<div role=\"button\" tabindex=\"0\" class=\"gb-accordion__toggle gb-accordion__toggle-653199e9\" id=\"gb-accordion-toggle-653199e9\">\n<span class=\"gb-text\">Account bloccato, cosa devo fare?<\/span>\n\n\n\n<span class=\"gb-accordion__toggle-icon gb-accordion__toggle-icon-04e805fc\"><span class=\"gb-accordion__toggle-icon-open\"><\/span><span class=\"gb-accordion__toggle-icon-close\"><\/span><\/span>\n<\/div>\n\n\n\n<div class=\"gb-accordion__content\" id=\"gb-accordion-content-f8ae9145\">\n<div class=\"gb-element-bcaa385a\">\n<p>Per sbloccare il suo account deve, dove aver cliccato su accedi, inserire come login il Codice Fiscale e cliccare su &#8220;Ho dimenticato la password&#8221; per ricevere via e-mail una nuova password provvisoria. Per evitare errori nella digitazione della password (maiuscole\/minuscole\/numero) consigliamo di fare copia e incolla.<\/p>\n\n\n\n<p>In questo modo il suo account si sbloccher\u00e0 e potr\u00e0 procedere con l&#8217;iscrizione.<\/p>\n<\/div>\n<\/div>\n<\/div>\n\n\n\n<div class=\"gb-accordion__item gb-accordion__item-c680b4a8\">\n<div role=\"button\" tabindex=\"0\" class=\"gb-accordion__toggle gb-accordion__toggle-412d9911\" id=\"gb-accordion-toggle-412d9911\">\n<span class=\"gb-text\">Devo cambiare la password provvisoria?<\/span>\n\n\n\n<span class=\"gb-accordion__toggle-icon gb-accordion__toggle-icon-2456ae71\"><span class=\"gb-accordion__toggle-icon-open\"><\/span><span class=\"gb-accordion__toggle-icon-close\"><\/span><\/span>\n<\/div>\n\n\n\n<div class=\"gb-accordion__content\" id=\"gb-accordion-content-f9994e1a\">\n<div class=\"gb-element-01aa8828\">\n<p>S\u00ec, tutte le password provvisorie vanno modificate al primo accesso. La nuova dovr\u00e0 contenere:<\/p>\n\n\n\n<ul class=\"wp-block-list\">\n<li>almeno 8 caratteri;<\/li>\n\n\n\n<li>almeno 1 numero;<\/li>\n\n\n\n<li>almeno 1 carattere maiuscolo (es. Password1);<\/li>\n\n\n\n<li>non potr\u00e0 essere uguale ad una utilizzata in precedenza.<\/li>\n<\/ul>\n\n\n\n<p>Dovr\u00e0 inserire una password di primo e una di secondo livello (consigliamo di inserire due password diverse anche se il sistema vi permetter\u00e0 di inserirla uguale)<\/p>\n<\/div>\n<\/div>\n<\/div>\n\n\n\n<div class=\"gb-accordion__item gb-accordion__item-28c23c78\">\n<div role=\"button\" tabindex=\"0\" class=\"gb-accordion__toggle gb-accordion__toggle-4c35422a\" id=\"gb-accordion-toggle-4c35422a\">\n<span class=\"gb-text\">Cosa vuol dire password di primo livello?<\/span>\n\n\n\n<span class=\"gb-accordion__toggle-icon gb-accordion__toggle-icon-24b7ec09\"><span class=\"gb-accordion__toggle-icon-open\"><\/span><span class=\"gb-accordion__toggle-icon-close\"><\/span><\/span>\n<\/div>\n\n\n\n<div class=\"gb-accordion__content\" id=\"gb-accordion-content-8afb2a08\">\n<div class=\"gb-element-472e2cd6\">\n<p>La password di primo livello \u00e8 quella che dovr\u00e0 utilizzare per accedere al sistema per procedere con la scelta dei corsi e con l&#8217;iscrizione.<\/p>\n<\/div>\n<\/div>\n<\/div>\n\n\n\n<div class=\"gb-accordion__item gb-accordion__item-71e6d0f4\">\n<div role=\"button\" tabindex=\"0\" class=\"gb-accordion__toggle gb-accordion__toggle-e75ab456\" id=\"gb-accordion-toggle-e75ab456\">\n<span class=\"gb-text\">Cosa vuol dire password di secondo livello\/password di sblocco?<\/span>\n\n\n\n<span class=\"gb-accordion__toggle-icon gb-accordion__toggle-icon-327cbe2c\"><span class=\"gb-accordion__toggle-icon-open\"><\/span><span class=\"gb-accordion__toggle-icon-close\"><\/span><\/span>\n<\/div>\n\n\n\n<div class=\"gb-accordion__content\" id=\"gb-accordion-content-b0514b62\">\n<div class=\"gb-element-a1d777cb\">\n<p>La password di secondo livello \u00e8 una garanzia in pi\u00f9 per i suoi dati, il sistema le chiedera questa password solo nel caso di uscita non corretta o se prova ad accedere da pi\u00f9 dispositivi contemporaneamente.<\/p>\n<\/div>\n<\/div>\n<\/div>\n\n\n\n<div class=\"gb-accordion__item gb-accordion__item-fe6d4be9\">\n<div role=\"button\" tabindex=\"0\" class=\"gb-accordion__toggle gb-accordion__toggle-75dc9ea4\" id=\"gb-accordion-toggle-75dc9ea4\">\n<span class=\"gb-text\">Posso resettare solo la password di primo livello e non quella di secondo?<\/span>\n\n\n\n<span class=\"gb-accordion__toggle-icon gb-accordion__toggle-icon-21b2260b\"><span class=\"gb-accordion__toggle-icon-open\"><\/span><span class=\"gb-accordion__toggle-icon-close\"><\/span><\/span>\n<\/div>\n\n\n\n<div class=\"gb-accordion__content\" id=\"gb-accordion-content-7c8f134e\">\n<div class=\"gb-element-1b48309e\">\n<p>No, se procede al recupero password e quindi al reset dell&#8217;account dovr\u00e0 modificare entrambe le password.<\/p>\n<\/div>\n<\/div>\n<\/div>\n\n\n\n<div class=\"gb-accordion__item gb-accordion__item-35136705\">\n<div role=\"button\" tabindex=\"0\" class=\"gb-accordion__toggle gb-accordion__toggle-7c236a12\" id=\"gb-accordion-toggle-7c236a12\">\n<span class=\"gb-text\">Come posso modificare l&#8217;iscrizione una volta completato il versamento della quota?<\/span>\n\n\n\n<span class=\"gb-accordion__toggle-icon gb-accordion__toggle-icon-fe2d6290\"><span class=\"gb-accordion__toggle-icon-open\"><\/span><span class=\"gb-accordion__toggle-icon-close\"><\/span><\/span>\n<\/div>\n\n\n\n<div class=\"gb-accordion__content\" id=\"gb-accordion-content-7b9c6bff\">\n<div class=\"gb-element-b09b5623\">\n<p>Una volta completata l&#8217;iscrizione non sar\u00e0 pi\u00f9 possibile modificarla online ed eventuali aggiunte potranno essere fatte solo in segreteria. Le variazioni dei corsi senza supplemento si possono effettuare anche telefonicamente o via e-mail.<\/p>\n<\/div>\n<\/div>\n<\/div>\n\n\n\n<div class=\"gb-accordion__item gb-accordion__item-6ef135e8\">\n<div role=\"button\" tabindex=\"0\" class=\"gb-accordion__toggle gb-accordion__toggle-37ac7bff\" id=\"gb-accordion-toggle-37ac7bff\">\n<span class=\"gb-text\">Per i corsi di attivit\u00e0 sportiva ci sono delle quote extra?<\/span>\n\n\n\n<span class=\"gb-accordion__toggle-icon gb-accordion__toggle-icon-7e2fb472\"><span class=\"gb-accordion__toggle-icon-open\"><\/span><span class=\"gb-accordion__toggle-icon-close\"><\/span><\/span>\n<\/div>\n\n\n\n<div class=\"gb-accordion__content\" id=\"gb-accordion-content-94a52cad\">\n<div class=\"gb-element-53b6d3f1\">\n<p>Si, per iscriversi ai corsi di ballo, ginnastica, yoga o comunque movimento in genere (contraddistinti dalla sigla \u201cSport\u201d) \u00e8 richiesto il versamento, oltre al supplemento, della quota di 5,00\u20ac per l&#8217;iscrizione all&#8217;Umanitaria Societ\u00e0 Sportiva Dilettantistica (affiliata CONI).<\/p>\n<\/div>\n<\/div>\n<\/div>\n\n\n\n<div class=\"gb-accordion__item gb-accordion__item-e4b49e54\">\n<div role=\"button\" tabindex=\"0\" class=\"gb-accordion__toggle gb-accordion__toggle-deff3992\" id=\"gb-accordion-toggle-deff3992\">\n<span class=\"gb-text\">Per i corsi di attivit\u00e0 sportiva devo portare il certificato medico?<\/span>\n\n\n\n<span class=\"gb-accordion__toggle-icon gb-accordion__toggle-icon-0521caeb\"><span class=\"gb-accordion__toggle-icon-open\"><\/span><span class=\"gb-accordion__toggle-icon-close\"><\/span><\/span>\n<\/div>\n\n\n\n<div class=\"gb-accordion__content\" id=\"gb-accordion-content-e66cbbef\">\n<div class=\"gb-element-305dca88\">\n<p>Si. \u00c8 obbligatorio, per tutti, consegnare il certificato medico di idoneit\u00e0 alla pratica sportiva non agonistica entro il 24 settembre.<\/p>\n<\/div>\n<\/div>\n<\/div>\n\n\n\n<div class=\"gb-accordion__item gb-accordion__item-2b7d9489\">\n<div role=\"button\" tabindex=\"0\" class=\"gb-accordion__toggle gb-accordion__toggle-35388d87\" id=\"gb-accordion-toggle-35388d87\">\n<span class=\"gb-text\">Devo inserire due volte i dati della carta di credito, perch\u00e9?<\/span>\n\n\n\n<span class=\"gb-accordion__toggle-icon gb-accordion__toggle-icon-cda84cbf\"><span class=\"gb-accordion__toggle-icon-open\"><\/span><span class=\"gb-accordion__toggle-icon-close\"><\/span><\/span>\n<\/div>\n\n\n\n<div class=\"gb-accordion__content\" id=\"gb-accordion-content-dc66770c\">\n<div class=\"gb-element-9f145ecf\">\n<p>Il sistema chieder\u00e0 due pagamenti diversi solo quando si proceder\u00e0 alla scelta di corsi di attivit\u00e0 sportiva: il primo per Societ\u00e0 Umanitaria e il secondo per l&#8217;Umanitaria Societ\u00e0 Sportiva Dilettantistica. I dati della carta di credito dovranno essere inseriti due volte.<\/p>\n<\/div>\n<\/div>\n<\/div>\n\n\n\n<div class=\"gb-accordion__item gb-accordion__item-35bcc276\">\n<div role=\"button\" tabindex=\"0\" class=\"gb-accordion__toggle gb-accordion__toggle-edd169cc\" id=\"gb-accordion-toggle-edd169cc\">\n<span class=\"gb-text\">.&nbsp; Con quali carte di credito\/prepagate posso versare la quota?<\/span>\n\n\n\n<span class=\"gb-accordion__toggle-icon gb-accordion__toggle-icon-fde961b8\"><span class=\"gb-accordion__toggle-icon-open\"><\/span><span class=\"gb-accordion__toggle-icon-close\"><\/span><\/span>\n<\/div>\n\n\n\n<div class=\"gb-accordion__content\" id=\"gb-accordion-content-7bf6de83\">\n<div class=\"gb-element-1e456c5f\">\n<p>Le carte di credito\/debito\/prepagata accettate sono quelle dei circuiti Visa, VPay, Mastercard e Maestro. Durante il pagamento potr\u00e0 essere richiesto il Verified by Visa o il MasterCard SecureCode in base al circuito della propria carta di credito o qualsiasi altro codice fornito dalla banca. Se non \u00e8 in possesso di questo codice dovr\u00e0 rivolgersi al proprio istituto bancario prima di procedere al versamento della quota.<\/p>\n<\/div>\n<\/div>\n<\/div>\n<\/div>\n<\/div>\n","protected":false},"excerpt":{"rendered":"","protected":false},"author":1,"featured_media":0,"parent":1621,"menu_order":4,"comment_status":"closed","ping_status":"closed","template":"","meta":{"_acf_changed":false,"_seopress_robots_primary_cat":"","_seopress_titles_title":"","_seopress_titles_desc":"","_seopress_robots_index":"","inline_featured_image":false,"footnotes":""},"class_list":["post-1619","page","type-page","status-publish"],"acf":[],"_links":{"self":[{"href":"https:\/\/www.umanitaria.it\/napoli\/wp-json\/wp\/v2\/pages\/1619","targetHints":{"allow":["GET"]}}],"collection":[{"href":"https:\/\/www.umanitaria.it\/napoli\/wp-json\/wp\/v2\/pages"}],"about":[{"href":"https:\/\/www.umanitaria.it\/napoli\/wp-json\/wp\/v2\/types\/page"}],"author":[{"embeddable":true,"href":"https:\/\/www.umanitaria.it\/napoli\/wp-json\/wp\/v2\/users\/1"}],"replies":[{"embeddable":true,"href":"https:\/\/www.umanitaria.it\/napoli\/wp-json\/wp\/v2\/comments?post=1619"}],"version-history":[{"count":1,"href":"https:\/\/www.umanitaria.it\/napoli\/wp-json\/wp\/v2\/pages\/1619\/revisions"}],"predecessor-version":[{"id":14728,"href":"https:\/\/www.umanitaria.it\/napoli\/wp-json\/wp\/v2\/pages\/1619\/revisions\/14728"}],"up":[{"embeddable":true,"href":"https:\/\/www.umanitaria.it\/napoli\/wp-json\/wp\/v2\/pages\/1621"}],"wp:attachment":[{"href":"https:\/\/www.umanitaria.it\/napoli\/wp-json\/wp\/v2\/media?parent=1619"}],"curies":[{"name":"wp","href":"https:\/\/api.w.org\/{rel}","templated":true}]}}