{"id":1623,"date":"2025-06-23T12:12:15","date_gmt":"2025-06-23T10:12:15","guid":{"rendered":"https:\/\/www.umanitaria.it\/milano\/?page_id=1623"},"modified":"2025-09-22T16:15:28","modified_gmt":"2025-09-22T14:15:28","slug":"attivita","status":"publish","type":"page","link":"https:\/\/www.umanitaria.it\/napoli\/corsi-humaniter\/attivita\/","title":{"rendered":"Attivit\u00e0 Aggregative"},"content":{"rendered":"\n<div>\n<p>Ogni anno <strong>Societ\u00e0 Umanitaria\/Humaniter<\/strong> organizza per i suoi soci viaggi, visite guidate e gite culturali alla scoperta delle bellezze del nostro territorio e della nostra <em>Bella Italia.<\/em> Luoghi pensati sia per chi ha la possibilit\u00e0 di star fuori qualche giorno in pi\u00f9, sia per chi, invece, preferisce spostamenti pi\u00f9 brevi o vuole semplicemente scoprire o perfezionare la conoscenza del nostro territorio.<\/p>\n<\/div>\n\n\n<div class='formazione-loop taxonomy'><article><a href='\/napoli\/wp-json\/wp\/v2\/pages\/1623gite'> <picture>\n                        <img width='100' src='https:\/\/www.umanitaria.it\/napoli\/wp-content\/uploads\/sites\/8\/2025\/09\/gite.jpg' alt='Gite' class='evento-immagine' \/>             \n                    <\/picture><h4>Gite<\/h4><p><\/p><\/a><\/article><article><a href='\/napoli\/wp-json\/wp\/v2\/pages\/1623viaggi'> <picture>\n                        <img width='100' src='https:\/\/www.umanitaria.it\/napoli\/wp-content\/uploads\/sites\/8\/2025\/09\/viaggi_gite.png' alt='Viaggi' class='evento-immagine' \/>             \n                    <\/picture><h4>Viaggi<\/h4><p><\/p><\/a><\/article><article><a href='\/napoli\/wp-json\/wp\/v2\/pages\/1623visite-guidate'> <picture>\n                        <img width='100' src='https:\/\/www.umanitaria.it\/napoli\/wp-content\/uploads\/sites\/8\/2025\/09\/visite-guidate.png' alt='Visite guidate' class='evento-immagine' \/>             \n                    <\/picture><h4>Visite guidate<\/h4><p><\/p><\/a><\/article><\/div>\n","protected":false},"excerpt":{"rendered":"<p>Ogni anno Societ\u00e0 Umanitaria\/Humaniter organizza per i suoi soci viaggi, visite guidate e gite culturali alla scoperta delle bellezze del nostro territorio e della nostra Bella Italia. Luoghi pensati sia per chi ha la possibilit\u00e0 di star fuori qualche giorno in pi\u00f9, sia per chi, invece, preferisce spostamenti pi\u00f9 brevi o vuole semplicemente scoprire o &#8230; <a title=\"Attivit\u00e0 Aggregative\" class=\"read-more\" href=\"https:\/\/www.umanitaria.it\/napoli\/corsi-humaniter\/attivita\/\" aria-label=\"Per saperne di pi\u00f9 su Attivit\u00e0 Aggregative\">Leggi tutto<\/a><\/p>\n","protected":false},"author":1,"featured_media":14949,"parent":995,"menu_order":4,"comment_status":"closed","ping_status":"closed","template":"","meta":{"_acf_changed":false,"_seopress_robots_primary_cat":"","_seopress_titles_title":"","_seopress_titles_desc":"","_seopress_robots_index":"","inline_featured_image":false,"footnotes":""},"class_list":["post-1623","page","type-page","status-publish","has-post-thumbnail"],"acf":[],"_links":{"self":[{"href":"https:\/\/www.umanitaria.it\/napoli\/wp-json\/wp\/v2\/pages\/1623","targetHints":{"allow":["GET"]}}],"collection":[{"href":"https:\/\/www.umanitaria.it\/napoli\/wp-json\/wp\/v2\/pages"}],"about":[{"href":"https:\/\/www.umanitaria.it\/napoli\/wp-json\/wp\/v2\/types\/page"}],"author":[{"embeddable":true,"href":"https:\/\/www.umanitaria.it\/napoli\/wp-json\/wp\/v2\/users\/1"}],"replies":[{"embeddable":true,"href":"https:\/\/www.umanitaria.it\/napoli\/wp-json\/wp\/v2\/comments?post=1623"}],"version-history":[{"count":2,"href":"https:\/\/www.umanitaria.it\/napoli\/wp-json\/wp\/v2\/pages\/1623\/revisions"}],"predecessor-version":[{"id":14950,"href":"https:\/\/www.umanitaria.it\/napoli\/wp-json\/wp\/v2\/pages\/1623\/revisions\/14950"}],"up":[{"embeddable":true,"href":"https:\/\/www.umanitaria.it\/napoli\/wp-json\/wp\/v2\/pages\/995"}],"wp:featuredmedia":[{"embeddable":true,"href":"https:\/\/www.umanitaria.it\/napoli\/wp-json\/wp\/v2\/media\/14949"}],"wp:attachment":[{"href":"https:\/\/www.umanitaria.it\/napoli\/wp-json\/wp\/v2\/media?parent=1623"}],"curies":[{"name":"wp","href":"https:\/\/api.w.org\/{rel}","templated":true}]}}