{"id":985,"date":"2025-05-13T08:40:46","date_gmt":"2025-05-13T06:40:46","guid":{"rendered":"https:\/\/www.umanitaria.it\/demo\/?page_id=985"},"modified":"2025-09-22T16:04:41","modified_gmt":"2025-09-22T14:04:41","slug":"chi-siamo","status":"publish","type":"page","link":"https:\/\/www.umanitaria.it\/napoli\/chi-siamo\/","title":{"rendered":"Chi siamo"},"content":{"rendered":"\n<div class=\"wp-block-columns colonne-protagonisti alignCenter is-layout-flex wp-container-core-columns-is-layout-9d6595d7 wp-block-columns-is-layout-flex\">\n<div class=\"wp-block-column is-layout-flow wp-block-column-is-layout-flow\" style=\"flex-basis:30%\">\n<figure class=\"wp-block-image size-large is-resized normal-height\"><img loading=\"lazy\" decoding=\"async\" width=\"587\" height=\"1024\" src=\"https:\/\/www.umanitaria.it\/napoli\/wp-content\/uploads\/sites\/8\/2025\/09\/foto-sede-verticale-per-home-page-siti-587x1024.jpg\" alt=\"\" class=\"wp-image-14842\" style=\"width:367px;height:auto\" srcset=\"https:\/\/www.umanitaria.it\/napoli\/wp-content\/uploads\/sites\/8\/2025\/09\/foto-sede-verticale-per-home-page-siti-587x1024.jpg 587w, https:\/\/www.umanitaria.it\/napoli\/wp-content\/uploads\/sites\/8\/2025\/09\/foto-sede-verticale-per-home-page-siti-172x300.jpg 172w, https:\/\/www.umanitaria.it\/napoli\/wp-content\/uploads\/sites\/8\/2025\/09\/foto-sede-verticale-per-home-page-siti-768x1341.jpg 768w, https:\/\/www.umanitaria.it\/napoli\/wp-content\/uploads\/sites\/8\/2025\/09\/foto-sede-verticale-per-home-page-siti-880x1536.jpg 880w, https:\/\/www.umanitaria.it\/napoli\/wp-content\/uploads\/sites\/8\/2025\/09\/foto-sede-verticale-per-home-page-siti.jpg 959w\" sizes=\"auto, (max-width: 587px) 100vw, 587px\" \/><\/figure>\n<\/div>\n\n\n\n<div class=\"wp-block-column is-layout-flow wp-block-column-is-layout-flow\" style=\"flex-basis:70%\">\n<p><strong>Intelligenza e sperimentazione. Capacit\u00e0 di anticipare e volont\u00e0 di costruire. Educazione, solidariet\u00e0 e impegno civile<\/strong><mark style=\"background-color:rgba(0, 0, 0, 0)\" class=\"has-inline-color has-accent-color\"><strong>.<\/strong> <\/mark>Ma si potrebbe continuare a lungo, ricordando oltre cento anni di iniziative e di battaglie, all\u2019insegna di una lotta per il progresso che ha visto operare disinteressatamente, nel senso di mettersi al servizio del cittadino, un\u2019istituzione divenuta presto benemerita: la\u00a0<strong>Societ\u00e0 Umanitaria<\/strong>\u00a0\u00e8 una delle istituzioni storiche di Milano, ente istituito nel 1893 grazie al lascito testamentario di Prospero Mois\u00e8 Loria, mecenate milanese di origine mantovana, che dava all\u2019aggettivo \u201cumanitaria\u201d non il senso di semplice assistenza e beneficenza, ma di<mark style=\"background-color:rgba(0, 0, 0, 0)\" class=\"has-inline-color has-accent-color\"> <\/mark><strong>assistenza mediante lo studio, l\u2019istruzione, il lavoro. <\/strong><\/p>\n\n\n\n<p>Da allora, l\u2019Umanitaria si \u00e8 fatta conoscere con oltre 130 anni di iniziative e di battaglie sociali, sempre al fianco dei pi\u00f9 deboli, coniugando assistenza e lavoro, impegno sociale e istruzione, progresso e formazione, emancipazione e cultura. Cultura in senso sociale, ovvero curando una serie di iniziative che guardino all\u2019uomo, alla donna, alla famiglia, di modo che ogni iniziativa dell\u2019ente sia seriamente pensata al servizio di tutta la collettivit\u00e0, cos\u00ec da offrire una possibilit\u00e0 di riscatto e di crescita civile in una societ\u00e0 che spesso dimentica cosa vuol dire l\u2019impegno, il volontariato, la solidariet\u00e0.<\/p>\n\n\n\n<p>Nel 1997 la Societ\u00e0 Umanitaria ha aperto la sede a Napoli, da 20 anni promuoviamo un\u2019intensa attivit\u00e0 sociale e culturale: con progetti contro la dispersione scolastica (il\u00a0<strong><mark style=\"background-color:rgba(0, 0, 0, 0)\" class=\"has-inline-color has-accent-color\"><a href=\"https:\/\/www.umanitaria.it\/napoli\/sociale\/programma-mentore\/\" data-type=\"page\" data-id=\"1572\">Programma Mentore<\/a><\/mark><\/strong>) e contro l\u2019isolamento di giovani e anziani (i <a href=\"https:\/\/www.umanitaria.it\/napoli\/sociale\/corsi-humaniter\/\" data-type=\"page\" data-id=\"14683\"><strong>Corsi Humaniter<\/strong>)<\/a>, i corsi di\u00a0\u00a0<strong><mark style=\"background-color:rgba(0, 0, 0, 0)\" class=\"has-inline-color has-accent-color\"><a href=\"https:\/\/www.umanitaria.it\/napoli\/formazione\/\" data-type=\"page\" data-id=\"993\">formazione professionale<\/a><\/mark><\/strong>\u00a0oltre ad una ricca\u00a0<strong><mark style=\"background-color:rgba(0, 0, 0, 0)\" class=\"has-inline-color has-accent-color\"><a href=\"https:\/\/www.umanitaria.it\/napoli\/cultura\/\" data-type=\"page\" data-id=\"1833\">programmazione culturale<\/a><\/mark><\/strong>.<\/p>\n<\/div>\n<\/div>\n\n\n\n<div class=\"border-top\">\n<p>.<\/p>\n<\/div>\n","protected":false},"excerpt":{"rendered":"<p>Intelligenza e sperimentazione. Capacit\u00e0 di anticipare e volont\u00e0 di costruire. Educazione, solidariet\u00e0 e impegno civile. Ma si potrebbe continuare a lungo, ricordando oltre cento anni di iniziative e di battaglie, all\u2019insegna di una lotta per il progresso che ha visto operare disinteressatamente, nel senso di mettersi al servizio del cittadino, un\u2019istituzione divenuta presto benemerita: la\u00a0Societ\u00e0 &#8230; <a title=\"Chi siamo\" class=\"read-more\" href=\"https:\/\/www.umanitaria.it\/napoli\/chi-siamo\/\" aria-label=\"Per saperne di pi\u00f9 su Chi siamo\">Leggi tutto<\/a><\/p>\n","protected":false},"author":1,"featured_media":0,"parent":0,"menu_order":4,"comment_status":"closed","ping_status":"closed","template":"","meta":{"_acf_changed":false,"_seopress_robots_primary_cat":"","_seopress_titles_title":"","_seopress_titles_desc":"","_seopress_robots_index":"","inline_featured_image":false,"footnotes":""},"class_list":["post-985","page","type-page","status-publish"],"acf":[],"_links":{"self":[{"href":"https:\/\/www.umanitaria.it\/napoli\/wp-json\/wp\/v2\/pages\/985","targetHints":{"allow":["GET"]}}],"collection":[{"href":"https:\/\/www.umanitaria.it\/napoli\/wp-json\/wp\/v2\/pages"}],"about":[{"href":"https:\/\/www.umanitaria.it\/napoli\/wp-json\/wp\/v2\/types\/page"}],"author":[{"embeddable":true,"href":"https:\/\/www.umanitaria.it\/napoli\/wp-json\/wp\/v2\/users\/1"}],"replies":[{"embeddable":true,"href":"https:\/\/www.umanitaria.it\/napoli\/wp-json\/wp\/v2\/comments?post=985"}],"version-history":[{"count":18,"href":"https:\/\/www.umanitaria.it\/napoli\/wp-json\/wp\/v2\/pages\/985\/revisions"}],"predecessor-version":[{"id":14960,"href":"https:\/\/www.umanitaria.it\/napoli\/wp-json\/wp\/v2\/pages\/985\/revisions\/14960"}],"wp:attachment":[{"href":"https:\/\/www.umanitaria.it\/napoli\/wp-json\/wp\/v2\/media?parent=985"}],"curies":[{"name":"wp","href":"https:\/\/api.w.org\/{rel}","templated":true}]}}