{"id":993,"date":"2025-05-13T08:54:20","date_gmt":"2025-05-13T06:54:20","guid":{"rendered":"https:\/\/www.umanitaria.it\/demo\/?page_id=993"},"modified":"2025-09-11T12:13:51","modified_gmt":"2025-09-11T10:13:51","slug":"formazione","status":"publish","type":"page","link":"https:\/\/www.umanitaria.it\/napoli\/formazione\/","title":{"rendered":"Formazione e Lavoro"},"content":{"rendered":"\n<div>\n<h2 class=\"wp-block-heading\"><strong><mark class=\"has-inline-color has-accent-color\">Sapere, Saper essere, Saper divenire<\/mark><\/strong><\/h2>\n\n\n\n<p>Tutti i corsi professionali della Societ\u00e0 Umanitaria sono certificati secondo il sistema di gestione della qualit\u00e0 conforme alla norma&nbsp;<strong>ISO 9001:2015<\/strong>, con il&nbsp;Sistema di gestione della Sicurezza delle informazioni&nbsp;<strong>EN ISO\/IEC 27001:2023&nbsp;Certificato N\u00b0: I408&nbsp;<\/strong>e ilSistema di gestione per la salute e sicurezza dei lavoratori&nbsp;<strong>ISO 45001:2018&nbsp;Certificato N\u00b0: O1628<\/strong>.<\/p>\n\n\n\n<p>La Societ\u00e0 Umanitaria \u00e8 iscritta nell\u2019elenco degli Enti&nbsp;<strong>accreditati per la Formazione Professionale della Regione Campania n. 1677\/11\/08<\/strong>&nbsp;e, per tutti i corsi, \u00e8 previsto il rilascio dell\u2019Attestato Qualifica Professionale ed un&#8217;Attenzione delle Competenze Accertate valido su tutto il territorio dell\u2019Unione Europea.<\/p>\n\n\n\n<p>La Formazione Professionale continua, basata sul confronto di esperienze e conoscenze, impone oggi a tutti i soggetti: imprese, organismi produttori di servizi pubblici, di rivedere le proprie logiche di funzionamento in relazione alle sempre mutevoli dinamiche del mondo del lavoro.&nbsp;<\/p>\n\n\n\n<p>Nella sfida, tutta giocata sulla capacit\u00e0 di accumulare e dare valore alle competenze di base, la qualit\u00e0 delle risorse umane assume un peso ancora pi\u00f9 rilevante rispetto al passato.&nbsp;<\/p>\n\n\n\n<p>In questo contesto la Societ\u00e0 Umanitaria a Napoli mira a fornire ai giovani gli strumenti conoscitivi e comportamentali adeguati all&#8217;inserimento in un mondo del lavoro che cambia, per assecondare e favorire il cambiamento e l\u2019innovazione sempre al passo con i tempi.&nbsp;<\/p>\n\n\n\n<p>Tante le tipologie di corsi erogati: corsi di formazione professionale rivolti ai destinatari di ex Ammortizzatori in Deroga per il Programma <strong>RICOLLOCAMI<\/strong> &#8211; Catalogo Formativo Corsi di formazione del Programma <strong>GARANZIA GIOVANI <\/strong>\u2013 Il Programma nazionale Garanzia Occupabilit\u00e0 Lavoratori <strong>PAR GOL<\/strong> Piano di Attuazione Regionale<strong> Campania <\/strong>&nbsp;con il&nbsp; Catalogo dell\u2019offerta formativa.<\/p>\n\n\n\n<p>Societ\u00e0 Umanitaria a Napoli partecipa a bandi nazionali per la formazione, com\u2019\u00e8 accaduto per il progetto <strong>\u201cTake me Home\u201d <\/strong>(capofila) per la formazione di operatori del terzo settore&nbsp; e <strong>Wi.U-Re \u2013 Generation<\/strong> (partner) con associazioni e istituzioni scolastiche del territorio partenopeo per una formazione rivolta&nbsp; al recupero di minori a rischio. Nell\u2019ambito internazionale, la partecipazione al progetto<strong> DigiSkiPAss<\/strong> del Programma ERASMUS + concentra l\u2019attenzione sulla formazione digitale degli over 65 e di formatori digitali nell\u2019ambito del terzo settore.<\/p>\n\n\n\n<p>Non mancano le occasioni di progettazione nell\u2019ambito dell\u2019Alta Formazione com\u2019\u00e8 avvenuto per il <strong>Master MaPS<\/strong> &#8211; Master in Project Management per lo sviluppo al fine di creare, innovare, fertilizzare imprese nel territorio negli ambiti del Business, della Cultura, del Turismo e del Sociale.<\/p>\n\n\n\n<p>Inoltre, l\u2019ente a Napoli collabora alla formazione istituzionale scolastica con laboratori di PCTO finalizzati all\u2019acquisizione di <strong>Soft Skill<\/strong> degli studenti.&nbsp;La Societ\u00e0 Umanitaria a Napoli \u00e8&nbsp;<strong>EI-Center Business accreditato presso Certipass<\/strong>&nbsp;(Ente erogatore del programma internazionale di certificazione informatica EIPASS \u2013 European Informatics Passport) il cui&nbsp; titolo \u00e8 riconosciuto e valutato come punteggio nelle tabelle di valutazione dei concorsi pubblici e nelle graduatorie, come CFU nell\u2019ambito di curricula di studio scolastico e universitario e per la certificazione delle competenze in ambito ICT, all\u2019interno di progetti finanziati da fondi dell\u2019Unione Europea.<\/p>\n<\/div>\n\n\n<div class='formazione-loop taxonomy'><article><a href='\/napoli\/wp-json\/wp\/v2\/pages\/993par-gol-campania'> <picture>\n                        <img width='100' src='https:\/\/www.umanitaria.it\/napoli\/wp-content\/uploads\/sites\/8\/2025\/09\/gol_campania.jpg' alt='PAR GOL Campania' class='evento-immagine' \/>             \n                    <\/picture><h4>PAR GOL Campania<\/h4><p>Corsi di formazione professionale PAR GOL Campania, gratuiti e personalizzati, per riqualificare competenze e favorire l\u2019inclusione lavorativa.<\/p><\/a><\/article><article><a href='\/napoli\/wp-json\/wp\/v2\/pages\/993eipass'> <picture>\n                        <img width='100' src='https:\/\/www.umanitaria.it\/napoli\/wp-content\/uploads\/sites\/8\/2025\/09\/eipass.jpg' alt='Certificazione informatica EIPASS' class='evento-immagine' \/>             \n                    <\/picture><h4>Certificazione informatica EIPASS<\/h4><p>Corsi EIPASS di certificazione informatica, con percorsi mirati in ambito digitale e professionale, per acquisire competenze riconosciute e spendibili.<\/p><\/a><\/article><article><a href='\/napoli\/wp-json\/wp\/v2\/pages\/993finanziati'> <picture>\n                        <img width='100' src='https:\/\/www.umanitaria.it\/napoli\/wp-content\/uploads\/sites\/8\/2026\/02\/Metodologia-didattica-1024x576-1.webp' alt='Progetti finanziati' class='evento-immagine' \/>             \n                    <\/picture><h4>Progetti finanziati<\/h4><p>Progetti di formazione in risposta a bandi finanziati da Fondi Europei<\/p><\/a><\/article><article><a href='\/napoli\/wp-json\/wp\/v2\/pages\/993uniuma'> <picture>\n                        <img width='100' src='https:\/\/www.umanitaria.it\/napoli\/wp-content\/uploads\/sites\/8\/2025\/09\/uniuma_formazione.png' alt='Universit\u00e0' class='evento-immagine' \/>             \n                    <\/picture><h4>Universit\u00e0<\/h4><p>Laurea triennale in Mediazione Linguistica e Culturale, con specializzazioni in ambito umanistico ed economico, per acquisire competenze tecniche, etiche e professionali.<\/p><\/a><\/article><article><a href='\/napoli\/wp-json\/wp\/v2\/pages\/993master-universitari'> <picture>\n                        <img width='100' src='https:\/\/www.umanitaria.it\/napoli\/wp-content\/uploads\/sites\/8\/2025\/09\/Master-Universitari.jpg' alt='Master Universitari' class='evento-immagine' \/>             \n                    <\/picture><h4>Master Universitari<\/h4><p>I Master sono percorsi post-laurea che consentono di approfondire competenze teoriche e pratiche, sviluppare abilit\u00e0 analitiche e aumentare la competitivit\u00e0 nel mercato del lavoro.<\/p><\/a><\/article><\/div>\n\n\n\n<p><strong><mark class=\"has-inline-color has-accent-color\">INSERIRE LOGHI <\/mark><\/strong><\/p>\n\n\n\n<p><\/p>\n","protected":false},"excerpt":{"rendered":"<p>Sapere, Saper essere, Saper divenire Tutti i corsi professionali della Societ\u00e0 Umanitaria sono certificati secondo il sistema di gestione della qualit\u00e0 conforme alla norma&nbsp;ISO 9001:2015, con il&nbsp;Sistema di gestione della Sicurezza delle informazioni&nbsp;EN ISO\/IEC 27001:2023&nbsp;Certificato N\u00b0: I408&nbsp;e ilSistema di gestione per la salute e sicurezza dei lavoratori&nbsp;ISO 45001:2018&nbsp;Certificato N\u00b0: O1628. La Societ\u00e0 Umanitaria \u00e8 iscritta &#8230; <a title=\"Formazione e Lavoro\" class=\"read-more\" href=\"https:\/\/www.umanitaria.it\/napoli\/formazione\/\" aria-label=\"Per saperne di pi\u00f9 su Formazione e Lavoro\">Leggi tutto<\/a><\/p>\n","protected":false},"author":1,"featured_media":0,"parent":0,"menu_order":6,"comment_status":"closed","ping_status":"closed","template":"","meta":{"_acf_changed":false,"_seopress_robots_primary_cat":"","_seopress_titles_title":"","_seopress_titles_desc":"","_seopress_robots_index":"","inline_featured_image":false,"footnotes":""},"class_list":["post-993","page","type-page","status-publish"],"acf":[],"_links":{"self":[{"href":"https:\/\/www.umanitaria.it\/napoli\/wp-json\/wp\/v2\/pages\/993","targetHints":{"allow":["GET"]}}],"collection":[{"href":"https:\/\/www.umanitaria.it\/napoli\/wp-json\/wp\/v2\/pages"}],"about":[{"href":"https:\/\/www.umanitaria.it\/napoli\/wp-json\/wp\/v2\/types\/page"}],"author":[{"embeddable":true,"href":"https:\/\/www.umanitaria.it\/napoli\/wp-json\/wp\/v2\/users\/1"}],"replies":[{"embeddable":true,"href":"https:\/\/www.umanitaria.it\/napoli\/wp-json\/wp\/v2\/comments?post=993"}],"version-history":[{"count":4,"href":"https:\/\/www.umanitaria.it\/napoli\/wp-json\/wp\/v2\/pages\/993\/revisions"}],"predecessor-version":[{"id":14756,"href":"https:\/\/www.umanitaria.it\/napoli\/wp-json\/wp\/v2\/pages\/993\/revisions\/14756"}],"wp:attachment":[{"href":"https:\/\/www.umanitaria.it\/napoli\/wp-json\/wp\/v2\/media?parent=993"}],"curies":[{"name":"wp","href":"https:\/\/api.w.org\/{rel}","templated":true}]}}