{"id":14442,"date":"2025-09-02T17:58:58","date_gmt":"2025-09-02T15:58:58","guid":{"rendered":"https:\/\/www.umanitaria.it\/sassari\/?page_id=14442"},"modified":"2025-09-29T11:42:09","modified_gmt":"2025-09-29T09:42:09","slug":"partnership","status":"publish","type":"page","link":"https:\/\/www.umanitaria.it\/sassari\/partnership\/","title":{"rendered":"Partnership"},"content":{"rendered":"\n<div class=\"partnership\">\n<div class=\"dett-partnership\">\n<figure class=\"wp-block-image size-full\"><img loading=\"lazy\" decoding=\"async\" width=\"1500\" height=\"1500\" src=\"https:\/\/www.umanitaria.it\/sassari\/wp-content\/uploads\/sites\/11\/2025\/09\/Uniss.jpg\" alt=\"\" class=\"wp-image-14451\" srcset=\"https:\/\/www.umanitaria.it\/sassari\/wp-content\/uploads\/sites\/11\/2025\/09\/Uniss.jpg 1500w, https:\/\/www.umanitaria.it\/sassari\/wp-content\/uploads\/sites\/11\/2025\/09\/Uniss-300x300.jpg 300w, https:\/\/www.umanitaria.it\/sassari\/wp-content\/uploads\/sites\/11\/2025\/09\/Uniss-1024x1024.jpg 1024w, https:\/\/www.umanitaria.it\/sassari\/wp-content\/uploads\/sites\/11\/2025\/09\/Uniss-150x150.jpg 150w, https:\/\/www.umanitaria.it\/sassari\/wp-content\/uploads\/sites\/11\/2025\/09\/Uniss-768x768.jpg 768w\" sizes=\"auto, (max-width: 1500px) 100vw, 1500px\" \/><\/figure>\n\n\n\n<div class=\"nome-partner\">\n<h2 class=\"wp-block-heading\">Dipartimento di Storia, Scienze dell\u2019Uomo e della Formazione, Universit\u00e0 di Sassari<\/h2>\n\n\n\n<p><a href=\"https:\/\/www.dissuf.uniss.it\/it\" target=\"_blank\" rel=\"noreferrer noopener\">www.dissuf.uniss.it<\/a><\/p>\n<\/div>\n\n\n\n<div class=\"info-partner\">\n<p>Dal 2014, quando \u00e8 nato, il Laboratorio di Antropologia Visuale \u201cFiorenzo Serra\u201d agisce in stretta sinergia con il Dipartimento di Storia, Scienze dell\u2019Uomo e della Formazione dell\u2019Universit\u00e0 di Sassari, organizzando in primis il Fiorenzo Serra Film Festival, concorso internazionale per film etnografici. Con l\u2019ateneo turritano inoltre organizza e coordina corsi curriculari, eventi ed happening culturali, cine-forum, dibattiti pubblici su tematiche etnografiche, storiche e sociali con i docenti e gli studenti, in particolare con la cattedra di Antropologia Culturale del prof. Cristiano Tall\u00e8<\/p>\n<\/div>\n<\/div>\n\n\n\n<div class=\"dett-partnership\">\n<figure class=\"wp-block-image size-full\"><img loading=\"lazy\" decoding=\"async\" width=\"500\" height=\"500\" src=\"https:\/\/www.umanitaria.it\/sassari\/wp-content\/uploads\/sites\/11\/2025\/09\/Fondazione-Antonio-Segni.jpg\" alt=\"\" class=\"wp-image-14458\" srcset=\"https:\/\/www.umanitaria.it\/sassari\/wp-content\/uploads\/sites\/11\/2025\/09\/Fondazione-Antonio-Segni.jpg 500w, https:\/\/www.umanitaria.it\/sassari\/wp-content\/uploads\/sites\/11\/2025\/09\/Fondazione-Antonio-Segni-300x300.jpg 300w, https:\/\/www.umanitaria.it\/sassari\/wp-content\/uploads\/sites\/11\/2025\/09\/Fondazione-Antonio-Segni-150x150.jpg 150w\" sizes=\"auto, (max-width: 500px) 100vw, 500px\" \/><\/figure>\n\n\n\n<div class=\"nome-partner\">\n<h2 class=\"wp-block-heading\">Fondazione \u201cAntonio Segni\u201d<\/h2>\n\n\n\n<p><a href=\"https:\/\/www.fondazionesegni.org\/\" target=\"_blank\" rel=\"noreferrer noopener\">www.fondazionesegni.org<\/a><\/p>\n<\/div>\n\n\n\n<div class=\"info-partner\">\n<p>Il Laboratorio ha instaurato una preziosa collaborazione con la prestigiosa Fondazione Antonio Segni, intitolata all&#8217;indimenticato presidente della Repubblica, presieduta dal figlio Mario Segni. Una proficua cooperazione che ha visto in prima linea il Lab dare il proprio contributo tecnico e scientifico, mettendo in campo le proprie competenze in ambito audio-visivo e di ricerca etnografica, ai seminari di studio e ai convegni ed eventi culturali della Fondazione, cui partecipano studiosi e ricercatori dell\u2019Universit\u00e0 di Sassari e di altri atenei nazionali.<\/p>\n<\/div>\n<\/div>\n\n\n\n<div class=\"dett-partnership\">\n<figure class=\"wp-block-image size-full\"><img loading=\"lazy\" decoding=\"async\" width=\"200\" height=\"200\" src=\"https:\/\/www.umanitaria.it\/sassari\/wp-content\/uploads\/sites\/11\/2025\/09\/Sandro-Ruju.jpg\" alt=\"\" class=\"wp-image-14455\" srcset=\"https:\/\/www.umanitaria.it\/sassari\/wp-content\/uploads\/sites\/11\/2025\/09\/Sandro-Ruju.jpg 200w, https:\/\/www.umanitaria.it\/sassari\/wp-content\/uploads\/sites\/11\/2025\/09\/Sandro-Ruju-150x150.jpg 150w\" sizes=\"auto, (max-width: 200px) 100vw, 200px\" \/><\/figure>\n\n\n\n<div class=\"nome-partner\">\n<h2 class=\"wp-block-heading\">Prof. Sandro Ruju<\/h2>\n\n\n\n<p><a href=\"https:\/\/www.sandroruju.it\/\" target=\"_blank\" rel=\"noreferrer noopener\">www.sandroruju.it<\/a><\/p>\n<\/div>\n\n\n\n<div class=\"info-partner\">\n<p>Dal 2022 il Lab si avvale della preziosa collaborazione con il prof. sandro Ruju, studioso e scrittore sassarese, per ricostruire la memoria storica del vasto territorio del Nord Sardegna, in particolare sui temi dell&#8217;industrializzazione dell\u2019area di Porto Torres, dell\u2019epopea mineraria dell\u2019Argentiera, della storia economica, sociale e imprenditoriale del territorio<\/p>\n<\/div>\n<\/div>\n\n\n\n<div class=\"dett-partnership\">\n<figure class=\"wp-block-image size-full\"><img loading=\"lazy\" decoding=\"async\" width=\"650\" height=\"650\" src=\"https:\/\/www.umanitaria.it\/sassari\/wp-content\/uploads\/sites\/11\/2025\/09\/SFI-Societa-Filosofica-Italiana.jpg\" alt=\"\" class=\"wp-image-14452\" srcset=\"https:\/\/www.umanitaria.it\/sassari\/wp-content\/uploads\/sites\/11\/2025\/09\/SFI-Societa-Filosofica-Italiana.jpg 650w, https:\/\/www.umanitaria.it\/sassari\/wp-content\/uploads\/sites\/11\/2025\/09\/SFI-Societa-Filosofica-Italiana-300x300.jpg 300w, https:\/\/www.umanitaria.it\/sassari\/wp-content\/uploads\/sites\/11\/2025\/09\/SFI-Societa-Filosofica-Italiana-150x150.jpg 150w\" sizes=\"auto, (max-width: 650px) 100vw, 650px\" \/><\/figure>\n\n\n\n<div class=\"nome-partner\">\n<h2 class=\"wp-block-heading\">SFI, Societ\u00e0 Filosofica Italiana sezione Universit\u00e0 di Sassari<\/h2>\n\n\n\n<p><a href=\"https:\/\/www.sfi.it\/\" target=\"_blank\" rel=\"noreferrer noopener\">www.sfi.it<\/a><\/p>\n<\/div>\n\n\n\n<div class=\"info-partner\">\n<p>Con l&#8217;associazione dell\u2019ateneo sassarese il Lab organizza attivit\u00e0 che spaziano dalla convegnistica a quella seminariale, quindi si occupa di coordinamento tecnico-scientifico di corsi di aggiornamento didattico per insegnanti<em>.&nbsp;<\/em><\/p>\n<\/div>\n<\/div>\n\n\n\n<div class=\"dett-partnership\">\n<figure class=\"wp-block-image size-full\"><img loading=\"lazy\" decoding=\"async\" width=\"600\" height=\"600\" src=\"https:\/\/www.umanitaria.it\/sassari\/wp-content\/uploads\/sites\/11\/2025\/09\/Liceo-Margherita-Castelvi.jpg\" alt=\"\" class=\"wp-image-14453\" srcset=\"https:\/\/www.umanitaria.it\/sassari\/wp-content\/uploads\/sites\/11\/2025\/09\/Liceo-Margherita-Castelvi.jpg 600w, https:\/\/www.umanitaria.it\/sassari\/wp-content\/uploads\/sites\/11\/2025\/09\/Liceo-Margherita-Castelvi-300x300.jpg 300w, https:\/\/www.umanitaria.it\/sassari\/wp-content\/uploads\/sites\/11\/2025\/09\/Liceo-Margherita-Castelvi-150x150.jpg 150w\" sizes=\"auto, (max-width: 600px) 100vw, 600px\" \/><\/figure>\n\n\n\n<div class=\"nome-partner\">\n<h2 class=\"wp-block-heading\">Liceo statale &#8220;Margherita di Castelv\u00ec&#8221;, Sassari<\/h2>\n\n\n\n<p><a href=\"https:\/\/www.liceocastelvi.edu.it\/\" target=\"_blank\" rel=\"noreferrer noopener\">www.liceocastelvi.edu.it<\/a><\/p>\n<\/div>\n\n\n\n<div class=\"info-partner\">\n<p>Con il Liceo linguistico e di Scienze Umane il Lab ha contribuito a realizzare corsi di educazione cinematografica agli studenti, con partecipazione attiva a forum didattici e dibattiti pubblici.<\/p>\n<\/div>\n<\/div>\n\n\n\n<div class=\"dett-partnership\">\n<figure class=\"wp-block-image size-full\"><img loading=\"lazy\" decoding=\"async\" width=\"2000\" height=\"2000\" src=\"https:\/\/www.umanitaria.it\/sassari\/wp-content\/uploads\/sites\/11\/2025\/09\/Accademia-MArio-Sironi.jpg\" alt=\"\" class=\"wp-image-14454\" srcset=\"https:\/\/www.umanitaria.it\/sassari\/wp-content\/uploads\/sites\/11\/2025\/09\/Accademia-MArio-Sironi.jpg 2000w, https:\/\/www.umanitaria.it\/sassari\/wp-content\/uploads\/sites\/11\/2025\/09\/Accademia-MArio-Sironi-300x300.jpg 300w, https:\/\/www.umanitaria.it\/sassari\/wp-content\/uploads\/sites\/11\/2025\/09\/Accademia-MArio-Sironi-1024x1024.jpg 1024w, https:\/\/www.umanitaria.it\/sassari\/wp-content\/uploads\/sites\/11\/2025\/09\/Accademia-MArio-Sironi-150x150.jpg 150w, https:\/\/www.umanitaria.it\/sassari\/wp-content\/uploads\/sites\/11\/2025\/09\/Accademia-MArio-Sironi-768x768.jpg 768w, https:\/\/www.umanitaria.it\/sassari\/wp-content\/uploads\/sites\/11\/2025\/09\/Accademia-MArio-Sironi-1536x1536.jpg 1536w\" sizes=\"auto, (max-width: 2000px) 100vw, 2000px\" \/><\/figure>\n\n\n\n<div class=\"nome-partner\">\n<h2 class=\"wp-block-heading\">Accademia di Belle Arti \u201cMario Sironi\u201d di Sassari<\/h2>\n\n\n\n<p><a href=\"https:\/\/www.accademiasironi.it\/\" target=\"_blank\" rel=\"noreferrer noopener\">www.accademiasironi.it<\/a><\/p>\n<\/div>\n\n\n\n<div class=\"info-partner\">\n<p>L\u2019Accademia \u00e8 stata pi\u00f9 volte partner del Lab, da questa proficua collaborazione sono nati progetti culturali e di didattica cinematografica: teoria e pratica dell\u2019audiovisivo, metodi e contenuti dei differenti linguaggi video: documentario, finzione, reportage, video promozionale, web-cinema.&nbsp;<\/p>\n<\/div>\n<\/div>\n\n\n\n<div class=\"dett-partnership\">\n<figure class=\"wp-block-image size-full\"><img loading=\"lazy\" decoding=\"async\" width=\"2000\" height=\"2000\" src=\"https:\/\/www.umanitaria.it\/sassari\/wp-content\/uploads\/sites\/11\/2025\/09\/Fondazione-di-Sardegna.jpg\" alt=\"\" class=\"wp-image-14457\" srcset=\"https:\/\/www.umanitaria.it\/sassari\/wp-content\/uploads\/sites\/11\/2025\/09\/Fondazione-di-Sardegna.jpg 2000w, https:\/\/www.umanitaria.it\/sassari\/wp-content\/uploads\/sites\/11\/2025\/09\/Fondazione-di-Sardegna-300x300.jpg 300w, https:\/\/www.umanitaria.it\/sassari\/wp-content\/uploads\/sites\/11\/2025\/09\/Fondazione-di-Sardegna-1024x1024.jpg 1024w, https:\/\/www.umanitaria.it\/sassari\/wp-content\/uploads\/sites\/11\/2025\/09\/Fondazione-di-Sardegna-150x150.jpg 150w, https:\/\/www.umanitaria.it\/sassari\/wp-content\/uploads\/sites\/11\/2025\/09\/Fondazione-di-Sardegna-768x768.jpg 768w, https:\/\/www.umanitaria.it\/sassari\/wp-content\/uploads\/sites\/11\/2025\/09\/Fondazione-di-Sardegna-1536x1536.jpg 1536w\" sizes=\"auto, (max-width: 2000px) 100vw, 2000px\" \/><\/figure>\n\n\n\n<div class=\"nome-partner\">\n<h2 class=\"wp-block-heading\">Fondazione di Sardegna<\/h2>\n\n\n\n<p><a href=\"https:\/\/www.fondazionedisardegna.it\" target=\"_blank\" rel=\"noreferrer noopener\">www.fondazionedisardegna.it<\/a><\/p>\n<\/div>\n\n\n\n<div class=\"info-partner\">\n<p>La Fondazione di Sardegna, da sempre attiva nel promuovere lo sviluppo socio-economico e la produzione culturale e artistica dell\u2019Isola, patrocina e sostiene con convinzione le iniziative culturali del Laboratorio.<\/p>\n<\/div>\n<\/div>\n\n\n\n<div class=\"dett-partnership\">\n<figure class=\"wp-block-image size-full\"><img loading=\"lazy\" decoding=\"async\" width=\"2000\" height=\"2000\" src=\"https:\/\/www.umanitaria.it\/sassari\/wp-content\/uploads\/sites\/11\/2025\/09\/Archivio-Simon-Mossa.jpg\" alt=\"\" class=\"wp-image-14456\" srcset=\"https:\/\/www.umanitaria.it\/sassari\/wp-content\/uploads\/sites\/11\/2025\/09\/Archivio-Simon-Mossa.jpg 2000w, https:\/\/www.umanitaria.it\/sassari\/wp-content\/uploads\/sites\/11\/2025\/09\/Archivio-Simon-Mossa-300x300.jpg 300w, https:\/\/www.umanitaria.it\/sassari\/wp-content\/uploads\/sites\/11\/2025\/09\/Archivio-Simon-Mossa-1024x1024.jpg 1024w, https:\/\/www.umanitaria.it\/sassari\/wp-content\/uploads\/sites\/11\/2025\/09\/Archivio-Simon-Mossa-150x150.jpg 150w, https:\/\/www.umanitaria.it\/sassari\/wp-content\/uploads\/sites\/11\/2025\/09\/Archivio-Simon-Mossa-768x768.jpg 768w, https:\/\/www.umanitaria.it\/sassari\/wp-content\/uploads\/sites\/11\/2025\/09\/Archivio-Simon-Mossa-1536x1536.jpg 1536w\" sizes=\"auto, (max-width: 2000px) 100vw, 2000px\" \/><\/figure>\n\n\n\n<div class=\"nome-partner\">\n<h2 class=\"wp-block-heading\">Archivio Simon Mossa<\/h2>\n\n\n\n<p><a href=\"https:\/\/www.archiviosimonmossa.it\/\" target=\"_blank\" rel=\"noreferrer noopener\">www.archiviosimonmossa.it<\/a><\/p>\n<\/div>\n\n\n\n<div class=\"info-partner\">\n<p>La Societ\u00e0 Filosofica Italiana, sez. universitaria di Sassari, in collaborazione con il Laboratorio di Antropologia Visuale \u201cFiorenzo Serra\u201d della Societ\u00e0 Umanitaria &#8211; Cineteca Sarda, ha presentato un progetto di studio e ricerca dedicato alla figura di \u201cSardo Illustre\u201d dell\u2019architetto sassarese Antonio Simon Mossa (1916-1971). Tale progetto \u00e8 risultato meritevole del patrocinio della Fondazione di Sardegna.<\/p>\n<\/div>\n<\/div>\n<\/div>\n\n\n\n<p><\/p>\n","protected":false},"excerpt":{"rendered":"<p>Dipartimento di Storia, Scienze dell\u2019Uomo e della Formazione, Universit\u00e0 di Sassari www.dissuf.uniss.it Dal 2014, quando \u00e8 nato, il Laboratorio di Antropologia Visuale \u201cFiorenzo Serra\u201d agisce in stretta sinergia con il Dipartimento di Storia, Scienze dell\u2019Uomo e della Formazione dell\u2019Universit\u00e0 di Sassari, organizzando in primis il Fiorenzo Serra Film Festival, concorso internazionale per film etnografici. Con &#8230; <a title=\"Partnership\" class=\"read-more\" href=\"https:\/\/www.umanitaria.it\/sassari\/partnership\/\" aria-label=\"Per saperne di pi\u00f9 su Partnership\">Leggi tutto<\/a><\/p>\n","protected":false},"author":1,"featured_media":0,"parent":0,"menu_order":2,"comment_status":"closed","ping_status":"closed","template":"","meta":{"_acf_changed":false,"_seopress_robots_primary_cat":"","_seopress_titles_title":"Attivit\u00e0 culturali alla Societ\u00e0 Umanitaria","_seopress_titles_desc":"La Societ\u00e0 Umanitaria propone un ampio programma culturale aperto a tutti, con incontri e eventi su temi attuali per stimolare riflessione, partecipazione e confronto su scala locale e globale.","_seopress_robots_index":"","inline_featured_image":false,"footnotes":""},"class_list":["post-14442","page","type-page","status-publish"],"acf":[],"_links":{"self":[{"href":"https:\/\/www.umanitaria.it\/sassari\/wp-json\/wp\/v2\/pages\/14442","targetHints":{"allow":["GET"]}}],"collection":[{"href":"https:\/\/www.umanitaria.it\/sassari\/wp-json\/wp\/v2\/pages"}],"about":[{"href":"https:\/\/www.umanitaria.it\/sassari\/wp-json\/wp\/v2\/types\/page"}],"author":[{"embeddable":true,"href":"https:\/\/www.umanitaria.it\/sassari\/wp-json\/wp\/v2\/users\/1"}],"replies":[{"embeddable":true,"href":"https:\/\/www.umanitaria.it\/sassari\/wp-json\/wp\/v2\/comments?post=14442"}],"version-history":[{"count":24,"href":"https:\/\/www.umanitaria.it\/sassari\/wp-json\/wp\/v2\/pages\/14442\/revisions"}],"predecessor-version":[{"id":15338,"href":"https:\/\/www.umanitaria.it\/sassari\/wp-json\/wp\/v2\/pages\/14442\/revisions\/15338"}],"wp:attachment":[{"href":"https:\/\/www.umanitaria.it\/sassari\/wp-json\/wp\/v2\/media?parent=14442"}],"curies":[{"name":"wp","href":"https:\/\/api.w.org\/{rel}","templated":true}]}}