{"id":14444,"date":"2025-09-02T17:59:31","date_gmt":"2025-09-02T15:59:31","guid":{"rendered":"https:\/\/www.umanitaria.it\/sassari\/?page_id=14444"},"modified":"2025-10-12T09:39:40","modified_gmt":"2025-10-12T07:39:40","slug":"storie-di-vita","status":"publish","type":"page","link":"https:\/\/www.umanitaria.it\/sassari\/storie-di-vita\/","title":{"rendered":"Storie di Vita"},"content":{"rendered":"\n<div class=\"wp-block-columns colonne-protagonisti is-layout-flex wp-container-core-columns-is-layout-9d6595d7 wp-block-columns-is-layout-flex\">\n<div class=\"wp-block-column is-layout-flow wp-block-column-is-layout-flow\">\n<figure class=\"wp-block-image size-large\"><img loading=\"lazy\" decoding=\"async\" width=\"1024\" height=\"717\" src=\"https:\/\/www.umanitaria.it\/sassari\/wp-content\/uploads\/sites\/11\/2025\/09\/Fresi-Storie-di-vita-1024x717.jpg\" alt=\"\" class=\"wp-image-14478\" srcset=\"https:\/\/www.umanitaria.it\/sassari\/wp-content\/uploads\/sites\/11\/2025\/09\/Fresi-Storie-di-vita-1024x717.jpg 1024w, https:\/\/www.umanitaria.it\/sassari\/wp-content\/uploads\/sites\/11\/2025\/09\/Fresi-Storie-di-vita-300x210.jpg 300w, https:\/\/www.umanitaria.it\/sassari\/wp-content\/uploads\/sites\/11\/2025\/09\/Fresi-Storie-di-vita-768x538.jpg 768w, https:\/\/www.umanitaria.it\/sassari\/wp-content\/uploads\/sites\/11\/2025\/09\/Fresi-Storie-di-vita-1536x1075.jpg 1536w, https:\/\/www.umanitaria.it\/sassari\/wp-content\/uploads\/sites\/11\/2025\/09\/Fresi-Storie-di-vita.jpg 2000w\" sizes=\"auto, (max-width: 1024px) 100vw, 1024px\" \/><\/figure>\n\n\n\n<p class=\"didascalia\"><strong>Dott. Francesco Fresi<\/strong><br><small>Consulente presso la direzione degli Affari Europei della UE<\/small><\/p>\n<\/div>\n\n\n\n<div class=\"wp-block-column column-flex is-layout-flow wp-block-column-is-layout-flow\">\n<p><strong>Le storie di vita sono un\u2019importante testimonianza della memoria storica di ogni popolo, che va custodita gelosamente. <\/strong><\/p>\n\n\n\n<p>Il <strong>Laboratorio di Antropologia Visuale Fiorenzo Serra<\/strong> ha realizzato una serie di video-interviste a personaggi che con le loro vicende personali hanno contribuito a scrivere pagine significative della storia recente della Sardegna.<\/p>\n\n\n\n<p>Il Laboratorio custodisce in archivio <strong>40 video-interviste<\/strong> (formato AVI e mp4) di interessanti storie di vita a politici, sindacalisti, artigiani, insegnanti, operai, tecnici&nbsp; e intellettuali, alcune delle quali utilizzate per le produzioni video realizzate dallo stesso Lab, ad es. per le produzioni relative ad Antonio Simon Mossa.<\/p>\n\n\n\n<p>L\u2019<strong>obiettivo<\/strong> \u00e8 <strong>arricchire ulteriormente questo corpus documentario ricostruendo le vicende professionali, sindacali e umane dei protagonisti<\/strong>, le loro appassionanti battaglie sociali per una storia contemporanea della Sardegna.<\/p>\n<\/div>\n<\/div>\n\n\n\n<div class=\"border-double\"><div class=\"wp-block-image\">\n<figure class=\"aligncenter size-large\"><img loading=\"lazy\" decoding=\"async\" width=\"1024\" height=\"717\" src=\"https:\/\/www.umanitaria.it\/sassari\/wp-content\/uploads\/sites\/11\/2025\/10\/Bachisio-Mameli-Storie-di-vita-1024x717.webp\" alt=\"\" class=\"wp-image-15573\" srcset=\"https:\/\/www.umanitaria.it\/sassari\/wp-content\/uploads\/sites\/11\/2025\/10\/Bachisio-Mameli-Storie-di-vita-1024x717.webp 1024w, https:\/\/www.umanitaria.it\/sassari\/wp-content\/uploads\/sites\/11\/2025\/10\/Bachisio-Mameli-Storie-di-vita-300x210.webp 300w, https:\/\/www.umanitaria.it\/sassari\/wp-content\/uploads\/sites\/11\/2025\/10\/Bachisio-Mameli-Storie-di-vita-768x538.webp 768w, https:\/\/www.umanitaria.it\/sassari\/wp-content\/uploads\/sites\/11\/2025\/10\/Bachisio-Mameli-Storie-di-vita-1536x1075.webp 1536w, https:\/\/www.umanitaria.it\/sassari\/wp-content\/uploads\/sites\/11\/2025\/10\/Bachisio-Mameli-Storie-di-vita.webp 2000w\" sizes=\"auto, (max-width: 1024px) 100vw, 1024px\" \/><\/figure>\n<\/div><\/div>\n\n\n\n<h2 class=\"wp-block-heading\">Tra le storie di vita pi\u00f9 significative:<\/h2>\n\n\n\n<ul class=\"wp-block-list\">\n<li><strong>Prof. Manlio Brigaglia<\/strong>, docente di Storia Contemporanea dell&#8217;Universit\u00e0 di Sassari<\/li>\n\n\n\n<li><strong>Avv. Dino Milia<\/strong>, avvocato sassarese penalista<\/li>\n\n\n\n<li><strong>Arch. Giuseppe Bertulu<\/strong>, architetto sassarese che ha collaborato con Antonio Simon Mossa<\/li>\n\n\n\n<li><strong>Pietrino Soddu<\/strong>, politico sardo, gi\u00e0 presidente della Regione Sardegna e deputato del Parlamento italiano<\/li>\n\n\n\n<li><strong>Prof. Antonello Mattone<\/strong>, docente di Storia delle Istituzioni Politiche presso Universit\u00e0 di Sassari<\/li>\n\n\n\n<li><strong>Gianni Garrucciu<\/strong>, giornalista Rai, collaboratore di Renzo Arbore<\/li>\n\n\n\n<li><strong>Gibi Puggioni<\/strong>, giornalista Videolina<\/li>\n\n\n\n<li><strong>Dr. Sandro Ruju<\/strong>, docente di Storia presso Istituti Superiori di Sassari, studioso di storia locale<\/li>\n\n\n\n<li><strong>Renato Cugini<\/strong>, sindacalista CGIL e politico del Consiglio Regionale della Sardegna<\/li>\n\n\n\n<li><strong>Giuliano Murgia<\/strong>, dipendente Societ\u00e0 Umanitaria, sindacalista CGIL, gi\u00e0 assessore regionale della Regione Sardegna<\/li>\n\n\n\n<li><strong>Dr. Fausto Fadda<\/strong>, sindaco di Sassari dal 1975 al 1978<\/li>\n\n\n\n<li><strong>Dr. Giacomo Spissu<\/strong>, presidente della Fondazione di Sardegna<\/li>\n\n\n\n<li><strong>Dr .Francesco Fresi<\/strong>, consulente presso la direzione degli Affari europei della UE, gi\u00e0 CEE, collaboratore e segretario del presidente della Repubblica Antonio Segni<\/li>\n<\/ul>\n","protected":false},"excerpt":{"rendered":"<p>Dott. Francesco FresiConsulente presso la direzione degli Affari Europei della UE Le storie di vita sono un\u2019importante testimonianza della memoria storica di ogni popolo, che va custodita gelosamente. Il Laboratorio di Antropologia Visuale Fiorenzo Serra ha realizzato una serie di video-interviste a personaggi che con le loro vicende personali hanno contribuito a scrivere pagine significative &#8230; <a title=\"Storie di Vita\" class=\"read-more\" href=\"https:\/\/www.umanitaria.it\/sassari\/storie-di-vita\/\" aria-label=\"Per saperne di pi\u00f9 su Storie di Vita\">Leggi tutto<\/a><\/p>\n","protected":false},"author":1,"featured_media":0,"parent":0,"menu_order":7,"comment_status":"closed","ping_status":"closed","template":"","meta":{"_acf_changed":false,"_seopress_robots_primary_cat":"","_seopress_titles_title":"Attivit\u00e0 culturali alla Societ\u00e0 Umanitaria","_seopress_titles_desc":"La Societ\u00e0 Umanitaria propone un ampio programma culturale aperto a tutti, con incontri e eventi su temi attuali per stimolare riflessione, partecipazione e confronto su scala locale e globale.","_seopress_robots_index":"","inline_featured_image":false,"footnotes":""},"class_list":["post-14444","page","type-page","status-publish"],"acf":[],"_links":{"self":[{"href":"https:\/\/www.umanitaria.it\/sassari\/wp-json\/wp\/v2\/pages\/14444","targetHints":{"allow":["GET"]}}],"collection":[{"href":"https:\/\/www.umanitaria.it\/sassari\/wp-json\/wp\/v2\/pages"}],"about":[{"href":"https:\/\/www.umanitaria.it\/sassari\/wp-json\/wp\/v2\/types\/page"}],"author":[{"embeddable":true,"href":"https:\/\/www.umanitaria.it\/sassari\/wp-json\/wp\/v2\/users\/1"}],"replies":[{"embeddable":true,"href":"https:\/\/www.umanitaria.it\/sassari\/wp-json\/wp\/v2\/comments?post=14444"}],"version-history":[{"count":15,"href":"https:\/\/www.umanitaria.it\/sassari\/wp-json\/wp\/v2\/pages\/14444\/revisions"}],"predecessor-version":[{"id":15583,"href":"https:\/\/www.umanitaria.it\/sassari\/wp-json\/wp\/v2\/pages\/14444\/revisions\/15583"}],"wp:attachment":[{"href":"https:\/\/www.umanitaria.it\/sassari\/wp-json\/wp\/v2\/media?parent=14444"}],"curies":[{"name":"wp","href":"https:\/\/api.w.org\/{rel}","templated":true}]}}