{"id":14493,"date":"2025-09-03T10:32:14","date_gmt":"2025-09-03T08:32:14","guid":{"rendered":"https:\/\/www.umanitaria.it\/sassari\/?page_id=14493"},"modified":"2025-09-27T19:19:07","modified_gmt":"2025-09-27T17:19:07","slug":"progetti-regionali","status":"publish","type":"page","link":"https:\/\/www.umanitaria.it\/sassari\/progetti-regionali\/","title":{"rendered":"Progetti Regionali"},"content":{"rendered":"\n<p>&#8230;<\/p>\n","protected":false},"excerpt":{"rendered":"<p>&#8230;<\/p>\n","protected":false},"author":1,"featured_media":0,"parent":0,"menu_order":3,"comment_status":"closed","ping_status":"closed","template":"","meta":{"_acf_changed":false,"_seopress_robots_primary_cat":"","_seopress_titles_title":"Attivit\u00e0 culturali alla Societ\u00e0 Umanitaria","_seopress_titles_desc":"La Societ\u00e0 Umanitaria propone un ampio programma culturale aperto a tutti, con incontri e eventi su temi attuali per stimolare riflessione, partecipazione e confronto su scala locale e globale.","_seopress_robots_index":"","inline_featured_image":false,"footnotes":""},"class_list":["post-14493","page","type-page","status-publish"],"acf":[],"_links":{"self":[{"href":"https:\/\/www.umanitaria.it\/sassari\/wp-json\/wp\/v2\/pages\/14493","targetHints":{"allow":["GET"]}}],"collection":[{"href":"https:\/\/www.umanitaria.it\/sassari\/wp-json\/wp\/v2\/pages"}],"about":[{"href":"https:\/\/www.umanitaria.it\/sassari\/wp-json\/wp\/v2\/types\/page"}],"author":[{"embeddable":true,"href":"https:\/\/www.umanitaria.it\/sassari\/wp-json\/wp\/v2\/users\/1"}],"replies":[{"embeddable":true,"href":"https:\/\/www.umanitaria.it\/sassari\/wp-json\/wp\/v2\/comments?post=14493"}],"version-history":[{"count":3,"href":"https:\/\/www.umanitaria.it\/sassari\/wp-json\/wp\/v2\/pages\/14493\/revisions"}],"predecessor-version":[{"id":14773,"href":"https:\/\/www.umanitaria.it\/sassari\/wp-json\/wp\/v2\/pages\/14493\/revisions\/14773"}],"wp:attachment":[{"href":"https:\/\/www.umanitaria.it\/sassari\/wp-json\/wp\/v2\/media?parent=14493"}],"curies":[{"name":"wp","href":"https:\/\/api.w.org\/{rel}","templated":true}]}}