{"id":14972,"date":"2025-09-27T18:29:27","date_gmt":"2025-09-27T16:29:27","guid":{"rendered":"https:\/\/www.umanitaria.it\/sassari\/?page_id=14972"},"modified":"2025-10-13T09:25:03","modified_gmt":"2025-10-13T07:25:03","slug":"chipaya-la-gente-de-agua","status":"publish","type":"page","link":"https:\/\/www.umanitaria.it\/sassari\/proiezioni-docufilm\/chipaya-la-gente-de-agua\/","title":{"rendered":"Chipaya, la gente de agua"},"content":{"rendered":"\n<h3 class=\"wp-block-heading\"><strong><mark class=\"has-inline-color has-accent-color\">Proiezione docufilm<\/mark><\/strong><\/h3>\n\n\n\n<p>L\u2019uomo ha un ruolo fondamentale nel rispettare e difendere l\u2019ambiente da cui trae sostentamento. Dalle aspre lande dell\u2019altipiano boliviano fino alle assolate terre di Sardegna l\u2019acqua \u00e8 una risorsa primaria da usare bene e preservare.<br>Il film <strong>Chipaya, la gente de agua<\/strong>, del sardo <strong>Miko Meloni,<\/strong> ha suscitato un vivace dibattito sul rinnovato compito dell\u2019uomo non solo come parte integrante dell\u2019ambiente ma alla ricerca di un equilibrio costante con la forza della terra, per una relazione fatta di cura, gratitudine e consapevolezza.<br>Il dibattito \u00e8 stato animato dal prof. <strong>Cristiano Talle&#8217;<\/strong>, docente di Antropologia del DISSUF, <strong>Matilde Schirru<\/strong>, docente di geografia dell\u2019UNISS e prof. <strong>Alessandro Soddu<\/strong> docente di Storia Medievale del DISSUF dell\u2019Universit\u00e0 di Sassari.<br>La rassegna \u00e8 stata organizzata dal <strong>Laboratorio di Antropologia Visuale &#8220;Fiorenzo Serra&#8221; della Societ\u00e0 Umanitaria.<\/strong><\/p>\n\n\n\n<figure class=\"wp-block-gallery has-nested-images columns-default is-cropped wp-block-gallery-1 is-layout-flex wp-block-gallery-is-layout-flex\">\n<figure class=\"wp-block-image size-large\"><img loading=\"lazy\" decoding=\"async\" width=\"1024\" height=\"771\" data-id=\"15180\" src=\"https:\/\/www.umanitaria.it\/sassari\/wp-content\/uploads\/sites\/11\/2025\/09\/Chipaya-la-gente-de-agua-13-1024x771.jpg\" alt=\"\" class=\"wp-image-15180\" srcset=\"https:\/\/www.umanitaria.it\/sassari\/wp-content\/uploads\/sites\/11\/2025\/09\/Chipaya-la-gente-de-agua-13-1024x771.jpg 1024w, https:\/\/www.umanitaria.it\/sassari\/wp-content\/uploads\/sites\/11\/2025\/09\/Chipaya-la-gente-de-agua-13-300x226.jpg 300w, https:\/\/www.umanitaria.it\/sassari\/wp-content\/uploads\/sites\/11\/2025\/09\/Chipaya-la-gente-de-agua-13-768x578.jpg 768w, https:\/\/www.umanitaria.it\/sassari\/wp-content\/uploads\/sites\/11\/2025\/09\/Chipaya-la-gente-de-agua-13-1536x1157.jpg 1536w, https:\/\/www.umanitaria.it\/sassari\/wp-content\/uploads\/sites\/11\/2025\/09\/Chipaya-la-gente-de-agua-13.jpg 2048w\" sizes=\"auto, (max-width: 1024px) 100vw, 1024px\" \/><\/figure>\n\n\n\n<figure class=\"wp-block-image size-large\"><img loading=\"lazy\" decoding=\"async\" width=\"1024\" height=\"771\" data-id=\"15179\" src=\"https:\/\/www.umanitaria.it\/sassari\/wp-content\/uploads\/sites\/11\/2025\/09\/Chipaya-la-gente-de-agua-12-1024x771.jpg\" alt=\"\" class=\"wp-image-15179\" srcset=\"https:\/\/www.umanitaria.it\/sassari\/wp-content\/uploads\/sites\/11\/2025\/09\/Chipaya-la-gente-de-agua-12-1024x771.jpg 1024w, https:\/\/www.umanitaria.it\/sassari\/wp-content\/uploads\/sites\/11\/2025\/09\/Chipaya-la-gente-de-agua-12-300x226.jpg 300w, https:\/\/www.umanitaria.it\/sassari\/wp-content\/uploads\/sites\/11\/2025\/09\/Chipaya-la-gente-de-agua-12-768x578.jpg 768w, https:\/\/www.umanitaria.it\/sassari\/wp-content\/uploads\/sites\/11\/2025\/09\/Chipaya-la-gente-de-agua-12-1536x1157.jpg 1536w, https:\/\/www.umanitaria.it\/sassari\/wp-content\/uploads\/sites\/11\/2025\/09\/Chipaya-la-gente-de-agua-12.jpg 2048w\" sizes=\"auto, (max-width: 1024px) 100vw, 1024px\" \/><\/figure>\n\n\n\n<figure class=\"wp-block-image size-large\"><img loading=\"lazy\" decoding=\"async\" width=\"1024\" height=\"771\" data-id=\"15178\" src=\"https:\/\/www.umanitaria.it\/sassari\/wp-content\/uploads\/sites\/11\/2025\/09\/Chipaya-la-gente-de-agua-11-1024x771.jpg\" alt=\"\" class=\"wp-image-15178\" srcset=\"https:\/\/www.umanitaria.it\/sassari\/wp-content\/uploads\/sites\/11\/2025\/09\/Chipaya-la-gente-de-agua-11-1024x771.jpg 1024w, https:\/\/www.umanitaria.it\/sassari\/wp-content\/uploads\/sites\/11\/2025\/09\/Chipaya-la-gente-de-agua-11-300x226.jpg 300w, https:\/\/www.umanitaria.it\/sassari\/wp-content\/uploads\/sites\/11\/2025\/09\/Chipaya-la-gente-de-agua-11-768x578.jpg 768w, https:\/\/www.umanitaria.it\/sassari\/wp-content\/uploads\/sites\/11\/2025\/09\/Chipaya-la-gente-de-agua-11-1536x1157.jpg 1536w, https:\/\/www.umanitaria.it\/sassari\/wp-content\/uploads\/sites\/11\/2025\/09\/Chipaya-la-gente-de-agua-11.jpg 2048w\" sizes=\"auto, (max-width: 1024px) 100vw, 1024px\" \/><\/figure>\n\n\n\n<figure class=\"wp-block-image size-large\"><img loading=\"lazy\" decoding=\"async\" width=\"1024\" height=\"771\" data-id=\"15177\" src=\"https:\/\/www.umanitaria.it\/sassari\/wp-content\/uploads\/sites\/11\/2025\/09\/Chipaya-la-gente-de-agua-10-1024x771.jpg\" alt=\"\" class=\"wp-image-15177\" srcset=\"https:\/\/www.umanitaria.it\/sassari\/wp-content\/uploads\/sites\/11\/2025\/09\/Chipaya-la-gente-de-agua-10-1024x771.jpg 1024w, https:\/\/www.umanitaria.it\/sassari\/wp-content\/uploads\/sites\/11\/2025\/09\/Chipaya-la-gente-de-agua-10-300x226.jpg 300w, https:\/\/www.umanitaria.it\/sassari\/wp-content\/uploads\/sites\/11\/2025\/09\/Chipaya-la-gente-de-agua-10-768x578.jpg 768w, https:\/\/www.umanitaria.it\/sassari\/wp-content\/uploads\/sites\/11\/2025\/09\/Chipaya-la-gente-de-agua-10-1536x1157.jpg 1536w, https:\/\/www.umanitaria.it\/sassari\/wp-content\/uploads\/sites\/11\/2025\/09\/Chipaya-la-gente-de-agua-10.jpg 2048w\" sizes=\"auto, (max-width: 1024px) 100vw, 1024px\" \/><\/figure>\n\n\n\n<figure class=\"wp-block-image size-large\"><img loading=\"lazy\" decoding=\"async\" width=\"1024\" height=\"771\" data-id=\"15176\" src=\"https:\/\/www.umanitaria.it\/sassari\/wp-content\/uploads\/sites\/11\/2025\/09\/Chipaya-la-gente-de-agua-9-1024x771.jpg\" alt=\"\" class=\"wp-image-15176\" srcset=\"https:\/\/www.umanitaria.it\/sassari\/wp-content\/uploads\/sites\/11\/2025\/09\/Chipaya-la-gente-de-agua-9-1024x771.jpg 1024w, https:\/\/www.umanitaria.it\/sassari\/wp-content\/uploads\/sites\/11\/2025\/09\/Chipaya-la-gente-de-agua-9-300x226.jpg 300w, https:\/\/www.umanitaria.it\/sassari\/wp-content\/uploads\/sites\/11\/2025\/09\/Chipaya-la-gente-de-agua-9-768x578.jpg 768w, https:\/\/www.umanitaria.it\/sassari\/wp-content\/uploads\/sites\/11\/2025\/09\/Chipaya-la-gente-de-agua-9-1536x1157.jpg 1536w, https:\/\/www.umanitaria.it\/sassari\/wp-content\/uploads\/sites\/11\/2025\/09\/Chipaya-la-gente-de-agua-9.jpg 2048w\" sizes=\"auto, (max-width: 1024px) 100vw, 1024px\" \/><\/figure>\n\n\n\n<figure class=\"wp-block-image size-large\"><img loading=\"lazy\" decoding=\"async\" width=\"1024\" height=\"771\" data-id=\"15175\" src=\"https:\/\/www.umanitaria.it\/sassari\/wp-content\/uploads\/sites\/11\/2025\/09\/Chipaya-la-gente-de-agua-8-1024x771.jpg\" alt=\"\" class=\"wp-image-15175\" srcset=\"https:\/\/www.umanitaria.it\/sassari\/wp-content\/uploads\/sites\/11\/2025\/09\/Chipaya-la-gente-de-agua-8-1024x771.jpg 1024w, https:\/\/www.umanitaria.it\/sassari\/wp-content\/uploads\/sites\/11\/2025\/09\/Chipaya-la-gente-de-agua-8-300x226.jpg 300w, https:\/\/www.umanitaria.it\/sassari\/wp-content\/uploads\/sites\/11\/2025\/09\/Chipaya-la-gente-de-agua-8-768x578.jpg 768w, https:\/\/www.umanitaria.it\/sassari\/wp-content\/uploads\/sites\/11\/2025\/09\/Chipaya-la-gente-de-agua-8-1536x1157.jpg 1536w, https:\/\/www.umanitaria.it\/sassari\/wp-content\/uploads\/sites\/11\/2025\/09\/Chipaya-la-gente-de-agua-8.jpg 2048w\" sizes=\"auto, (max-width: 1024px) 100vw, 1024px\" \/><\/figure>\n\n\n\n<figure class=\"wp-block-image size-large\"><img loading=\"lazy\" decoding=\"async\" width=\"1024\" height=\"771\" data-id=\"15174\" src=\"https:\/\/www.umanitaria.it\/sassari\/wp-content\/uploads\/sites\/11\/2025\/09\/Chipaya-la-gente-de-agua-7-1024x771.jpg\" alt=\"\" class=\"wp-image-15174\" srcset=\"https:\/\/www.umanitaria.it\/sassari\/wp-content\/uploads\/sites\/11\/2025\/09\/Chipaya-la-gente-de-agua-7-1024x771.jpg 1024w, https:\/\/www.umanitaria.it\/sassari\/wp-content\/uploads\/sites\/11\/2025\/09\/Chipaya-la-gente-de-agua-7-300x226.jpg 300w, https:\/\/www.umanitaria.it\/sassari\/wp-content\/uploads\/sites\/11\/2025\/09\/Chipaya-la-gente-de-agua-7-768x578.jpg 768w, https:\/\/www.umanitaria.it\/sassari\/wp-content\/uploads\/sites\/11\/2025\/09\/Chipaya-la-gente-de-agua-7-1536x1157.jpg 1536w, https:\/\/www.umanitaria.it\/sassari\/wp-content\/uploads\/sites\/11\/2025\/09\/Chipaya-la-gente-de-agua-7.jpg 2048w\" sizes=\"auto, (max-width: 1024px) 100vw, 1024px\" \/><\/figure>\n\n\n\n<figure class=\"wp-block-image size-large\"><img loading=\"lazy\" decoding=\"async\" width=\"1024\" height=\"771\" data-id=\"15173\" src=\"https:\/\/www.umanitaria.it\/sassari\/wp-content\/uploads\/sites\/11\/2025\/09\/Chipaya-la-gente-de-agua-6-1024x771.jpg\" alt=\"\" class=\"wp-image-15173\" srcset=\"https:\/\/www.umanitaria.it\/sassari\/wp-content\/uploads\/sites\/11\/2025\/09\/Chipaya-la-gente-de-agua-6-1024x771.jpg 1024w, https:\/\/www.umanitaria.it\/sassari\/wp-content\/uploads\/sites\/11\/2025\/09\/Chipaya-la-gente-de-agua-6-300x226.jpg 300w, https:\/\/www.umanitaria.it\/sassari\/wp-content\/uploads\/sites\/11\/2025\/09\/Chipaya-la-gente-de-agua-6-768x578.jpg 768w, https:\/\/www.umanitaria.it\/sassari\/wp-content\/uploads\/sites\/11\/2025\/09\/Chipaya-la-gente-de-agua-6-1536x1157.jpg 1536w, https:\/\/www.umanitaria.it\/sassari\/wp-content\/uploads\/sites\/11\/2025\/09\/Chipaya-la-gente-de-agua-6.jpg 2048w\" sizes=\"auto, (max-width: 1024px) 100vw, 1024px\" \/><\/figure>\n\n\n\n<figure class=\"wp-block-image size-large\"><img loading=\"lazy\" decoding=\"async\" width=\"1024\" height=\"771\" data-id=\"15172\" src=\"https:\/\/www.umanitaria.it\/sassari\/wp-content\/uploads\/sites\/11\/2025\/09\/Chipaya-la-gente-de-agua-5-1024x771.jpg\" alt=\"\" class=\"wp-image-15172\" srcset=\"https:\/\/www.umanitaria.it\/sassari\/wp-content\/uploads\/sites\/11\/2025\/09\/Chipaya-la-gente-de-agua-5-1024x771.jpg 1024w, https:\/\/www.umanitaria.it\/sassari\/wp-content\/uploads\/sites\/11\/2025\/09\/Chipaya-la-gente-de-agua-5-300x226.jpg 300w, https:\/\/www.umanitaria.it\/sassari\/wp-content\/uploads\/sites\/11\/2025\/09\/Chipaya-la-gente-de-agua-5-768x578.jpg 768w, https:\/\/www.umanitaria.it\/sassari\/wp-content\/uploads\/sites\/11\/2025\/09\/Chipaya-la-gente-de-agua-5-1536x1157.jpg 1536w, https:\/\/www.umanitaria.it\/sassari\/wp-content\/uploads\/sites\/11\/2025\/09\/Chipaya-la-gente-de-agua-5.jpg 2048w\" sizes=\"auto, (max-width: 1024px) 100vw, 1024px\" \/><\/figure>\n\n\n\n<figure class=\"wp-block-image size-large\"><img loading=\"lazy\" decoding=\"async\" width=\"1024\" height=\"771\" data-id=\"15171\" src=\"https:\/\/www.umanitaria.it\/sassari\/wp-content\/uploads\/sites\/11\/2025\/09\/Chipaya-la-gente-de-agua-4-1024x771.jpg\" alt=\"\" class=\"wp-image-15171\" srcset=\"https:\/\/www.umanitaria.it\/sassari\/wp-content\/uploads\/sites\/11\/2025\/09\/Chipaya-la-gente-de-agua-4-1024x771.jpg 1024w, https:\/\/www.umanitaria.it\/sassari\/wp-content\/uploads\/sites\/11\/2025\/09\/Chipaya-la-gente-de-agua-4-300x226.jpg 300w, https:\/\/www.umanitaria.it\/sassari\/wp-content\/uploads\/sites\/11\/2025\/09\/Chipaya-la-gente-de-agua-4-768x578.jpg 768w, https:\/\/www.umanitaria.it\/sassari\/wp-content\/uploads\/sites\/11\/2025\/09\/Chipaya-la-gente-de-agua-4-1536x1157.jpg 1536w, https:\/\/www.umanitaria.it\/sassari\/wp-content\/uploads\/sites\/11\/2025\/09\/Chipaya-la-gente-de-agua-4.jpg 2048w\" sizes=\"auto, (max-width: 1024px) 100vw, 1024px\" \/><\/figure>\n\n\n\n<figure class=\"wp-block-image size-large\"><img loading=\"lazy\" decoding=\"async\" width=\"1024\" height=\"771\" data-id=\"15170\" src=\"https:\/\/www.umanitaria.it\/sassari\/wp-content\/uploads\/sites\/11\/2025\/09\/Chipaya-la-gente-de-agua-3-1024x771.jpg\" alt=\"\" class=\"wp-image-15170\" srcset=\"https:\/\/www.umanitaria.it\/sassari\/wp-content\/uploads\/sites\/11\/2025\/09\/Chipaya-la-gente-de-agua-3-1024x771.jpg 1024w, https:\/\/www.umanitaria.it\/sassari\/wp-content\/uploads\/sites\/11\/2025\/09\/Chipaya-la-gente-de-agua-3-300x226.jpg 300w, https:\/\/www.umanitaria.it\/sassari\/wp-content\/uploads\/sites\/11\/2025\/09\/Chipaya-la-gente-de-agua-3-768x578.jpg 768w, https:\/\/www.umanitaria.it\/sassari\/wp-content\/uploads\/sites\/11\/2025\/09\/Chipaya-la-gente-de-agua-3-1536x1157.jpg 1536w, https:\/\/www.umanitaria.it\/sassari\/wp-content\/uploads\/sites\/11\/2025\/09\/Chipaya-la-gente-de-agua-3.jpg 2048w\" sizes=\"auto, (max-width: 1024px) 100vw, 1024px\" \/><\/figure>\n\n\n\n<figure class=\"wp-block-image size-large\"><img loading=\"lazy\" decoding=\"async\" width=\"1024\" height=\"771\" data-id=\"15169\" src=\"https:\/\/www.umanitaria.it\/sassari\/wp-content\/uploads\/sites\/11\/2025\/09\/Chipaya-la-gente-de-agua-2-1024x771.jpg\" alt=\"\" class=\"wp-image-15169\" srcset=\"https:\/\/www.umanitaria.it\/sassari\/wp-content\/uploads\/sites\/11\/2025\/09\/Chipaya-la-gente-de-agua-2-1024x771.jpg 1024w, https:\/\/www.umanitaria.it\/sassari\/wp-content\/uploads\/sites\/11\/2025\/09\/Chipaya-la-gente-de-agua-2-300x226.jpg 300w, https:\/\/www.umanitaria.it\/sassari\/wp-content\/uploads\/sites\/11\/2025\/09\/Chipaya-la-gente-de-agua-2-768x578.jpg 768w, https:\/\/www.umanitaria.it\/sassari\/wp-content\/uploads\/sites\/11\/2025\/09\/Chipaya-la-gente-de-agua-2-1536x1157.jpg 1536w, https:\/\/www.umanitaria.it\/sassari\/wp-content\/uploads\/sites\/11\/2025\/09\/Chipaya-la-gente-de-agua-2.jpg 2048w\" sizes=\"auto, (max-width: 1024px) 100vw, 1024px\" \/><\/figure>\n\n\n\n<figure class=\"wp-block-image size-large\"><img loading=\"lazy\" decoding=\"async\" width=\"1024\" height=\"771\" data-id=\"15168\" src=\"https:\/\/www.umanitaria.it\/sassari\/wp-content\/uploads\/sites\/11\/2025\/09\/Chipaya-la-gente-de-agua-1-1024x771.jpg\" alt=\"\" class=\"wp-image-15168\" srcset=\"https:\/\/www.umanitaria.it\/sassari\/wp-content\/uploads\/sites\/11\/2025\/09\/Chipaya-la-gente-de-agua-1-1024x771.jpg 1024w, https:\/\/www.umanitaria.it\/sassari\/wp-content\/uploads\/sites\/11\/2025\/09\/Chipaya-la-gente-de-agua-1-300x226.jpg 300w, https:\/\/www.umanitaria.it\/sassari\/wp-content\/uploads\/sites\/11\/2025\/09\/Chipaya-la-gente-de-agua-1-768x578.jpg 768w, https:\/\/www.umanitaria.it\/sassari\/wp-content\/uploads\/sites\/11\/2025\/09\/Chipaya-la-gente-de-agua-1-1536x1157.jpg 1536w, https:\/\/www.umanitaria.it\/sassari\/wp-content\/uploads\/sites\/11\/2025\/09\/Chipaya-la-gente-de-agua-1.jpg 2048w\" sizes=\"auto, (max-width: 1024px) 100vw, 1024px\" \/><\/figure>\n\n\n\n<figure class=\"wp-block-image size-large\"><img loading=\"lazy\" decoding=\"async\" width=\"1024\" height=\"771\" data-id=\"15167\" src=\"https:\/\/www.umanitaria.it\/sassari\/wp-content\/uploads\/sites\/11\/2025\/09\/Chipaya-la-gente-de-agua-14-1024x771.jpg\" alt=\"\" class=\"wp-image-15167\" srcset=\"https:\/\/www.umanitaria.it\/sassari\/wp-content\/uploads\/sites\/11\/2025\/09\/Chipaya-la-gente-de-agua-14-1024x771.jpg 1024w, https:\/\/www.umanitaria.it\/sassari\/wp-content\/uploads\/sites\/11\/2025\/09\/Chipaya-la-gente-de-agua-14-300x226.jpg 300w, https:\/\/www.umanitaria.it\/sassari\/wp-content\/uploads\/sites\/11\/2025\/09\/Chipaya-la-gente-de-agua-14-768x578.jpg 768w, https:\/\/www.umanitaria.it\/sassari\/wp-content\/uploads\/sites\/11\/2025\/09\/Chipaya-la-gente-de-agua-14-1536x1157.jpg 1536w, https:\/\/www.umanitaria.it\/sassari\/wp-content\/uploads\/sites\/11\/2025\/09\/Chipaya-la-gente-de-agua-14.jpg 2048w\" sizes=\"auto, (max-width: 1024px) 100vw, 1024px\" \/><\/figure>\n<\/figure>\n\n\n\n<div style=\"height:30px\" aria-hidden=\"true\" class=\"wp-block-spacer\"><\/div>\n\n\n\n<div class=\"wp-block-file\"><a id=\"wp-block-file--media-b7f6b3d7-d7d4-46d4-8ecf-0aec7a05953d\" href=\"https:\/\/www.umanitaria.it\/sassari\/wp-content\/uploads\/sites\/11\/2025\/10\/Chipaya-la-gente-de-agua-3.jpg\">Locandina<\/a><\/div>\n","protected":false},"excerpt":{"rendered":"<p>Proiezione docufilm L\u2019uomo ha un ruolo fondamentale nel rispettare e difendere l\u2019ambiente da cui trae sostentamento. Dalle aspre lande dell\u2019altipiano boliviano fino alle assolate terre di Sardegna l\u2019acqua \u00e8 una risorsa primaria da usare bene e preservare.Il film Chipaya, la gente de agua, del sardo Miko Meloni, ha suscitato un vivace dibattito sul rinnovato compito &#8230; <a title=\"Chipaya, la gente de agua\" class=\"read-more\" href=\"https:\/\/www.umanitaria.it\/sassari\/proiezioni-docufilm\/chipaya-la-gente-de-agua\/\" aria-label=\"Per saperne di pi\u00f9 su Chipaya, la gente de agua\">Leggi tutto<\/a><\/p>\n","protected":false},"author":15,"featured_media":15394,"parent":14945,"menu_order":0,"comment_status":"closed","ping_status":"closed","template":"","meta":{"_acf_changed":false,"_seopress_robots_primary_cat":"","_seopress_titles_title":"","_seopress_titles_desc":"","_seopress_robots_index":"","inline_featured_image":false,"footnotes":""},"class_list":["post-14972","page","type-page","status-publish","has-post-thumbnail"],"acf":[],"_links":{"self":[{"href":"https:\/\/www.umanitaria.it\/sassari\/wp-json\/wp\/v2\/pages\/14972","targetHints":{"allow":["GET"]}}],"collection":[{"href":"https:\/\/www.umanitaria.it\/sassari\/wp-json\/wp\/v2\/pages"}],"about":[{"href":"https:\/\/www.umanitaria.it\/sassari\/wp-json\/wp\/v2\/types\/page"}],"author":[{"embeddable":true,"href":"https:\/\/www.umanitaria.it\/sassari\/wp-json\/wp\/v2\/users\/15"}],"replies":[{"embeddable":true,"href":"https:\/\/www.umanitaria.it\/sassari\/wp-json\/wp\/v2\/comments?post=14972"}],"version-history":[{"count":8,"href":"https:\/\/www.umanitaria.it\/sassari\/wp-json\/wp\/v2\/pages\/14972\/revisions"}],"predecessor-version":[{"id":15592,"href":"https:\/\/www.umanitaria.it\/sassari\/wp-json\/wp\/v2\/pages\/14972\/revisions\/15592"}],"up":[{"embeddable":true,"href":"https:\/\/www.umanitaria.it\/sassari\/wp-json\/wp\/v2\/pages\/14945"}],"wp:featuredmedia":[{"embeddable":true,"href":"https:\/\/www.umanitaria.it\/sassari\/wp-json\/wp\/v2\/media\/15394"}],"wp:attachment":[{"href":"https:\/\/www.umanitaria.it\/sassari\/wp-json\/wp\/v2\/media?parent=14972"}],"curies":[{"name":"wp","href":"https:\/\/api.w.org\/{rel}","templated":true}]}}