{"id":15316,"date":"2025-09-28T18:02:27","date_gmt":"2025-09-28T16:02:27","guid":{"rendered":"https:\/\/www.umanitaria.it\/sassari\/?page_id=15316"},"modified":"2025-10-08T16:41:05","modified_gmt":"2025-10-08T14:41:05","slug":"antonio-segni-e-i-giuspubblicisti-carteggio-sui-poteri-del-presidente-della-repubblica","status":"publish","type":"page","link":"https:\/\/www.umanitaria.it\/sassari\/convegni\/antonio-segni-e-i-giuspubblicisti-carteggio-sui-poteri-del-presidente-della-repubblica\/","title":{"rendered":"Antonio Segni e i giuspubblicisti. Carteggio sui poteri del Presidente della Repubblica"},"content":{"rendered":"\n<h3 class=\"wp-block-heading\"><strong><mark class=\"has-inline-color has-accent-color\">Convegno<\/mark><\/strong><\/h3>\n\n\n\n<p>La presentazione del volume &#8220;\ud835\udc00\ud835\udc27\ud835\udc2d\ud835\udc28\ud835\udc27\ud835\udc22\ud835\udc28 \ud835\udc12\ud835\udc1e\ud835\udc20\ud835\udc27\ud835\udc22 \ud835\udc1e \ud835\udc22 \ud835\udc20\ud835\udc22\ud835\udc2e\ud835\udc2c\ud835\udc29\ud835\udc2e\ud835\udc1b\ud835\udc1b\ud835\udc25\ud835\udc22\ud835\udc1c\ud835\udc22\ud835\udc2c\ud835\udc2d\ud835\udc22. \ud835\udc02\ud835\udc1a\ud835\udc2b\ud835\udc2d\ud835\udc1e\ud835\udc20\ud835\udc20\ud835\udc22\ud835\udc28 \ud835\udc2c\ud835\udc2e\ud835\udc22 \ud835\udc29\ud835\udc28\ud835\udc2d\ud835\udc1e\ud835\udc2b\ud835\udc22 \ud835\udc1d\ud835\udc1e\ud835\udc25 \ud835\udc0f\ud835\udc2b\ud835\udc1e\ud835\udc2c\ud835\udc22\ud835\udc1d\ud835\udc1e\ud835\udc27\ud835\udc2d\ud835\udc1e \ud835\udc1d\ud835\udc1e\ud835\udc25\ud835\udc25\ud835\udc1a \ud835\udc11\ud835\udc1e\ud835\udc29\ud835\udc2e\ud835\udc1b\ud835\udc1b\ud835\udc25\ud835\udc22\ud835\udc1c\ud835\udc1a&#8221;, a cura e con un saggio introduttivo di&nbsp;Salvatore Mura, docente di Storia contemporanea nel Dipartimento di Giurisprudenza dell&#8217;UNISS.<br>Il Laboratorio di Antropologia Visuale Fiorenzo Serra della Societ\u00e0 Umanitaria, che collabora con la Fondazione Antonio Segni, vi aspetta mercoled\u00ec 8 maggio alle ore 17.30 nell&#8217;Aula Magna dell&#8217;Universit\u00e0 di Sassari.<\/p>\n\n\n\n<div class=\"wp-block-file\"><a id=\"wp-block-file--media-a0b6269d-f5dc-46b3-b49c-f2c4f21e0b84\" href=\"https:\/\/www.umanitaria.it\/sassari\/wp-content\/uploads\/sites\/11\/2025\/10\/Antonio-Segni-e-i-giuspubblicisti-Carteggio-sui-poteri-del-Presidente-della-Repubblica.jpg\">Locandina<\/a><\/div>\n\n\n\n<p><\/p>\n","protected":false},"excerpt":{"rendered":"<p>Convegno La presentazione del volume &#8220;\ud835\udc00\ud835\udc27\ud835\udc2d\ud835\udc28\ud835\udc27\ud835\udc22\ud835\udc28 \ud835\udc12\ud835\udc1e\ud835\udc20\ud835\udc27\ud835\udc22 \ud835\udc1e \ud835\udc22 \ud835\udc20\ud835\udc22\ud835\udc2e\ud835\udc2c\ud835\udc29\ud835\udc2e\ud835\udc1b\ud835\udc1b\ud835\udc25\ud835\udc22\ud835\udc1c\ud835\udc22\ud835\udc2c\ud835\udc2d\ud835\udc22. \ud835\udc02\ud835\udc1a\ud835\udc2b\ud835\udc2d\ud835\udc1e\ud835\udc20\ud835\udc20\ud835\udc22\ud835\udc28 \ud835\udc2c\ud835\udc2e\ud835\udc22 \ud835\udc29\ud835\udc28\ud835\udc2d\ud835\udc1e\ud835\udc2b\ud835\udc22 \ud835\udc1d\ud835\udc1e\ud835\udc25 \ud835\udc0f\ud835\udc2b\ud835\udc1e\ud835\udc2c\ud835\udc22\ud835\udc1d\ud835\udc1e\ud835\udc27\ud835\udc2d\ud835\udc1e \ud835\udc1d\ud835\udc1e\ud835\udc25\ud835\udc25\ud835\udc1a \ud835\udc11\ud835\udc1e\ud835\udc29\ud835\udc2e\ud835\udc1b\ud835\udc1b\ud835\udc25\ud835\udc22\ud835\udc1c\ud835\udc1a&#8221;, a cura e con un saggio introduttivo di&nbsp;Salvatore Mura, docente di Storia contemporanea nel Dipartimento di Giurisprudenza dell&#8217;UNISS.Il Laboratorio di Antropologia Visuale Fiorenzo Serra della Societ\u00e0 Umanitaria, che collabora con la Fondazione Antonio Segni, vi aspetta mercoled\u00ec 8 &#8230; <a title=\"Antonio Segni e i giuspubblicisti. Carteggio sui poteri del Presidente della Repubblica\" class=\"read-more\" href=\"https:\/\/www.umanitaria.it\/sassari\/convegni\/antonio-segni-e-i-giuspubblicisti-carteggio-sui-poteri-del-presidente-della-repubblica\/\" aria-label=\"Per saperne di pi\u00f9 su Antonio Segni e i giuspubblicisti. Carteggio sui poteri del Presidente della Repubblica\">Leggi tutto<\/a><\/p>\n","protected":false},"author":15,"featured_media":15318,"parent":15305,"menu_order":0,"comment_status":"closed","ping_status":"closed","template":"","meta":{"_acf_changed":false,"_seopress_robots_primary_cat":"","_seopress_titles_title":"","_seopress_titles_desc":"","_seopress_robots_index":"","inline_featured_image":false,"footnotes":""},"class_list":["post-15316","page","type-page","status-publish","has-post-thumbnail"],"acf":[],"_links":{"self":[{"href":"https:\/\/www.umanitaria.it\/sassari\/wp-json\/wp\/v2\/pages\/15316","targetHints":{"allow":["GET"]}}],"collection":[{"href":"https:\/\/www.umanitaria.it\/sassari\/wp-json\/wp\/v2\/pages"}],"about":[{"href":"https:\/\/www.umanitaria.it\/sassari\/wp-json\/wp\/v2\/types\/page"}],"author":[{"embeddable":true,"href":"https:\/\/www.umanitaria.it\/sassari\/wp-json\/wp\/v2\/users\/15"}],"replies":[{"embeddable":true,"href":"https:\/\/www.umanitaria.it\/sassari\/wp-json\/wp\/v2\/comments?post=15316"}],"version-history":[{"count":8,"href":"https:\/\/www.umanitaria.it\/sassari\/wp-json\/wp\/v2\/pages\/15316\/revisions"}],"predecessor-version":[{"id":15509,"href":"https:\/\/www.umanitaria.it\/sassari\/wp-json\/wp\/v2\/pages\/15316\/revisions\/15509"}],"up":[{"embeddable":true,"href":"https:\/\/www.umanitaria.it\/sassari\/wp-json\/wp\/v2\/pages\/15305"}],"wp:featuredmedia":[{"embeddable":true,"href":"https:\/\/www.umanitaria.it\/sassari\/wp-json\/wp\/v2\/media\/15318"}],"wp:attachment":[{"href":"https:\/\/www.umanitaria.it\/sassari\/wp-json\/wp\/v2\/media?parent=15316"}],"curies":[{"name":"wp","href":"https:\/\/api.w.org\/{rel}","templated":true}]}}